{"id":28578,"date":"2022-02-11T11:46:54","date_gmt":"2022-02-11T10:46:54","guid":{"rendered":"https:\/\/museoverde.org\/cosa-facciamo\/"},"modified":"2022-06-02T12:53:01","modified_gmt":"2022-06-02T10:53:01","slug":"what-we-do","status":"publish","type":"page","link":"https:\/\/museoverde.org\/en\/what-we-do\/","title":{"rendered":"What we do"},"content":{"rendered":"<h2 style=\"\">Cosa facciamo<\/h2>\n<p style=\"\"><span style=\"font-size: 18px;\">Promuoviamo il binomio ambiente\/culture indigene come fattore di sviluppo sostenibile.<\/span><\/p>\n<p style=\"\"><span style=\"font-size: 18px;\">Costruiamo una rete di piccole infrastrutture museali ove raccogliere gli oggetti della memoria ancestrale<\/span>.<\/p>\n<h2 style=\"color: var(--tcb-skin-color-3)  !important; --tcb-applied-color:var$(--tcb-skin-color-3)  !important;\">Il Progetto Museo Verde<\/h2>\n<p style=\"\">Il Museo Verde \u00e8 nato con la finalit\u00e0 di conservare la memoria e le tradizioni dei popoli indigeni che dimorano nel Gran Chaco.Questa vasta regione \u00e8 depositaria di un patrimonio ricco e differenziato di risorse culturali: tessuti, sculture, dipinti, ceramiche, murales, tradizioni gastronomiche<\/p>\n<h2 style=\"\">Il Progetto si Propone di:<\/h2>\n<h4 style=\"\">Obiettivo 1<\/h4>\n<p style=\"\">Creare luoghi della memoria ancestrale dove gli indigeni possano conservare i loro artefatti e i visitatori ammirarli.<\/p>\n<h4 style=\"\">Obiettivo 2<\/h4>\n<p style=\"line-height: 1.75em !important;\">Valorizzare un complesso di beni materiali e immateriali tipici del Gran Chaco.<\/p>\n<h4 style=\"\">Obiettivo 3<\/h4>\n<p style=\"line-height: 1.75em !important;\">Creare alternative utili a trattenere i giovani dall\u2019abbandonare i luoghi e le pratiche della loro identit\u00e0.<\/p>\n<h4 style=\"\">Obiettivo 4<\/h4>\n<p style=\"line-height: 1.75em !important;\">Promuovere , a tal fine, progetti pilota utili per piccole attivit\u00e0 artigianali e artistiche sostenibili, produttori di reddito per le popolazioni originarie.<\/p>\n<p><span style=\"\"><img decoding=\"async\" alt=\"\" data-id=\"26504\" width=\"1160\" data-init-width=\"2048\" height=\"773\" data-init-height=\"1365\" title=\"81376725_10219096624903182_1577481053335977984_o\" src=\"https:\/\/museoverde.org\/wp-content\/uploads\/2022\/03\/81376725_10219096624903182_1577481053335977984_o.jpg\" data-width=\"1160\" data-height=\"773\" loading=\"lazy\" style=\"\" ml-d=\"0\" mt-d=\"-160\" center-v-d=\"false\" mt-t=\"0\" ml-m=\"-184\" center-h-m=\"false\"><\/span><\/p>\n<p>Per realizzare tali obiettivi il Museo Verde svolge un\u2019 azione per: sensibilizzare e coinvolgere ricercatori, Istituzioni Accademiche, Autorit\u00e0 Governative centrali, Associazioni e ONG, Organizzazioni internazionali Italiane e dei Paesi del Gran Chaco, imprenditori nonch\u00e9 le Comunit\u00e0 indigene interessate.Per la valorizzazione delle risorse del Gran Chaco si \u00e8 avviata una operazione di branding ovvero la creazione di intesa con le comunit\u00e0 indigene, di un logo che caratterizzi prodotti: artigianato, erbe mediche, prodotti alimentari o beni immateriali: teatro, musica, danza tipici della regione.<\/p>\n<h2 style=\"text-align: left;\">4 principali fattori di sviluppo:<\/h2>\n<h2 style=\"color: var(--tcb-skin-color-2)  !important; --tcb-applied-color:var$(--tcb-skin-color-2)  !important;\">Il Patto per il gran chaco<\/h2>\n<p style=\"color: var(--tcb-skin-color-2)  !important; --tcb-applied-color:var$(--tcb-skin-color-2)  !important;\">Cultura indigena e natura incontaminata sono un formidabile fattore di sviluppo sostenibile da un punto di vista socio ambientale ma anche economico.Sulla base di questo postulato, in occasione della PreCop 26, la conferenza Internazionale sui cambiamenti climatici, il Museo Verde ha lanciato il \u201cPatto per il Gran Chaco\u201d.<\/p>\n<h3 style=\"text-align: left;\">Cosa \u00e8 il \u201cPatto per il Gran Chaco\u201d?<\/h3>\n<p>Un programma al quale sono chiamate a partecipare organizzazioni internazionali, autorit\u00e0 governative, organizzazioni non governative, Universit\u00e0, centri di ricerca e imprese. Il Patto per il Gran Chaco si basa sul presupposto che questo territorio \u00e8 un immenso contenitore di risorse naturali e culturali, a rischio di distruzione, che vanno protette e valorizzate in quanto formidabili fattori di sviluppo.Vogliamo dimostrare che una gestione intelligente delle risorse naturali e culturali esistenti sul territorio, con un opportuno coinvolgimento delle comunit\u00e0 indigene, possono generare reddito in un contesto di sostenibilit\u00e0. Elaborando ed avviando progetti e proposte concrete utili a mettere in moto processi di sviluppo alternativi alla deforestazione, vogliamo sfuggire alla dicotomia conservazione-crescita: fermare la deforestazione favorendo l\u2019economia, invece di sacrificarla.Il programma, appunto, propone una terza via. La foresta possiede risorse naturali sufficienti per produrre ritorni economici senza esaurire il capitale insostituibile: gli alberi.<\/p>\n<p><span style=\"\"><img decoding=\"async\" alt=\"\" data-id=\"27785\" width=\"393\" data-init-width=\"713\" height=\"393\" data-init-height=\"713\" title=\"logo-gran-chaco-trasparente-sqare\" loading=\"lazy\" src=\"https:\/\/museoverde.org\/wp-content\/uploads\/2022\/03\/logo-gran-chaco-trasparente-sqare.png\" data-width=\"393\" data-height=\"393\" style=\"\" mt-d=\"-41\" center-v-d=\"false\" ml-d=\"0\"><\/span><\/p>\n<h1 style=\"\">ARTIGIANATO<\/h1>\n<p>Archi, frecce, arte plumaria, affreschi, pitture, tessitura di fibre vegetali.<\/p>\n<h1 style=\"\">LEGNAME PREGIATO e Design<\/h1>\n<p>Le foreste diminuiscono, aumenta il loro valore, conviene investire nella loro gestione. Logica economica ed esigenze ambientali possono essere contemperate.<\/p>\n<h1 style=\"\">I LUOGHI DELLA MEMORIA INDIGENA:<\/h1>\n<h1 style=\"\">I MUSEI VERDI<\/h1>\n<p>Sono stati realizzati fino ad ora 6 piccoli musei, in 6 comunit\u00e0 indigene, per conservare testimonianze di antichi costumi e tradizioni<\/p>\n<h1 style=\"\">ERBORISTICA<\/h1>\n<p>Nel sottobosco crescono 115 essenze medicinali. Gli indigeni le utilizzano per curare 35 malattie<\/p>\n<h1 style=\"\">ECOTURISMO<\/h1>\n<p>Si propone un itinerario di 7 delle 40 etnie del Gran Chaco alla scoperta di atmosfere, filosofie e modi di vivere<\/p>\n<h1 style=\"\">Dove Operiamo<\/h1>\n<p style=\"\">Il Museo Verde ha contatti con 7 comunit\u00e0 indigene in 4 Paesi:&nbsp;<\/p>\n<p style=\"\">Paraguay, Argentina, Bolivia e Brasile.<\/p>\n<p><span><img decoding=\"async\" alt=\"\" data-id=\"28042\" width=\"533\" data-init-width=\"1813\" height=\"752\" data-init-height=\"2560\" title=\"mappa_musei_verdi\" loading=\"lazy\" src=\"https:\/\/museoverde.org\/wp-content\/uploads\/2022\/04\/mappa_musei_verdi-scaled.jpg\" data-width=\"533\" data-height=\"752\"><\/span><\/p>\n<h4 style=\"\">Il Museo Verde ha contatti con 7 comunit\u00e0 indigene in 4 Paesi: Paraguay, Argentina, Bolivia e Brasile.<\/h4>\n<ul>\n<li style=\"\"><span style=\"\"><a href=\"https:\/\/museoverde.org\/en\/the-great-chaco\/le-popolazioni-originarie\/yshyr-chamacoco\/\" style=\"outline: none;\">Karcha Bahlut, etnia Ishir-Chamacoco (Paraguay)<\/a><\/span><\/li>\n<li style=\"\"><span style=\"\"><a href=\"https:\/\/museoverde.org\/en\/the-great-chaco\/le-popolazioni-originarie\/ayoreo\/\" style=\"outline: none;\">Carmelo Peralta, etnia Ayoreo (Paraguay)<\/a><\/span><\/li>\n<li style=\"\"><span style=\"\"><a href=\"https:\/\/museoverde.org\/en\/the-great-chaco\/le-popolazioni-originarie\/ache\/\" style=\"outline: none;\">Puerto Barra, etnia Ach\u00e9 (Paraguay)<\/a><\/span><\/li>\n<li style=\"\"><span style=\"\"><a href=\"https:\/\/museoverde.org\/en\/the-great-chaco\/le-popolazioni-originarie\/kadiweu\/\" style=\"outline: none;\">Porto Murtinho\/Alves de Barro, etnia Caduveo (Brasile)<\/a><\/span><\/li>\n<li style=\"\"><span style=\"\"><a href=\"https:\/\/museoverde.org\/en\/the-great-chaco\/le-popolazioni-originarie\/wichi\/\" style=\"outline: none;\">Nueva Pompeya, etnia Wich\u00ed (Argentina)<\/a><\/span><\/li>\n<li style=\"\"><span style=\"\"><a href=\"https:\/\/museoverde.org\/en\/the-great-chaco\/le-popolazioni-originarie\/qom\/\" style=\"outline: none;\">Fortin Lavalle, etnia Qom (Argentina)<\/a><\/span><\/li>\n<li style=\"\"><span style=\"\"><a href=\"https:\/\/museoverde.org\/en\/the-great-chaco\/le-popolazioni-originarie\/ava-guarani\/\" style=\"outline: none;\">Charagua, etnia Ava Guaran\u00ed (Bolivia).<\/a><\/span><\/li>\n<\/ul>\n","protected":false},"excerpt":{"rendered":"<p>Cosa facciamo Promuoviamo il binomio ambiente\/culture indigene come fattore di sviluppo sostenibile. Costruiamo una rete di piccole infrastrutture museali ove raccogliere gli oggetti della memoria ancestrale. Il Progetto Museo Verde Il Museo Verde \u00e8 nato con la finalit\u00e0 di conservare la memoria e le tradizioni dei popoli indigeni che dimorano nel Gran Chaco.Questa vasta regione [&hellip;]<\/p>\n","protected":false},"author":3,"featured_media":0,"parent":0,"menu_order":0,"comment_status":"closed","ping_status":"closed","template":"","meta":{"footnotes":""},"class_list":["post-28578","page","type-page","status-publish","hentry","post-wrapper","thrv_wrapper"],"_links":{"self":[{"href":"https:\/\/museoverde.org\/en\/wp-json\/wp\/v2\/pages\/28578","targetHints":{"allow":["GET"]}}],"collection":[{"href":"https:\/\/museoverde.org\/en\/wp-json\/wp\/v2\/pages"}],"about":[{"href":"https:\/\/museoverde.org\/en\/wp-json\/wp\/v2\/types\/page"}],"author":[{"embeddable":true,"href":"https:\/\/museoverde.org\/en\/wp-json\/wp\/v2\/users\/3"}],"replies":[{"embeddable":true,"href":"https:\/\/museoverde.org\/en\/wp-json\/wp\/v2\/comments?post=28578"}],"version-history":[{"count":28,"href":"https:\/\/museoverde.org\/en\/wp-json\/wp\/v2\/pages\/28578\/revisions"}],"predecessor-version":[{"id":29397,"href":"https:\/\/museoverde.org\/en\/wp-json\/wp\/v2\/pages\/28578\/revisions\/29397"}],"wp:attachment":[{"href":"https:\/\/museoverde.org\/en\/wp-json\/wp\/v2\/media?parent=28578"}],"curies":[{"name":"wp","href":"https:\/\/api.w.org\/{rel}","templated":true}]}}