{"id":28611,"date":"2022-02-14T11:00:49","date_gmt":"2022-02-14T10:00:49","guid":{"rendered":"https:\/\/museoverde.org\/gran-chaco\/le-popolazioni-originarie\/ache\/"},"modified":"2022-05-27T02:14:53","modified_gmt":"2022-05-27T00:14:53","slug":"ache","status":"publish","type":"page","link":"https:\/\/museoverde.org\/en\/the-great-chaco\/le-popolazioni-originarie\/ache\/","title":{"rendered":"Ach\u00e9"},"content":{"rendered":"<h3 style=\"\">THE ACH\u00c9 PEOPLE<\/h3>\n<p>These indigenous people call themselves Ach\u00e9, an expression that means &#8220;real person&#8221;. They attract attention because of the light colour of their complexion, eyes and beards, which differentiate them from the peoples of the eastern jungle. It has also been suggested that they descend from exotic peoples, such as the Vikings, the Japanese, and other Asian peoples. The Guarani tribe refers to Ach\u00e9 in a derogatory way as &#8216;Guayaki&#8217;, which literally means &#8216;forest rat&#8217;.They Ach\u00e9 live in the eastern region of Paraguay, more precisely in the Cordillera del Mbarakaj\u00fa, which divides the basins of the Paraguay River and Paran\u00e1 River, and other unspecified sylvan areas.There are several known groups of Ach\u00e9 with their own cultural and dialectal characteristics, which have not yet been systematically studied. According to the 3rd National Census for the Population and Housing Situation of Indigenous Peoples of 2012, there are approximately 2,000 Ach\u00e9.In the current settlements, the Ach\u00e9 use the colloquial &#8216;Guarani-Paraguayan&#8217;, but they still retain their Ach\u00e9 language, which includes a vast vocabulary of jungle-specific words that have no equivalent in any other idiom.The Ach\u00e9 vigorously resisted the whites and were therefore subjected to brutal persecution. In 1941, the scholar Miraglia wrote: \u201cFor the Paraguayan peasants of the east, killing an Ach\u00e9 is not only not a crime, but a worthy action, like hunting a jaguar&#8217;. Twenty years later the same Miraglia reported that the situation had worsened because &#8216;the Ach\u00e9, whose hunting grounds are progressively diminishing, driven by hunger, plunder maize and mandioca plantations and slaughter cattle for food&#8230; the slavers organise real hunting parties in search of them.\u201d The Ach\u00e9 have suffered repeated abuse from colonies, ranchers and large landowners. The ever-increasing need to escape these abuses probably led some Ach\u00e9 groups to adopt extreme practices such as the voluntary killing of individuals who were too old or sick and were a burden for the survival of the group. Populating a territory of twenty thousand square kilometres, they were confined to two reserves of just over 50 square kilometres. The Kuetuvy Ach\u00e9 were driven out of the Mbaracay\u00fa region in the 1970s, but managed to return in the 2000s.Before the Ach\u00e9 were forced into a reserve, they were nomadic, and many of their habits were based on high speed of movement, using temporary shelters as dwellings. They travelled in small groups, organised into politically independent communities that controlled their hunting grounds. The communities were based on kinship networks that shared food and shelter.Political power among the Ach\u00e9 was non-authoritarian and non-coercive. Their berugi chief was chosen for his ability to speak in public. Decisions were taken by consensus and if the leader was unable to meet the needs of his people, he allowed a successor to be chosen.In the reserves, the political situation was reversed and the younger men began to dominate the older men, who held political power in the forest, because the younger men adapted to the new customs, technologies and the Spanish language more quickly.The relationship between humans and animals is fundamental in the Ach\u00e9 worldview. So much so that their first names are formed from the name of an animal species, to which the suffix -gi is added. The naming process precedes birth and is carried out in the last months of pregnancy by the mother, who chooses the animal out of different types of game. Through the choice of the name of the hunted animal, a social relationship is created between the woman, her husband and the hunter who offered her the chosen meat.Meat is the basis of their diet and the men who procure it are respected for their hunting skills. Their bows are very strong and over two metres long, made of Pind\u00f2 palm wood. The women extract fibre from palm trees and collect fruit and insect larvae. They also look after the children and are responsible for moving the camp, which occurs almost daily. Food is prepared and shared equally among all group members.Polygamy is accepted by both sexes and abortion is allowed, but incest is prohibited.In the reserves, the Ach\u00e9 have developed a new way of life. For example, in the reserve of Chupa Pou, there have been a school, a medical clinic, a shop and a football pitch since 1989. Over time, the younger Ach\u00e9 have learned the technique of &#8220;slash and burn&#8221; farming and domestic animal breeding. In 1989, Chupa Pou was legally recognised as a reserve, and the community started to run a shop cooperatively. However, this has not changed their living conditions as they remain among the poorest people in Paraguay.<\/p>\n<p><span><img decoding=\"async\" alt=\"\" data-id=\"26909\" width=\"1440\" height=\"1054\" title=\"60733416_10217201227599434_4303826679660281856_o\" src=\"https:\/\/museoverde.org\/wp-content\/uploads\/2022\/03\/60733416_10217201227599434_4303826679660281856_o-1024x750.jpg\" data-src=\"https:\/\/museoverde.org\/wp-content\/uploads\/2022\/03\/60733416_10217201227599434_4303826679660281856_o-1024x750.jpg\" loading=\"lazy\" data-sizes=\"{&quot;thumbnail&quot;:{&quot;height&quot;:150,&quot;width&quot;:150,&quot;url&quot;:&quot;https:\/\/museoverde.org\/wp-content\/uploads\/2022\/03\/60733416_10217201227599434_4303826679660281856_o-150x150.jpg&quot;,&quot;orientation&quot;:&quot;landscape&quot;},&quot;medium&quot;:{&quot;height&quot;:220,&quot;width&quot;:300,&quot;url&quot;:&quot;https:\/\/museoverde.org\/wp-content\/uploads\/2022\/03\/60733416_10217201227599434_4303826679660281856_o-300x220.jpg&quot;,&quot;orientation&quot;:&quot;landscape&quot;},&quot;large&quot;:{&quot;height&quot;:750,&quot;width&quot;:1024,&quot;url&quot;:&quot;https:\/\/museoverde.org\/wp-content\/uploads\/2022\/03\/60733416_10217201227599434_4303826679660281856_o-1024x750.jpg&quot;,&quot;orientation&quot;:&quot;landscape&quot;},&quot;full&quot;:{&quot;url&quot;:&quot;https:\/\/museoverde.org\/wp-content\/uploads\/2022\/03\/60733416_10217201227599434_4303826679660281856_o.jpg&quot;,&quot;height&quot;:1054,&quot;width&quot;:1440,&quot;orientation&quot;:&quot;landscape&quot;}}\" style=\"\"><\/span><span><img decoding=\"async\" alt=\"\" data-id=\"26905\" width=\"2560\" height=\"1920\" title=\"20200515_112938_2\" src=\"https:\/\/museoverde.org\/wp-content\/uploads\/2022\/03\/20200515_112938_2-1024x768.jpg\" data-src=\"https:\/\/museoverde.org\/wp-content\/uploads\/2022\/03\/20200515_112938_2-1024x768.jpg\" loading=\"lazy\" data-sizes=\"{&quot;thumbnail&quot;:{&quot;height&quot;:150,&quot;width&quot;:150,&quot;url&quot;:&quot;https:\/\/museoverde.org\/wp-content\/uploads\/2022\/03\/20200515_112938_2-150x150.jpg&quot;,&quot;orientation&quot;:&quot;landscape&quot;},&quot;medium&quot;:{&quot;height&quot;:225,&quot;width&quot;:300,&quot;url&quot;:&quot;https:\/\/museoverde.org\/wp-content\/uploads\/2022\/03\/20200515_112938_2-300x225.jpg&quot;,&quot;orientation&quot;:&quot;landscape&quot;},&quot;large&quot;:{&quot;height&quot;:768,&quot;width&quot;:1024,&quot;url&quot;:&quot;https:\/\/museoverde.org\/wp-content\/uploads\/2022\/03\/20200515_112938_2-1024x768.jpg&quot;,&quot;orientation&quot;:&quot;landscape&quot;},&quot;full&quot;:{&quot;url&quot;:&quot;https:\/\/museoverde.org\/wp-content\/uploads\/2022\/03\/20200515_112938_2-scaled.jpg&quot;,&quot;height&quot;:1920,&quot;width&quot;:2560,&quot;orientation&quot;:&quot;landscape&quot;}}\" style=\"\"><\/span><span><img decoding=\"async\" alt=\"\" data-id=\"26901\" width=\"512\" height=\"354\" title=\"unspecified (2)\" src=\"https:\/\/museoverde.org\/wp-content\/uploads\/2022\/03\/unspecified-2.jpg\" data-src=\"https:\/\/museoverde.org\/wp-content\/uploads\/2022\/03\/unspecified-2.jpg\" loading=\"lazy\" data-sizes=\"{&quot;thumbnail&quot;:{&quot;height&quot;:150,&quot;width&quot;:150,&quot;url&quot;:&quot;https:\/\/museoverde.org\/wp-content\/uploads\/2022\/03\/unspecified-2-150x150.jpg&quot;,&quot;orientation&quot;:&quot;landscape&quot;},&quot;medium&quot;:{&quot;height&quot;:207,&quot;width&quot;:300,&quot;url&quot;:&quot;https:\/\/museoverde.org\/wp-content\/uploads\/2022\/03\/unspecified-2-300x207.jpg&quot;,&quot;orientation&quot;:&quot;landscape&quot;},&quot;full&quot;:{&quot;url&quot;:&quot;https:\/\/museoverde.org\/wp-content\/uploads\/2022\/03\/unspecified-2.jpg&quot;,&quot;height&quot;:354,&quot;width&quot;:512,&quot;orientation&quot;:&quot;landscape&quot;}}\" style=\"\"><\/span><span><img decoding=\"async\" alt=\"\" data-id=\"26897\" width=\"484\" height=\"542\" title=\"bambina ache\" src=\"https:\/\/museoverde.org\/wp-content\/uploads\/2022\/03\/bambina-ache.jpg\" data-src=\"https:\/\/museoverde.org\/wp-content\/uploads\/2022\/03\/bambina-ache.jpg\" loading=\"lazy\" data-sizes=\"{&quot;thumbnail&quot;:{&quot;height&quot;:150,&quot;width&quot;:150,&quot;url&quot;:&quot;https:\/\/museoverde.org\/wp-content\/uploads\/2022\/03\/bambina-ache-150x150.jpg&quot;,&quot;orientation&quot;:&quot;landscape&quot;},&quot;medium&quot;:{&quot;height&quot;:300,&quot;width&quot;:268,&quot;url&quot;:&quot;https:\/\/museoverde.org\/wp-content\/uploads\/2022\/03\/bambina-ache-268x300.jpg&quot;,&quot;orientation&quot;:&quot;portrait&quot;},&quot;full&quot;:{&quot;url&quot;:&quot;https:\/\/museoverde.org\/wp-content\/uploads\/2022\/03\/bambina-ache.jpg&quot;,&quot;height&quot;:542,&quot;width&quot;:484,&quot;orientation&quot;:&quot;portrait&quot;}}\" style=\"\"><\/span><span><img decoding=\"async\" alt=\"\" data-id=\"26893\" width=\"512\" height=\"341\" title=\"unspecified (7)\" src=\"https:\/\/museoverde.org\/wp-content\/uploads\/2022\/03\/unspecified-7.jpg\" data-src=\"https:\/\/museoverde.org\/wp-content\/uploads\/2022\/03\/unspecified-7.jpg\" loading=\"lazy\" data-sizes=\"{&quot;thumbnail&quot;:{&quot;height&quot;:150,&quot;width&quot;:150,&quot;url&quot;:&quot;https:\/\/museoverde.org\/wp-content\/uploads\/2022\/03\/unspecified-7-150x150.jpg&quot;,&quot;orientation&quot;:&quot;landscape&quot;},&quot;medium&quot;:{&quot;height&quot;:200,&quot;width&quot;:300,&quot;url&quot;:&quot;https:\/\/museoverde.org\/wp-content\/uploads\/2022\/03\/unspecified-7-300x200.jpg&quot;,&quot;orientation&quot;:&quot;landscape&quot;},&quot;full&quot;:{&quot;url&quot;:&quot;https:\/\/museoverde.org\/wp-content\/uploads\/2022\/03\/unspecified-7.jpg&quot;,&quot;height&quot;:341,&quot;width&quot;:512,&quot;orientation&quot;:&quot;landscape&quot;}}\" style=\"\"><\/span><span><img decoding=\"async\" alt=\"\" data-id=\"26889\" width=\"512\" height=\"342\" title=\"unspecified (6)\" src=\"https:\/\/museoverde.org\/wp-content\/uploads\/2022\/03\/unspecified-6.jpg\" data-src=\"https:\/\/museoverde.org\/wp-content\/uploads\/2022\/03\/unspecified-6.jpg\" loading=\"lazy\" data-sizes=\"{&quot;thumbnail&quot;:{&quot;height&quot;:150,&quot;width&quot;:150,&quot;url&quot;:&quot;https:\/\/museoverde.org\/wp-content\/uploads\/2022\/03\/unspecified-6-150x150.jpg&quot;,&quot;orientation&quot;:&quot;landscape&quot;},&quot;medium&quot;:{&quot;height&quot;:200,&quot;width&quot;:300,&quot;url&quot;:&quot;https:\/\/museoverde.org\/wp-content\/uploads\/2022\/03\/unspecified-6-300x200.jpg&quot;,&quot;orientation&quot;:&quot;landscape&quot;},&quot;full&quot;:{&quot;url&quot;:&quot;https:\/\/museoverde.org\/wp-content\/uploads\/2022\/03\/unspecified-6.jpg&quot;,&quot;height&quot;:342,&quot;width&quot;:512,&quot;orientation&quot;:&quot;landscape&quot;}}\" style=\"\"><\/span><\/p>\n","protected":false},"excerpt":{"rendered":"<p>THE ACH\u00c9 PEOPLE These indigenous people call themselves Ach\u00e9, an expression that means &#8220;real person&#8221;. They attract attention because of the light colour of their complexion, eyes and beards, which differentiate them from the peoples of the eastern jungle. It has also been suggested that they descend from exotic peoples, such as the Vikings, the [&hellip;]<\/p>\n","protected":false},"author":3,"featured_media":0,"parent":28599,"menu_order":0,"comment_status":"closed","ping_status":"closed","template":"","meta":{"footnotes":""},"class_list":["post-28611","page","type-page","status-publish","hentry","post-wrapper","thrv_wrapper"],"_links":{"self":[{"href":"https:\/\/museoverde.org\/en\/wp-json\/wp\/v2\/pages\/28611","targetHints":{"allow":["GET"]}}],"collection":[{"href":"https:\/\/museoverde.org\/en\/wp-json\/wp\/v2\/pages"}],"about":[{"href":"https:\/\/museoverde.org\/en\/wp-json\/wp\/v2\/types\/page"}],"author":[{"embeddable":true,"href":"https:\/\/museoverde.org\/en\/wp-json\/wp\/v2\/users\/3"}],"replies":[{"embeddable":true,"href":"https:\/\/museoverde.org\/en\/wp-json\/wp\/v2\/comments?post=28611"}],"version-history":[{"count":1,"href":"https:\/\/museoverde.org\/en\/wp-json\/wp\/v2\/pages\/28611\/revisions"}],"predecessor-version":[{"id":29032,"href":"https:\/\/museoverde.org\/en\/wp-json\/wp\/v2\/pages\/28611\/revisions\/29032"}],"up":[{"embeddable":true,"href":"https:\/\/museoverde.org\/en\/wp-json\/wp\/v2\/pages\/28599"}],"wp:attachment":[{"href":"https:\/\/museoverde.org\/en\/wp-json\/wp\/v2\/media?parent=28611"}],"curies":[{"name":"wp","href":"https:\/\/api.w.org\/{rel}","templated":true}]}}