{"id":30097,"date":"2024-06-25T14:46:09","date_gmt":"2024-06-25T12:46:09","guid":{"rendered":"https:\/\/museoverde.org\/the-great-chaco\/le-popolazioni-originarie\/nivacle\/"},"modified":"2024-06-25T14:46:09","modified_gmt":"2024-06-25T12:46:09","slug":"nivacle","status":"publish","type":"page","link":"https:\/\/museoverde.org\/en\/the-great-chaco\/le-popolazioni-originarie\/nivacle\/","title":{"rendered":"Nivacl\u00e9"},"content":{"rendered":"<h3 style=\"\">Nivacl\u00e9<\/h3>\n<p>They belong to the <em>Mataco <\/em> linguistic family and are also known by the names <em>Chulupi <\/em>o <em>Ashlushlai<\/em>. Their natural habitat was in the area between the Bermejo river and the Pilcomayo in the Argentine Chaco. Today their territory also extends into the triangle between Pedro P. Pe\u00f1a, Mariscal Estigarribia up to Pilcomayo and the G.Ra\u00fcl D\u00edaz area. It is estimated that the Nivacl\u00e8 population reaches 14,000 people. According to the Nivacl\u00e8 the world was not created, it has always existed. At the beginning everything was confused and chaotic in the darkness. The first men could not see each other, nor the stars. The light appeared. Fitz\u00f6k\u00f6jic, a cultural hero, came to bring order in chaos, create culture and rules of social relations. There were only men. Fitz\u00f6k\u00f6jic told them to sleep and dream and brought the women. Fitz\u00f6k\u00f6jic taught them to cultivate the fields, gave the men seeds and told them that they had to work to earn their food. He gave them, for example, corn and pumpkin. He taught everything, even dancing, which the men practiced every day. Traditionally they derived subsistence not only from agriculture, but also from fruit picking, goat breeding, hunting and fishing. The c&#8217;ayoich&#8217;e is a fishing technique still in use today, with which the fisherman, wading and swimming, uses a net tied to two poles that close like an inverted pair of scissors. Marriage is normally monogamous except for leaders and shamans (toyet) who practice polygamy. The man takes care of the sowing, the woman takes care of the harvest. The woman collects the plants, the man the honey. Shamans exercise their healing abilities, after drinking an infusion of herbs, with prayers and songs, putting themselves in communication with the afterlife. For young males an initiation ceremony was practiced so that they could drink the honey chicha, among abundant libations and dances. For girls the initiation party continues <em>varaasnat<\/em>. On the first full moon following the first menstruation, a ritual bath was performed. In the second full moon an asado. The third was the main celebration with various dances. The girl receives her &#8220;auxiliary spirit&#8221;, which puts her in communication with Fitz\u00f6k\u00f6jic, externalized with body painting made by female shamans. In the traditional funeral rite a burning stone was inserted into the body of the deceased who was placed in a fiery tomb. Shamans cured various diseases. Each had its special skill. One consisted of recovering and repositioning a lost soul, curing an individual malaise or even a community imbalance. The shaman also takes care of events that affect the entire community, such as drought. <strong>Craftsmanship <\/strong> These ponchos of woven wool are characteristic, which can replace the traditional ones made with animal skins. In the same way, the belts and partly the bags, previously made with caraguata fiber, have been replaced by similar wool artifacts. In manufacturing they use the typical Arawak vertical loom, made up of two vertical poles driven into the ground on which those supporting the fabric are crossed. The decorative motifs represent stripes, squares and lists. The colors are raw wool for the background and different dark tones for the decorations. In other cases, the intense red for the background with white decoration. The Nivacl\u00e8 have developed a certain degree of specialization in the creation of zoomorphic sculptures in palo santo wood. To transport water they used to use small ceramic canteens, with necks narrow and provided with small handles through which a caraguata rope passed for transport, decorated with stylized designs with anthropomorphic and ornithomorphic reminiscences <strong>Museo Verde<\/strong>.The realization of a \u201cleggero museum\u201d is under evaluation at the Nivacl\u00e8 Language Academy in the Paraguayan city of Filadelphia.<\/p>\n<p><span><img decoding=\"async\" alt=\"\" data-id=\"29669\" width=\"1129\" height=\"1600\" title=\"WhatsApp Image 2023-01-10 at 16.55.56\" src=\"https:\/\/museoverde.org\/wp-content\/uploads\/2023\/01\/WhatsApp-Image-2023-01-10-at-16.55.56-212x300.jpeg\" data-src=\"https:\/\/museoverde.org\/wp-content\/uploads\/2023\/01\/WhatsApp-Image-2023-01-10-at-16.55.56-212x300.jpeg\" loading=\"lazy\" data-sizes=\"{\"thumbnail\":{\"height\":150,\"width\":150,\"url\":\"https:\/\/museoverde.org\/wp-content\/uploads\/2023\/01\/WhatsApp-Image-2023-01-10-at-16.55.56-150x150.jpeg\",\"orientation\":\"landscape\"},\"medium\":{\"height\":300,\"width\":212,\"url\":\"https:\/\/museoverde.org\/wp-content\/uploads\/2023\/01\/WhatsApp-Image-2023-01-10-at-16.55.56-212x300.jpeg\",\"orientation\":\"portrait\"},\"large\":{\"height\":1024,\"width\":723,\"url\":\"https:\/\/museoverde.org\/wp-content\/uploads\/2023\/01\/WhatsApp-Image-2023-01-10-at-16.55.56-723x1024.jpeg\",\"orientation\":\"portrait\"},\"full\":{\"url\":\"https:\/\/museoverde.org\/wp-content\/uploads\/2023\/01\/WhatsApp-Image-2023-01-10-at-16.55.56.jpeg\",\"height\":1600,\"width\":1129,\"orientation\":\"portrait\"}}\" style=\"\"><\/span><span><img decoding=\"async\" alt=\"\" data-id=\"29665\" width=\"1600\" height=\"1066\" title=\"WhatsApp Image 2023-01-10 at 16.55.55\" src=\"https:\/\/museoverde.org\/wp-content\/uploads\/2023\/01\/WhatsApp-Image-2023-01-10-at-16.55.55-300x200.jpeg\" data-src=\"https:\/\/museoverde.org\/wp-content\/uploads\/2023\/01\/WhatsApp-Image-2023-01-10-at-16.55.55-300x200.jpeg\" loading=\"lazy\" data-sizes=\"{\"thumbnail\":{\"height\":150,\"width\":150,\"url\":\"https:\/\/museoverde.org\/wp-content\/uploads\/2023\/01\/WhatsApp-Image-2023-01-10-at-16.55.55-150x150.jpeg\",\"orientation\":\"landscape\"},\"medium\":{\"height\":200,\"width\":300,\"url\":\"https:\/\/museoverde.org\/wp-content\/uploads\/2023\/01\/WhatsApp-Image-2023-01-10-at-16.55.55-300x200.jpeg\",\"orientation\":\"landscape\"},\"large\":{\"height\":682,\"width\":1024,\"url\":\"https:\/\/museoverde.org\/wp-content\/uploads\/2023\/01\/WhatsApp-Image-2023-01-10-at-16.55.55-1024x682.jpeg\",\"orientation\":\"landscape\"},\"full\":{\"url\":\"https:\/\/museoverde.org\/wp-content\/uploads\/2023\/01\/WhatsApp-Image-2023-01-10-at-16.55.55.jpeg\",\"height\":1066,\"width\":1600,\"orientation\":\"landscape\"}}\" style=\"\"><\/span><span><img decoding=\"async\" alt=\"\" data-id=\"29661\" width=\"1600\" height=\"1066\" title=\"WhatsApp Image 2023-01-10 at 16.55.50\" src=\"https:\/\/museoverde.org\/wp-content\/uploads\/2023\/01\/WhatsApp-Image-2023-01-10-at-16.55.50-300x200.jpeg\" data-src=\"https:\/\/museoverde.org\/wp-content\/uploads\/2023\/01\/WhatsApp-Image-2023-01-10-at-16.55.50-300x200.jpeg\" loading=\"lazy\" data-sizes=\"{\"thumbnail\":{\"height\":150,\"width\":150,\"url\":\"https:\/\/museoverde.org\/wp-content\/uploads\/2023\/01\/WhatsApp-Image-2023-01-10-at-16.55.50-150x150.jpeg\",\"orientation\":\"landscape\"},\"medium\":{\"height\":200,\"width\":300,\"url\":\"https:\/\/museoverde.org\/wp-content\/uploads\/2023\/01\/WhatsApp-Image-2023-01-10-at-16.55.50-300x200.jpeg\",\"orientation\":\"landscape\"},\"large\":{\"height\":682,\"width\":1024,\"url\":\"https:\/\/museoverde.org\/wp-content\/uploads\/2023\/01\/WhatsApp-Image-2023-01-10-at-16.55.50-1024x682.jpeg\",\"orientation\":\"landscape\"},\"full\":{\"url\":\"https:\/\/museoverde.org\/wp-content\/uploads\/2023\/01\/WhatsApp-Image-2023-01-10-at-16.55.50.jpeg\",\"height\":1066,\"width\":1600,\"orientation\":\"landscape\"}}\" style=\"\"><\/span><span><img decoding=\"async\" alt=\"\" data-id=\"29653\" width=\"1600\" height=\"1094\" title=\"WhatsApp Image 2023-01-10 at 16.55.56 (1)\" src=\"https:\/\/museoverde.org\/wp-content\/uploads\/2023\/01\/WhatsApp-Image-2023-01-10-at-16.55.56-1-300x205.jpeg\" data-src=\"https:\/\/museoverde.org\/wp-content\/uploads\/2023\/01\/WhatsApp-Image-2023-01-10-at-16.55.56-1-300x205.jpeg\" loading=\"lazy\" data-sizes=\"{\"thumbnail\":{\"height\":150,\"width\":150,\"url\":\"https:\/\/museoverde.org\/wp-content\/uploads\/2023\/01\/WhatsApp-Image-2023-01-10-at-16.55.56-1-150x150.jpeg\",\"orientation\":\"landscape\"},\"medium\":{\"height\":205,\"width\":300,\"url\":\"https:\/\/museoverde.org\/wp-content\/uploads\/2023\/01\/WhatsApp-Image-2023-01-10-at-16.55.56-1-300x205.jpeg\",\"orientation\":\"landscape\"},\"large\":{\"height\":700,\"width\":1024,\"url\":\"https:\/\/museoverde.org\/wp-content\/uploads\/2023\/01\/WhatsApp-Image-2023-01-10-at-16.55.56-1-1024x700.jpeg\",\"orientation\":\"landscape\"},\"full\":{\"url\":\"https:\/\/museoverde.org\/wp-content\/uploads\/2023\/01\/WhatsApp-Image-2023-01-10-at-16.55.56-1.jpeg\",\"height\":1094,\"width\":1600,\"orientation\":\"landscape\"}}\" style=\"\"><\/span><span><img decoding=\"async\" alt=\"\" data-id=\"29657\" width=\"1600\" height=\"1154\" title=\"WhatsApp Image 2023-01-10 at 16.55.47\" src=\"https:\/\/museoverde.org\/wp-content\/uploads\/2023\/01\/WhatsApp-Image-2023-01-10-at-16.55.47-300x216.jpeg\" data-src=\"https:\/\/museoverde.org\/wp-content\/uploads\/2023\/01\/WhatsApp-Image-2023-01-10-at-16.55.47-300x216.jpeg\" loading=\"lazy\" data-sizes=\"{\"thumbnail\":{\"height\":150,\"width\":150,\"url\":\"https:\/\/museoverde.org\/wp-content\/uploads\/2023\/01\/WhatsApp-Image-2023-01-10-at-16.55.47-150x150.jpeg\",\"orientation\":\"landscape\"},\"medium\":{\"height\":216,\"width\":300,\"url\":\"https:\/\/museoverde.org\/wp-content\/uploads\/2023\/01\/WhatsApp-Image-2023-01-10-at-16.55.47-300x216.jpeg\",\"orientation\":\"landscape\"},\"large\":{\"height\":739,\"width\":1024,\"url\":\"https:\/\/museoverde.org\/wp-content\/uploads\/2023\/01\/WhatsApp-Image-2023-01-10-at-16.55.47-1024x739.jpeg\",\"orientation\":\"landscape\"},\"full\":{\"url\":\"https:\/\/museoverde.org\/wp-content\/uploads\/2023\/01\/WhatsApp-Image-2023-01-10-at-16.55.47.jpeg\",\"height\":1154,\"width\":1600,\"orientation\":\"landscape\"}}\" style=\"\"><\/span><span><img decoding=\"async\" alt=\"Copertina\" data-id=\"29560\" width=\"1129\" height=\"1600\" title=\"niclave\" src=\"https:\/\/museoverde.org\/wp-content\/uploads\/2022\/12\/niclave-212x300.jpeg\" data-src=\"https:\/\/museoverde.org\/wp-content\/uploads\/2022\/12\/niclave-212x300.jpeg\" loading=\"lazy\" data-sizes=\"{\"thumbnail\":{\"height\":150,\"width\":150,\"url\":\"https:\/\/museoverde.org\/wp-content\/uploads\/2022\/12\/niclave-150x150.jpeg\",\"orientation\":\"landscape\"},\"medium\":{\"height\":300,\"width\":212,\"url\":\"https:\/\/museoverde.org\/wp-content\/uploads\/2022\/12\/niclave-212x300.jpeg\",\"orientation\":\"portrait\"},\"large\":{\"height\":1024,\"width\":723,\"url\":\"https:\/\/museoverde.org\/wp-content\/uploads\/2022\/12\/niclave-723x1024.jpeg\",\"orientation\":\"portrait\"},\"full\":{\"url\":\"https:\/\/museoverde.org\/wp-content\/uploads\/2022\/12\/niclave.jpeg\",\"height\":1600,\"width\":1129,\"orientation\":\"portrait\"}}\" style=\"\"><\/span><span><img decoding=\"async\" alt=\"\" data-id=\"29572\" width=\"1129\" height=\"1084\" title=\"b9a00948-f17f-4168-826b-10d2fe4da9b5 2\" src=\"https:\/\/museoverde.org\/wp-content\/uploads\/2022\/12\/b9a00948-f17f-4168-826b-10d2fe4da9b5-2-300x288.jpg\" data-src=\"https:\/\/museoverde.org\/wp-content\/uploads\/2022\/12\/b9a00948-f17f-4168-826b-10d2fe4da9b5-2-300x288.jpg\" loading=\"lazy\" data-sizes=\"{\"thumbnail\":{\"height\":150,\"width\":150,\"url\":\"https:\/\/museoverde.org\/wp-content\/uploads\/2022\/12\/b9a00948-f17f-4168-826b-10d2fe4da9b5-2-150x150.jpg\",\"orientation\":\"landscape\"},\"medium\":{\"height\":288,\"width\":300,\"url\":\"https:\/\/museoverde.org\/wp-content\/uploads\/2022\/12\/b9a00948-f17f-4168-826b-10d2fe4da9b5-2-300x288.jpg\",\"orientation\":\"landscape\"},\"large\":{\"height\":983,\"width\":1024,\"url\":\"https:\/\/museoverde.org\/wp-content\/uploads\/2022\/12\/b9a00948-f17f-4168-826b-10d2fe4da9b5-2-1024x983.jpg\",\"orientation\":\"landscape\"},\"full\":{\"url\":\"https:\/\/museoverde.org\/wp-content\/uploads\/2022\/12\/b9a00948-f17f-4168-826b-10d2fe4da9b5-2.jpg\",\"height\":1084,\"width\":1129,\"orientation\":\"landscape\"}}\" style=\"\"><\/span><span><img decoding=\"async\" alt=\"\" data-id=\"29843\" width=\"1631\" height=\"1791\" title=\"P1112273\" src=\"https:\/\/museoverde.org\/wp-content\/uploads\/2023\/10\/P1112273-273x300.jpg\" data-src=\"https:\/\/museoverde.org\/wp-content\/uploads\/2023\/10\/P1112273-273x300.jpg\" loading=\"lazy\" data-sizes=\"{\"thumbnail\":{\"height\":150,\"width\":150,\"url\":\"https:\/\/museoverde.org\/wp-content\/uploads\/2023\/10\/P1112273-150x150.jpg\",\"orientation\":\"landscape\"},\"medium\":{\"height\":300,\"width\":273,\"url\":\"https:\/\/museoverde.org\/wp-content\/uploads\/2023\/10\/P1112273-273x300.jpg\",\"orientation\":\"portrait\"},\"large\":{\"height\":1024,\"width\":933,\"url\":\"https:\/\/museoverde.org\/wp-content\/uploads\/2023\/10\/P1112273-933x1024.jpg\",\"orientation\":\"portrait\"},\"full\":{\"url\":\"https:\/\/museoverde.org\/wp-content\/uploads\/2023\/10\/P1112273.jpg\",\"height\":1791,\"width\":1631,\"orientation\":\"portrait\"}}\" style=\"\"><\/span><\/p>\n","protected":false},"excerpt":{"rendered":"<p>Nivacl\u00e9 They belong to the Mataco linguistic family and are also known by the names Chulupi o Ashlushlai. Their natural habitat was in the area between the Bermejo river and the Pilcomayo in the Argentine Chaco. Today their territory also extends into the triangle between Pedro P. Pe\u00f1a, Mariscal Estigarribia up to Pilcomayo and the [&hellip;]<\/p>\n","protected":false},"author":4,"featured_media":0,"parent":28599,"menu_order":0,"comment_status":"closed","ping_status":"closed","template":"","meta":{"footnotes":""},"class_list":["post-30097","page","type-page","status-publish","hentry","post-wrapper","thrv_wrapper"],"_links":{"self":[{"href":"https:\/\/museoverde.org\/en\/wp-json\/wp\/v2\/pages\/30097","targetHints":{"allow":["GET"]}}],"collection":[{"href":"https:\/\/museoverde.org\/en\/wp-json\/wp\/v2\/pages"}],"about":[{"href":"https:\/\/museoverde.org\/en\/wp-json\/wp\/v2\/types\/page"}],"author":[{"embeddable":true,"href":"https:\/\/museoverde.org\/en\/wp-json\/wp\/v2\/users\/4"}],"replies":[{"embeddable":true,"href":"https:\/\/museoverde.org\/en\/wp-json\/wp\/v2\/comments?post=30097"}],"version-history":[{"count":0,"href":"https:\/\/museoverde.org\/en\/wp-json\/wp\/v2\/pages\/30097\/revisions"}],"up":[{"embeddable":true,"href":"https:\/\/museoverde.org\/en\/wp-json\/wp\/v2\/pages\/28599"}],"wp:attachment":[{"href":"https:\/\/museoverde.org\/en\/wp-json\/wp\/v2\/media?parent=30097"}],"curies":[{"name":"wp","href":"https:\/\/api.w.org\/{rel}","templated":true}]}}