{"id":28598,"date":"2022-02-16T09:54:11","date_gmt":"2022-02-16T08:54:11","guid":{"rendered":"https:\/\/museoverde.org\/gran-chaco\/il-territorio\/"},"modified":"2022-05-14T07:21:35","modified_gmt":"2022-05-14T05:21:35","slug":"il-territorio","status":"publish","type":"page","link":"https:\/\/museoverde.org\/es\/el-gran-chaco\/il-territorio\/","title":{"rendered":"Il Territorio"},"content":{"rendered":"<h1 style=\"text-align: center;\">EL TERRITORIO DEL GRAN CHACO<\/h1>\n<h1 style=\"\">Territorio<\/h1>\n<p>En el coraz\u00f3n de Am\u00e9rica Latina, entre Paraguay, Bolivia, Argentina y Brasil, entre el Paran\u00e1 y la meseta andina se extiende una llanura de un mill\u00f3n 300 mil kil\u00f3metros cuadrados. ES EL GRAN CHACO. Caracterizada por la presencia de grandes selvas v\u00edrgenes, reservorio de biodiversidad y recursos naturales, es la mayor zona boscosa de Sudam\u00e9rica despu\u00e9s de la Amazonia. Es un reservorio de extraordinaria biodiversidad: 3.400 especies bot\u00e1nicas, 500 especies de aves, 120 reptiles, 100 anfibios y 150 mam\u00edferos, entre los que destacan el armadillo gigante, el oso hormiguero, el jaguar y el tapir. La segunda masa forestal m\u00e1s grande de Am\u00e9rica, que almacena decenas de millones de toneladas de di\u00f3xido de carbono. Una multitud de comunidades ind\u00edgenas fuertemente apegadas a las tradiciones, las t\u00e9cnicas artesanales y el conocimiento del mundo natural: 25 grupos \u00e9tnicos, 10 grupos ling\u00fc\u00edsticos. Un mosaico de culturas, diferenciadas pero con caracter\u00edsticas comunes.<\/p>\n<p>&nbsp;El clima var\u00eda de \u00e1rido a semi\u00e1rido y de h\u00famedo a tropical seg\u00fan la regi\u00f3n, pero en general se caracteriza por el elevado calor y las grandes oscilaciones de temperatura, tanto del d\u00eda a la noche como a lo largo del a\u00f1o&#8230; El agua dulce es escasa; las aguas subterr\u00e1neas suelen ser salobres. La vegetaci\u00f3n es variada: los bosques con palmeras se alternan con bosques xer\u00f3filos y sabanas. La ganader\u00eda se ha desarrollado principalmente en la regi\u00f3n oriental. La principal fuente de riqueza es la madera de quebracho, utilizada para fabricar traviesas de ferrocarril o carb\u00f3n. La agricultura s\u00f3lo progresa en las regiones de Paraguay y Paran\u00e1.<\/p>\n<p><span><img decoding=\"async\" alt=\"\" data-id=\"27589\" width=\"352\" data-init-width=\"1511\" height=\"469\" data-init-height=\"2015\" title=\"73285358_10218529049794159_1309036668098969600_o\" loading=\"lazy\" src=\"https:\/\/museoverde.org\/wp-content\/uploads\/2022\/03\/73285358_10218529049794159_1309036668098969600_o.jpg\" data-width=\"352\" data-height=\"469\" style=\"\"><\/span><span><img decoding=\"async\" alt=\"\" data-id=\"27593\" width=\"1080\" data-init-width=\"1600\" height=\"722\" data-init-height=\"1069\" title=\"93226488_10220056723345043_9013506147927195648_o\" loading=\"lazy\" src=\"https:\/\/museoverde.org\/wp-content\/uploads\/2022\/03\/93226488_10220056723345043_9013506147927195648_o.jpg\" data-width=\"1080\" data-height=\"722\"><\/span><span><img decoding=\"async\" alt=\"\" data-id=\"27598\" width=\"350\" data-init-width=\"2560\" height=\"234\" data-init-height=\"1709\" title=\"DSC_4297\" loading=\"lazy\" src=\"https:\/\/museoverde.org\/wp-content\/uploads\/2022\/03\/DSC_4297-scaled.jpg\" data-width=\"350\" data-height=\"234\"><\/span><\/p>\n<p>La regi\u00f3n est\u00e1 dividida pol\u00edticamente entre Argentina (Chaco Sur y Central), Bolivia y Paraguay. El Gran Chaco fue un territorio disputado desde 1810, cuando Paraguay comenz\u00f3 a expulsar a las poblaciones nativas y a establecer asentamientos en \u00e9l. El territorio fue disputado entre Bolivia y Paraguay hasta la Guerra del Chaco (1932-1935). La verdadera causa de la guerra fue probablemente la sospecha del petr\u00f3leo. En 1936 se alcanz\u00f3 un primer acuerdo con el Protocolo de Buenos Aires. Posteriormente se firm\u00f3 la paz en 1938, garantizando a Paraguay tres cuartas partes del Chaco Boreal y a Bolivia un corredor hasta el r\u00edo Paraguay.<\/p>\n<p>En 1995 se cre\u00f3 el Kaa Iya del Parque Nacional del Gran Chaco en una zona del Chaco boliviano. Est\u00e1 administrado \u00fanicamente por pueblos ind\u00edgenas, entre ellos los izoce\u00f1os guaran\u00edes, los ayoreode y los chiquitanos.Este territorio, tres veces y media el tama\u00f1o de Italia, tiene una de las densidades de poblaci\u00f3n m\u00e1s bajas del planeta. Hay relativamente pocos asentamientos humanos: unos pocos centros urbanos y una mir\u00edada de comunidades ind\u00edgenas pertenecientes a 40 grupos \u00e9tnicos y 10 grupos ling\u00fc\u00edsticos completamente diferentes, que son los custodios de un vasto patrimonio cultural, artesanal y de tradiciones ancestrales, que en su mayor\u00eda son poco o nada conocidos y valorados.En la actualidad, los pueblos ind\u00edgenas, que son un conjunto de sociedades cuya econom\u00eda se basa principalmente en la caza, la pesca y la recolecci\u00f3n, y s\u00f3lo subsidiariamente en la agricultura, han desaparecido en parte, y sus formas de existencia han sido modificadas por un implacable proceso de aculturaci\u00f3n seg\u00fan el modelo occidental. El ecosistema del Gran Chaco es \u00fanico y est\u00e1 siendo destruido lentamente por la colonizaci\u00f3n mediante la introducci\u00f3n de la agricultura extensiva, los incendios y las decisiones agr\u00edcolas irresponsables.El nombre deriva probablemente de la palabra quechua Chaku.Hay dos interpretaciones posibles: -territorio de caza o -uni\u00f3n, compa\u00f1\u00eda (los ind\u00edgenas procedentes de varias regiones y que hu\u00edan de la conquista inca se unieron en la selva).<\/p>\n<p><span><img decoding=\"async\" alt=\"\" data-id=\"27607\" width=\"533\" data-init-width=\"1067\" height=\"799\" data-init-height=\"1600\" title=\"IMG_8157\" loading=\"lazy\" src=\"https:\/\/museoverde.org\/wp-content\/uploads\/2022\/03\/IMG_8157.jpg\" data-width=\"533\" data-height=\"799\"><\/span><\/p>\n<h1 style=\"\">Gallery<\/h1>\n<p><span><img decoding=\"async\" alt=\"\" data-id=\"26790\" width=\"512\" height=\"341\" title=\"7upDawiQ\" src=\"https:\/\/museoverde.org\/wp-content\/uploads\/2022\/03\/7upDawiQ-300x200.jpeg\" data-src=\"https:\/\/museoverde.org\/wp-content\/uploads\/2022\/03\/7upDawiQ.jpeg\" loading=\"lazy\" data-sizes=\"{&quot;thumbnail&quot;:{&quot;height&quot;:150,&quot;width&quot;:150,&quot;url&quot;:&quot;https:\/\/museoverde.org\/wp-content\/uploads\/2022\/03\/7upDawiQ-150x150.jpeg&quot;,&quot;orientation&quot;:&quot;landscape&quot;},&quot;medium&quot;:{&quot;height&quot;:200,&quot;width&quot;:300,&quot;url&quot;:&quot;https:\/\/museoverde.org\/wp-content\/uploads\/2022\/03\/7upDawiQ-300x200.jpeg&quot;,&quot;orientation&quot;:&quot;landscape&quot;},&quot;full&quot;:{&quot;url&quot;:&quot;https:\/\/museoverde.org\/wp-content\/uploads\/2022\/03\/7upDawiQ.jpeg&quot;,&quot;height&quot;:341,&quot;width&quot;:512,&quot;orientation&quot;:&quot;landscape&quot;}}\" style=\"\"><\/span><span><img decoding=\"async\" alt=\"\" data-id=\"26794\" width=\"2560\" height=\"1821\" title=\"20200519_103516_2\" src=\"https:\/\/museoverde.org\/wp-content\/uploads\/2022\/03\/20200519_103516_2-300x213.jpg\" data-src=\"https:\/\/museoverde.org\/wp-content\/uploads\/2022\/03\/20200519_103516_2-1024x728.jpg\" loading=\"lazy\" data-sizes=\"{&quot;thumbnail&quot;:{&quot;height&quot;:150,&quot;width&quot;:150,&quot;url&quot;:&quot;https:\/\/museoverde.org\/wp-content\/uploads\/2022\/03\/20200519_103516_2-150x150.jpg&quot;,&quot;orientation&quot;:&quot;landscape&quot;},&quot;medium&quot;:{&quot;height&quot;:213,&quot;width&quot;:300,&quot;url&quot;:&quot;https:\/\/museoverde.org\/wp-content\/uploads\/2022\/03\/20200519_103516_2-300x213.jpg&quot;,&quot;orientation&quot;:&quot;landscape&quot;},&quot;large&quot;:{&quot;height&quot;:728,&quot;width&quot;:1024,&quot;url&quot;:&quot;https:\/\/museoverde.org\/wp-content\/uploads\/2022\/03\/20200519_103516_2-1024x728.jpg&quot;,&quot;orientation&quot;:&quot;landscape&quot;},&quot;full&quot;:{&quot;url&quot;:&quot;https:\/\/museoverde.org\/wp-content\/uploads\/2022\/03\/20200519_103516_2-scaled.jpg&quot;,&quot;height&quot;:1821,&quot;width&quot;:2560,&quot;orientation&quot;:&quot;landscape&quot;}}\" style=\"\"><\/span><span><img decoding=\"async\" alt=\"\" data-id=\"26798\" width=\"1600\" height=\"1000\" title=\"71151621_10218239959087072_5946638630859571200_o\" src=\"https:\/\/museoverde.org\/wp-content\/uploads\/2022\/03\/71151621_10218239959087072_5946638630859571200_o-300x188.jpg\" data-src=\"https:\/\/museoverde.org\/wp-content\/uploads\/2022\/03\/71151621_10218239959087072_5946638630859571200_o-1024x640.jpg\" loading=\"lazy\" data-sizes=\"{&quot;thumbnail&quot;:{&quot;height&quot;:150,&quot;width&quot;:150,&quot;url&quot;:&quot;https:\/\/museoverde.org\/wp-content\/uploads\/2022\/03\/71151621_10218239959087072_5946638630859571200_o-150x150.jpg&quot;,&quot;orientation&quot;:&quot;landscape&quot;},&quot;medium&quot;:{&quot;height&quot;:188,&quot;width&quot;:300,&quot;url&quot;:&quot;https:\/\/museoverde.org\/wp-content\/uploads\/2022\/03\/71151621_10218239959087072_5946638630859571200_o-300x188.jpg&quot;,&quot;orientation&quot;:&quot;landscape&quot;},&quot;large&quot;:{&quot;height&quot;:640,&quot;width&quot;:1024,&quot;url&quot;:&quot;https:\/\/museoverde.org\/wp-content\/uploads\/2022\/03\/71151621_10218239959087072_5946638630859571200_o-1024x640.jpg&quot;,&quot;orientation&quot;:&quot;landscape&quot;},&quot;full&quot;:{&quot;url&quot;:&quot;https:\/\/museoverde.org\/wp-content\/uploads\/2022\/03\/71151621_10218239959087072_5946638630859571200_o.jpg&quot;,&quot;height&quot;:1000,&quot;width&quot;:1600,&quot;orientation&quot;:&quot;landscape&quot;}}\" style=\"\"><\/span><span><img decoding=\"async\" alt=\"\" data-id=\"26806\" width=\"1600\" height=\"1200\" title=\"92136267_10219911383431636_1282563821126287360_o\" src=\"https:\/\/museoverde.org\/wp-content\/uploads\/2022\/03\/92136267_10219911383431636_1282563821126287360_o-300x225.jpg\" data-src=\"https:\/\/museoverde.org\/wp-content\/uploads\/2022\/03\/92136267_10219911383431636_1282563821126287360_o-1024x768.jpg\" loading=\"lazy\" data-sizes=\"{&quot;thumbnail&quot;:{&quot;height&quot;:150,&quot;width&quot;:150,&quot;url&quot;:&quot;https:\/\/museoverde.org\/wp-content\/uploads\/2022\/03\/92136267_10219911383431636_1282563821126287360_o-150x150.jpg&quot;,&quot;orientation&quot;:&quot;landscape&quot;},&quot;medium&quot;:{&quot;height&quot;:225,&quot;width&quot;:300,&quot;url&quot;:&quot;https:\/\/museoverde.org\/wp-content\/uploads\/2022\/03\/92136267_10219911383431636_1282563821126287360_o-300x225.jpg&quot;,&quot;orientation&quot;:&quot;landscape&quot;},&quot;large&quot;:{&quot;height&quot;:768,&quot;width&quot;:1024,&quot;url&quot;:&quot;https:\/\/museoverde.org\/wp-content\/uploads\/2022\/03\/92136267_10219911383431636_1282563821126287360_o-1024x768.jpg&quot;,&quot;orientation&quot;:&quot;landscape&quot;},&quot;full&quot;:{&quot;url&quot;:&quot;https:\/\/museoverde.org\/wp-content\/uploads\/2022\/03\/92136267_10219911383431636_1282563821126287360_o.jpg&quot;,&quot;height&quot;:1200,&quot;width&quot;:1600,&quot;orientation&quot;:&quot;landscape&quot;}}\" style=\"\"><\/span><span><img decoding=\"async\" alt=\"\" data-id=\"26810\" width=\"1440\" height=\"1016\" title=\"93414265_10220037794631837_5751274827855953920_o\" src=\"https:\/\/museoverde.org\/wp-content\/uploads\/2022\/03\/93414265_10220037794631837_5751274827855953920_o-300x212.jpg\" data-src=\"https:\/\/museoverde.org\/wp-content\/uploads\/2022\/03\/93414265_10220037794631837_5751274827855953920_o-1024x722.jpg\" loading=\"lazy\" data-sizes=\"{&quot;thumbnail&quot;:{&quot;height&quot;:150,&quot;width&quot;:150,&quot;url&quot;:&quot;https:\/\/museoverde.org\/wp-content\/uploads\/2022\/03\/93414265_10220037794631837_5751274827855953920_o-150x150.jpg&quot;,&quot;orientation&quot;:&quot;landscape&quot;},&quot;medium&quot;:{&quot;height&quot;:212,&quot;width&quot;:300,&quot;url&quot;:&quot;https:\/\/museoverde.org\/wp-content\/uploads\/2022\/03\/93414265_10220037794631837_5751274827855953920_o-300x212.jpg&quot;,&quot;orientation&quot;:&quot;landscape&quot;},&quot;large&quot;:{&quot;height&quot;:722,&quot;width&quot;:1024,&quot;url&quot;:&quot;https:\/\/museoverde.org\/wp-content\/uploads\/2022\/03\/93414265_10220037794631837_5751274827855953920_o-1024x722.jpg&quot;,&quot;orientation&quot;:&quot;landscape&quot;},&quot;full&quot;:{&quot;url&quot;:&quot;https:\/\/museoverde.org\/wp-content\/uploads\/2022\/03\/93414265_10220037794631837_5751274827855953920_o.jpg&quot;,&quot;height&quot;:1016,&quot;width&quot;:1440,&quot;orientation&quot;:&quot;landscape&quot;}}\" style=\"\"><\/span><span><img decoding=\"async\" alt=\"\" data-id=\"26814\" width=\"1955\" height=\"1373\" title=\"117300190_10221148558000227_6391593117186112914_o\" src=\"https:\/\/museoverde.org\/wp-content\/uploads\/2022\/03\/117300190_10221148558000227_6391593117186112914_o-300x211.jpg\" data-src=\"https:\/\/museoverde.org\/wp-content\/uploads\/2022\/03\/117300190_10221148558000227_6391593117186112914_o-1024x719.jpg\" loading=\"lazy\" data-sizes=\"{&quot;thumbnail&quot;:{&quot;height&quot;:150,&quot;width&quot;:150,&quot;url&quot;:&quot;https:\/\/museoverde.org\/wp-content\/uploads\/2022\/03\/117300190_10221148558000227_6391593117186112914_o-150x150.jpg&quot;,&quot;orientation&quot;:&quot;landscape&quot;},&quot;medium&quot;:{&quot;height&quot;:211,&quot;width&quot;:300,&quot;url&quot;:&quot;https:\/\/museoverde.org\/wp-content\/uploads\/2022\/03\/117300190_10221148558000227_6391593117186112914_o-300x211.jpg&quot;,&quot;orientation&quot;:&quot;landscape&quot;},&quot;large&quot;:{&quot;height&quot;:719,&quot;width&quot;:1024,&quot;url&quot;:&quot;https:\/\/museoverde.org\/wp-content\/uploads\/2022\/03\/117300190_10221148558000227_6391593117186112914_o-1024x719.jpg&quot;,&quot;orientation&quot;:&quot;landscape&quot;},&quot;full&quot;:{&quot;url&quot;:&quot;https:\/\/museoverde.org\/wp-content\/uploads\/2022\/03\/117300190_10221148558000227_6391593117186112914_o.jpg&quot;,&quot;height&quot;:1373,&quot;width&quot;:1955,&quot;orientation&quot;:&quot;landscape&quot;}}\" style=\"\"><\/span><span><img decoding=\"async\" alt=\"\" data-id=\"26822\" width=\"2162\" height=\"1917\" title=\"DSC_5038\" src=\"https:\/\/museoverde.org\/wp-content\/uploads\/2022\/03\/DSC_5038-300x266.jpg\" data-src=\"https:\/\/museoverde.org\/wp-content\/uploads\/2022\/03\/DSC_5038-1024x908.jpg\" loading=\"lazy\" data-sizes=\"{&quot;thumbnail&quot;:{&quot;height&quot;:150,&quot;width&quot;:150,&quot;url&quot;:&quot;https:\/\/museoverde.org\/wp-content\/uploads\/2022\/03\/DSC_5038-150x150.jpg&quot;,&quot;orientation&quot;:&quot;landscape&quot;},&quot;medium&quot;:{&quot;height&quot;:266,&quot;width&quot;:300,&quot;url&quot;:&quot;https:\/\/museoverde.org\/wp-content\/uploads\/2022\/03\/DSC_5038-300x266.jpg&quot;,&quot;orientation&quot;:&quot;landscape&quot;},&quot;large&quot;:{&quot;height&quot;:908,&quot;width&quot;:1024,&quot;url&quot;:&quot;https:\/\/museoverde.org\/wp-content\/uploads\/2022\/03\/DSC_5038-1024x908.jpg&quot;,&quot;orientation&quot;:&quot;landscape&quot;},&quot;full&quot;:{&quot;url&quot;:&quot;https:\/\/museoverde.org\/wp-content\/uploads\/2022\/03\/DSC_5038.jpg&quot;,&quot;height&quot;:1917,&quot;width&quot;:2162,&quot;orientation&quot;:&quot;landscape&quot;}}\" style=\"\"><\/span><span><img decoding=\"async\" alt=\"\" data-id=\"26818\" width=\"1200\" height=\"569\" title=\"131441441_10222099974545046_5032809862955181664_o\" src=\"https:\/\/museoverde.org\/wp-content\/uploads\/2022\/03\/131441441_10222099974545046_5032809862955181664_o-300x142.jpg\" data-src=\"https:\/\/museoverde.org\/wp-content\/uploads\/2022\/03\/131441441_10222099974545046_5032809862955181664_o-1024x486.jpg\" loading=\"lazy\" data-sizes=\"{&quot;thumbnail&quot;:{&quot;height&quot;:150,&quot;width&quot;:150,&quot;url&quot;:&quot;https:\/\/museoverde.org\/wp-content\/uploads\/2022\/03\/131441441_10222099974545046_5032809862955181664_o-150x150.jpg&quot;,&quot;orientation&quot;:&quot;landscape&quot;},&quot;medium&quot;:{&quot;height&quot;:142,&quot;width&quot;:300,&quot;url&quot;:&quot;https:\/\/museoverde.org\/wp-content\/uploads\/2022\/03\/131441441_10222099974545046_5032809862955181664_o-300x142.jpg&quot;,&quot;orientation&quot;:&quot;landscape&quot;},&quot;large&quot;:{&quot;height&quot;:486,&quot;width&quot;:1024,&quot;url&quot;:&quot;https:\/\/museoverde.org\/wp-content\/uploads\/2022\/03\/131441441_10222099974545046_5032809862955181664_o-1024x486.jpg&quot;,&quot;orientation&quot;:&quot;landscape&quot;},&quot;full&quot;:{&quot;url&quot;:&quot;https:\/\/museoverde.org\/wp-content\/uploads\/2022\/03\/131441441_10222099974545046_5032809862955181664_o.jpg&quot;,&quot;height&quot;:569,&quot;width&quot;:1200,&quot;orientation&quot;:&quot;landscape&quot;}}\" style=\"\"><\/span><span><img decoding=\"async\" alt=\"\" data-id=\"26826\" width=\"2560\" height=\"1707\" title=\"DSC_5333\" src=\"https:\/\/museoverde.org\/wp-content\/uploads\/2022\/03\/DSC_5333-300x200.jpg\" data-src=\"https:\/\/museoverde.org\/wp-content\/uploads\/2022\/03\/DSC_5333-1024x683.jpg\" loading=\"lazy\" data-sizes=\"{&quot;thumbnail&quot;:{&quot;height&quot;:150,&quot;width&quot;:150,&quot;url&quot;:&quot;https:\/\/museoverde.org\/wp-content\/uploads\/2022\/03\/DSC_5333-150x150.jpg&quot;,&quot;orientation&quot;:&quot;landscape&quot;},&quot;medium&quot;:{&quot;height&quot;:200,&quot;width&quot;:300,&quot;url&quot;:&quot;https:\/\/museoverde.org\/wp-content\/uploads\/2022\/03\/DSC_5333-300x200.jpg&quot;,&quot;orientation&quot;:&quot;landscape&quot;},&quot;large&quot;:{&quot;height&quot;:683,&quot;width&quot;:1024,&quot;url&quot;:&quot;https:\/\/museoverde.org\/wp-content\/uploads\/2022\/03\/DSC_5333-1024x683.jpg&quot;,&quot;orientation&quot;:&quot;landscape&quot;},&quot;full&quot;:{&quot;url&quot;:&quot;https:\/\/museoverde.org\/wp-content\/uploads\/2022\/03\/DSC_5333-scaled.jpg&quot;,&quot;height&quot;:1707,&quot;width&quot;:2560,&quot;orientation&quot;:&quot;landscape&quot;}}\" style=\"\"><\/span><span><img decoding=\"async\" alt=\"\" data-id=\"26830\" width=\"512\" height=\"384\" title=\"Etv9tjCg\" src=\"https:\/\/museoverde.org\/wp-content\/uploads\/2022\/03\/Etv9tjCg-300x225.png\" data-src=\"https:\/\/museoverde.org\/wp-content\/uploads\/2022\/03\/Etv9tjCg.png\" loading=\"lazy\" data-sizes=\"{&quot;thumbnail&quot;:{&quot;height&quot;:150,&quot;width&quot;:150,&quot;url&quot;:&quot;https:\/\/museoverde.org\/wp-content\/uploads\/2022\/03\/Etv9tjCg-150x150.png&quot;,&quot;orientation&quot;:&quot;landscape&quot;},&quot;medium&quot;:{&quot;height&quot;:225,&quot;width&quot;:300,&quot;url&quot;:&quot;https:\/\/museoverde.org\/wp-content\/uploads\/2022\/03\/Etv9tjCg-300x225.png&quot;,&quot;orientation&quot;:&quot;landscape&quot;},&quot;full&quot;:{&quot;url&quot;:&quot;https:\/\/museoverde.org\/wp-content\/uploads\/2022\/03\/Etv9tjCg.png&quot;,&quot;height&quot;:384,&quot;width&quot;:512,&quot;orientation&quot;:&quot;landscape&quot;}}\" style=\"\"><\/span><span><img decoding=\"async\" alt=\"\" data-id=\"27611\" width=\"2000\" height=\"1500\" title=\"IMG_8910\" src=\"https:\/\/museoverde.org\/wp-content\/uploads\/2022\/03\/IMG_8910-300x225.jpg\" data-src=\"https:\/\/museoverde.org\/wp-content\/uploads\/2022\/03\/IMG_8910-1024x768.jpg\" loading=\"lazy\" data-sizes=\"{&quot;thumbnail&quot;:{&quot;height&quot;:150,&quot;width&quot;:150,&quot;url&quot;:&quot;https:\/\/museoverde.org\/wp-content\/uploads\/2022\/03\/IMG_8910-150x150.jpg&quot;,&quot;orientation&quot;:&quot;landscape&quot;},&quot;medium&quot;:{&quot;height&quot;:225,&quot;width&quot;:300,&quot;url&quot;:&quot;https:\/\/museoverde.org\/wp-content\/uploads\/2022\/03\/IMG_8910-300x225.jpg&quot;,&quot;orientation&quot;:&quot;landscape&quot;},&quot;large&quot;:{&quot;height&quot;:768,&quot;width&quot;:1024,&quot;url&quot;:&quot;https:\/\/museoverde.org\/wp-content\/uploads\/2022\/03\/IMG_8910-1024x768.jpg&quot;,&quot;orientation&quot;:&quot;landscape&quot;},&quot;full&quot;:{&quot;url&quot;:&quot;https:\/\/museoverde.org\/wp-content\/uploads\/2022\/03\/IMG_8910.jpg&quot;,&quot;height&quot;:1500,&quot;width&quot;:2000,&quot;orientation&quot;:&quot;landscape&quot;}}\" style=\"\"><\/span><span><img decoding=\"async\" alt=\"\" data-id=\"26838\" width=\"1600\" height=\"1067\" title=\"Perch\u00e9 si chiama Chaco secco\" src=\"https:\/\/museoverde.org\/wp-content\/uploads\/2022\/03\/Perche-si-chiama-Chaco-secco-300x200.jpg\" data-src=\"https:\/\/museoverde.org\/wp-content\/uploads\/2022\/03\/Perche-si-chiama-Chaco-secco-1024x683.jpg\" loading=\"lazy\" data-sizes=\"{&quot;thumbnail&quot;:{&quot;height&quot;:150,&quot;width&quot;:150,&quot;url&quot;:&quot;https:\/\/museoverde.org\/wp-content\/uploads\/2022\/03\/Perche-si-chiama-Chaco-secco-150x150.jpg&quot;,&quot;orientation&quot;:&quot;landscape&quot;},&quot;medium&quot;:{&quot;height&quot;:200,&quot;width&quot;:300,&quot;url&quot;:&quot;https:\/\/museoverde.org\/wp-content\/uploads\/2022\/03\/Perche-si-chiama-Chaco-secco-300x200.jpg&quot;,&quot;orientation&quot;:&quot;landscape&quot;},&quot;large&quot;:{&quot;height&quot;:683,&quot;width&quot;:1024,&quot;url&quot;:&quot;https:\/\/museoverde.org\/wp-content\/uploads\/2022\/03\/Perche-si-chiama-Chaco-secco-1024x683.jpg&quot;,&quot;orientation&quot;:&quot;landscape&quot;},&quot;full&quot;:{&quot;url&quot;:&quot;https:\/\/museoverde.org\/wp-content\/uploads\/2022\/03\/Perche-si-chiama-Chaco-secco.jpg&quot;,&quot;height&quot;:1067,&quot;width&quot;:1600,&quot;orientation&quot;:&quot;landscape&quot;}}\" style=\"\"><\/span><span><img decoding=\"async\" alt=\"\" data-id=\"27619\" width=\"1600\" height=\"1108\" title=\"97419015_10220366966300923_8932626643818643456_o\" src=\"https:\/\/museoverde.org\/wp-content\/uploads\/2022\/03\/97419015_10220366966300923_8932626643818643456_o-300x208.jpg\" data-src=\"https:\/\/museoverde.org\/wp-content\/uploads\/2022\/03\/97419015_10220366966300923_8932626643818643456_o-1024x709.jpg\" loading=\"lazy\" data-sizes=\"{&quot;thumbnail&quot;:{&quot;height&quot;:150,&quot;width&quot;:150,&quot;url&quot;:&quot;https:\/\/museoverde.org\/wp-content\/uploads\/2022\/03\/97419015_10220366966300923_8932626643818643456_o-150x150.jpg&quot;,&quot;orientation&quot;:&quot;landscape&quot;},&quot;medium&quot;:{&quot;height&quot;:208,&quot;width&quot;:300,&quot;url&quot;:&quot;https:\/\/museoverde.org\/wp-content\/uploads\/2022\/03\/97419015_10220366966300923_8932626643818643456_o-300x208.jpg&quot;,&quot;orientation&quot;:&quot;landscape&quot;},&quot;large&quot;:{&quot;height&quot;:709,&quot;width&quot;:1024,&quot;url&quot;:&quot;https:\/\/museoverde.org\/wp-content\/uploads\/2022\/03\/97419015_10220366966300923_8932626643818643456_o-1024x709.jpg&quot;,&quot;orientation&quot;:&quot;landscape&quot;},&quot;full&quot;:{&quot;url&quot;:&quot;https:\/\/museoverde.org\/wp-content\/uploads\/2022\/03\/97419015_10220366966300923_8932626643818643456_o.jpg&quot;,&quot;height&quot;:1108,&quot;width&quot;:1600,&quot;orientation&quot;:&quot;landscape&quot;}}\" style=\"\"><\/span><span><img decoding=\"async\" alt=\"\" data-id=\"27615\" width=\"1600\" height=\"1067\" title=\"IMG_1695\" src=\"https:\/\/museoverde.org\/wp-content\/uploads\/2022\/03\/IMG_1695-300x200.jpg\" data-src=\"https:\/\/museoverde.org\/wp-content\/uploads\/2022\/03\/IMG_1695-1024x683.jpg\" loading=\"lazy\" data-sizes=\"{&quot;thumbnail&quot;:{&quot;height&quot;:150,&quot;width&quot;:150,&quot;url&quot;:&quot;https:\/\/museoverde.org\/wp-content\/uploads\/2022\/03\/IMG_1695-150x150.jpg&quot;,&quot;orientation&quot;:&quot;landscape&quot;},&quot;medium&quot;:{&quot;height&quot;:200,&quot;width&quot;:300,&quot;url&quot;:&quot;https:\/\/museoverde.org\/wp-content\/uploads\/2022\/03\/IMG_1695-300x200.jpg&quot;,&quot;orientation&quot;:&quot;landscape&quot;},&quot;large&quot;:{&quot;height&quot;:683,&quot;width&quot;:1024,&quot;url&quot;:&quot;https:\/\/museoverde.org\/wp-content\/uploads\/2022\/03\/IMG_1695-1024x683.jpg&quot;,&quot;orientation&quot;:&quot;landscape&quot;},&quot;full&quot;:{&quot;url&quot;:&quot;https:\/\/museoverde.org\/wp-content\/uploads\/2022\/03\/IMG_1695.jpg&quot;,&quot;height&quot;:1067,&quot;width&quot;:1600,&quot;orientation&quot;:&quot;landscape&quot;}}\" style=\"\"><\/span><span><img decoding=\"async\" alt=\"\" data-id=\"26834\" width=\"2000\" height=\"1334\" title=\"IMG_5928\" src=\"https:\/\/museoverde.org\/wp-content\/uploads\/2022\/03\/IMG_5928-300x200.jpg\" data-src=\"https:\/\/museoverde.org\/wp-content\/uploads\/2022\/03\/IMG_5928-1024x683.jpg\" loading=\"lazy\" data-sizes=\"{&quot;thumbnail&quot;:{&quot;height&quot;:150,&quot;width&quot;:150,&quot;url&quot;:&quot;https:\/\/museoverde.org\/wp-content\/uploads\/2022\/03\/IMG_5928-150x150.jpg&quot;,&quot;orientation&quot;:&quot;landscape&quot;},&quot;medium&quot;:{&quot;height&quot;:200,&quot;width&quot;:300,&quot;url&quot;:&quot;https:\/\/museoverde.org\/wp-content\/uploads\/2022\/03\/IMG_5928-300x200.jpg&quot;,&quot;orientation&quot;:&quot;landscape&quot;},&quot;large&quot;:{&quot;height&quot;:683,&quot;width&quot;:1024,&quot;url&quot;:&quot;https:\/\/museoverde.org\/wp-content\/uploads\/2022\/03\/IMG_5928-1024x683.jpg&quot;,&quot;orientation&quot;:&quot;landscape&quot;},&quot;full&quot;:{&quot;url&quot;:&quot;https:\/\/museoverde.org\/wp-content\/uploads\/2022\/03\/IMG_5928.jpg&quot;,&quot;height&quot;:1334,&quot;width&quot;:2000,&quot;orientation&quot;:&quot;landscape&quot;}}\" style=\"\"><\/span><\/p>\n","protected":false},"excerpt":{"rendered":"<p>EL TERRITORIO DEL GRAN CHACO Territorio En el coraz\u00f3n de Am\u00e9rica Latina, entre Paraguay, Bolivia, Argentina y Brasil, entre el Paran\u00e1 y la meseta andina se extiende una llanura de un mill\u00f3n 300 mil kil\u00f3metros cuadrados. ES EL GRAN CHACO. Caracterizada por la presencia de grandes selvas v\u00edrgenes, reservorio de biodiversidad y recursos naturales, es [&hellip;]<\/p>\n","protected":false},"author":3,"featured_media":0,"parent":28595,"menu_order":0,"comment_status":"closed","ping_status":"closed","template":"","meta":{"footnotes":""},"class_list":["post-28598","page","type-page","status-publish","hentry","post-wrapper","thrv_wrapper"],"_links":{"self":[{"href":"https:\/\/museoverde.org\/es\/wp-json\/wp\/v2\/pages\/28598","targetHints":{"allow":["GET"]}}],"collection":[{"href":"https:\/\/museoverde.org\/es\/wp-json\/wp\/v2\/pages"}],"about":[{"href":"https:\/\/museoverde.org\/es\/wp-json\/wp\/v2\/types\/page"}],"author":[{"embeddable":true,"href":"https:\/\/museoverde.org\/es\/wp-json\/wp\/v2\/users\/3"}],"replies":[{"embeddable":true,"href":"https:\/\/museoverde.org\/es\/wp-json\/wp\/v2\/comments?post=28598"}],"version-history":[{"count":1,"href":"https:\/\/museoverde.org\/es\/wp-json\/wp\/v2\/pages\/28598\/revisions"}],"predecessor-version":[{"id":28604,"href":"https:\/\/museoverde.org\/es\/wp-json\/wp\/v2\/pages\/28598\/revisions\/28604"}],"up":[{"embeddable":true,"href":"https:\/\/museoverde.org\/es\/wp-json\/wp\/v2\/pages\/28595"}],"wp:attachment":[{"href":"https:\/\/museoverde.org\/es\/wp-json\/wp\/v2\/media?parent=28598"}],"curies":[{"name":"wp","href":"https:\/\/api.w.org\/{rel}","templated":true}]}}