{"id":28601,"date":"2022-02-16T09:52:50","date_gmt":"2022-02-16T08:52:50","guid":{"rendered":"https:\/\/museoverde.org\/gran-chaco\/le-popolazioni-originarie\/"},"modified":"2023-10-24T21:48:43","modified_gmt":"2023-10-24T19:48:43","slug":"le-popolazioni-originarie","status":"publish","type":"page","link":"https:\/\/museoverde.org\/es\/el-gran-chaco\/le-popolazioni-originarie\/","title":{"rendered":"Le Popolazioni Originarie"},"content":{"rendered":"<p style=\"text-align: center;\">25 GRUPOS \u00c9TNICOS, 10 GRUPOS LING\u00dc\u00cdSTICOS. UN MOSAICO DE CULTURAS, DIFERENCIADAS PERO CON CARACTER\u00cdSTICAS COMUNES<\/p>\n<h1 style=\"text-align: center;\">LoS PuebloS ORIGINArioS<\/h1>\n<p style=\"text-align: center;\">Un patrimonio de tradiciones, t\u00e9cnicas artesanales, conocimientos y saber hacer, en gran parte desconocido para nosotros.<\/p>\n<p style=\"text-align: center;\">\u201cLos pa\u00edses m\u00e1s avanzados conducen al mundo hacia la cat\u00e1strofe, mientras que los pueblos hasta ahora considerados primitivos intentan salvar el planeta entero. Si los pa\u00edses ricos no aprenden de los nativos, todos estaremos condenados a la destrucci\u00f3n.\u201d<\/p>\n<p style=\"text-align: center;\">Noam Chomsky<\/p>\n<p><span><img decoding=\"async\" alt=\"\" data-id=\"26876\" width=\"2560\" height=\"1707\" title=\"P1036900\" src=\"https:\/\/museoverde.org\/wp-content\/uploads\/2022\/03\/P1036900-1024x683.jpg\" data-src=\"https:\/\/museoverde.org\/wp-content\/uploads\/2022\/03\/P1036900-1024x683.jpg\" loading=\"lazy\" data-sizes=\"{&quot;thumbnail&quot;:{&quot;height&quot;:150,&quot;width&quot;:150,&quot;url&quot;:&quot;https:\/\/museoverde.org\/wp-content\/uploads\/2022\/03\/P1036900-150x150.jpg&quot;,&quot;orientation&quot;:&quot;landscape&quot;},&quot;medium&quot;:{&quot;height&quot;:200,&quot;width&quot;:300,&quot;url&quot;:&quot;https:\/\/museoverde.org\/wp-content\/uploads\/2022\/03\/P1036900-300x200.jpg&quot;,&quot;orientation&quot;:&quot;landscape&quot;},&quot;large&quot;:{&quot;height&quot;:683,&quot;width&quot;:1024,&quot;url&quot;:&quot;https:\/\/museoverde.org\/wp-content\/uploads\/2022\/03\/P1036900-1024x683.jpg&quot;,&quot;orientation&quot;:&quot;landscape&quot;},&quot;full&quot;:{&quot;url&quot;:&quot;https:\/\/museoverde.org\/wp-content\/uploads\/2022\/03\/P1036900-scaled.jpg&quot;,&quot;height&quot;:1707,&quot;width&quot;:2560,&quot;orientation&quot;:&quot;landscape&quot;}}\" style=\"\"><\/span><span><img decoding=\"async\" alt=\"\" data-id=\"26872\" width=\"1081\" height=\"720\" title=\"e9fa46c9-3970-4eb7-8c57-7c177d4564e8\" src=\"https:\/\/museoverde.org\/wp-content\/uploads\/2022\/03\/e9fa46c9-3970-4eb7-8c57-7c177d4564e8-1024x682.jpg\" data-src=\"https:\/\/museoverde.org\/wp-content\/uploads\/2022\/03\/e9fa46c9-3970-4eb7-8c57-7c177d4564e8-1024x682.jpg\" loading=\"lazy\" data-sizes=\"{&quot;thumbnail&quot;:{&quot;height&quot;:150,&quot;width&quot;:150,&quot;url&quot;:&quot;https:\/\/museoverde.org\/wp-content\/uploads\/2022\/03\/e9fa46c9-3970-4eb7-8c57-7c177d4564e8-150x150.jpg&quot;,&quot;orientation&quot;:&quot;landscape&quot;},&quot;medium&quot;:{&quot;height&quot;:200,&quot;width&quot;:300,&quot;url&quot;:&quot;https:\/\/museoverde.org\/wp-content\/uploads\/2022\/03\/e9fa46c9-3970-4eb7-8c57-7c177d4564e8-300x200.jpg&quot;,&quot;orientation&quot;:&quot;landscape&quot;},&quot;large&quot;:{&quot;height&quot;:682,&quot;width&quot;:1024,&quot;url&quot;:&quot;https:\/\/museoverde.org\/wp-content\/uploads\/2022\/03\/e9fa46c9-3970-4eb7-8c57-7c177d4564e8-1024x682.jpg&quot;,&quot;orientation&quot;:&quot;landscape&quot;},&quot;full&quot;:{&quot;url&quot;:&quot;https:\/\/museoverde.org\/wp-content\/uploads\/2022\/03\/e9fa46c9-3970-4eb7-8c57-7c177d4564e8.jpg&quot;,&quot;height&quot;:720,&quot;width&quot;:1081,&quot;orientation&quot;:&quot;landscape&quot;}}\" style=\"\"><\/span><span><img decoding=\"async\" alt=\"\" data-id=\"26864\" width=\"2560\" height=\"1707\" title=\"P1025677\" src=\"https:\/\/museoverde.org\/wp-content\/uploads\/2022\/03\/P1025677-1024x683.jpg\" data-src=\"https:\/\/museoverde.org\/wp-content\/uploads\/2022\/03\/P1025677-1024x683.jpg\" loading=\"lazy\" data-sizes=\"{&quot;thumbnail&quot;:{&quot;height&quot;:150,&quot;width&quot;:150,&quot;url&quot;:&quot;https:\/\/museoverde.org\/wp-content\/uploads\/2022\/03\/P1025677-150x150.jpg&quot;,&quot;orientation&quot;:&quot;landscape&quot;},&quot;medium&quot;:{&quot;height&quot;:200,&quot;width&quot;:300,&quot;url&quot;:&quot;https:\/\/museoverde.org\/wp-content\/uploads\/2022\/03\/P1025677-300x200.jpg&quot;,&quot;orientation&quot;:&quot;landscape&quot;},&quot;large&quot;:{&quot;height&quot;:683,&quot;width&quot;:1024,&quot;url&quot;:&quot;https:\/\/museoverde.org\/wp-content\/uploads\/2022\/03\/P1025677-1024x683.jpg&quot;,&quot;orientation&quot;:&quot;landscape&quot;},&quot;full&quot;:{&quot;url&quot;:&quot;https:\/\/museoverde.org\/wp-content\/uploads\/2022\/03\/P1025677-scaled.jpg&quot;,&quot;height&quot;:1707,&quot;width&quot;:2560,&quot;orientation&quot;:&quot;landscape&quot;}}\" style=\"\"><\/span><span><img decoding=\"async\" alt=\"\" data-id=\"26860\" width=\"1440\" height=\"1080\" title=\"78121776_10218807524395850_7348245858665627648_o\" src=\"https:\/\/museoverde.org\/wp-content\/uploads\/2022\/03\/78121776_10218807524395850_7348245858665627648_o-1024x768.jpg\" data-src=\"https:\/\/museoverde.org\/wp-content\/uploads\/2022\/03\/78121776_10218807524395850_7348245858665627648_o-1024x768.jpg\" loading=\"lazy\" data-sizes=\"{&quot;thumbnail&quot;:{&quot;height&quot;:150,&quot;width&quot;:150,&quot;url&quot;:&quot;https:\/\/museoverde.org\/wp-content\/uploads\/2022\/03\/78121776_10218807524395850_7348245858665627648_o-150x150.jpg&quot;,&quot;orientation&quot;:&quot;landscape&quot;},&quot;medium&quot;:{&quot;height&quot;:225,&quot;width&quot;:300,&quot;url&quot;:&quot;https:\/\/museoverde.org\/wp-content\/uploads\/2022\/03\/78121776_10218807524395850_7348245858665627648_o-300x225.jpg&quot;,&quot;orientation&quot;:&quot;landscape&quot;},&quot;large&quot;:{&quot;height&quot;:768,&quot;width&quot;:1024,&quot;url&quot;:&quot;https:\/\/museoverde.org\/wp-content\/uploads\/2022\/03\/78121776_10218807524395850_7348245858665627648_o-1024x768.jpg&quot;,&quot;orientation&quot;:&quot;landscape&quot;},&quot;full&quot;:{&quot;url&quot;:&quot;https:\/\/museoverde.org\/wp-content\/uploads\/2022\/03\/78121776_10218807524395850_7348245858665627648_o.jpg&quot;,&quot;height&quot;:1080,&quot;width&quot;:1440,&quot;orientation&quot;:&quot;landscape&quot;}}\" style=\"\"><\/span><span><img decoding=\"async\" alt=\"\" data-id=\"26856\" width=\"1600\" height=\"1067\" title=\"71939313_10218283127846264_7457310213775818752_o\" src=\"https:\/\/museoverde.org\/wp-content\/uploads\/2022\/03\/71939313_10218283127846264_7457310213775818752_o-1024x683.jpg\" data-src=\"https:\/\/museoverde.org\/wp-content\/uploads\/2022\/03\/71939313_10218283127846264_7457310213775818752_o-1024x683.jpg\" loading=\"lazy\" data-sizes=\"{&quot;thumbnail&quot;:{&quot;height&quot;:150,&quot;width&quot;:150,&quot;url&quot;:&quot;https:\/\/museoverde.org\/wp-content\/uploads\/2022\/03\/71939313_10218283127846264_7457310213775818752_o-150x150.jpg&quot;,&quot;orientation&quot;:&quot;landscape&quot;},&quot;medium&quot;:{&quot;height&quot;:200,&quot;width&quot;:300,&quot;url&quot;:&quot;https:\/\/museoverde.org\/wp-content\/uploads\/2022\/03\/71939313_10218283127846264_7457310213775818752_o-300x200.jpg&quot;,&quot;orientation&quot;:&quot;landscape&quot;},&quot;large&quot;:{&quot;height&quot;:683,&quot;width&quot;:1024,&quot;url&quot;:&quot;https:\/\/museoverde.org\/wp-content\/uploads\/2022\/03\/71939313_10218283127846264_7457310213775818752_o-1024x683.jpg&quot;,&quot;orientation&quot;:&quot;landscape&quot;},&quot;full&quot;:{&quot;url&quot;:&quot;https:\/\/museoverde.org\/wp-content\/uploads\/2022\/03\/71939313_10218283127846264_7457310213775818752_o.jpg&quot;,&quot;height&quot;:1067,&quot;width&quot;:1600,&quot;orientation&quot;:&quot;landscape&quot;}}\" style=\"\"><\/span><span><img decoding=\"async\" alt=\"\" data-id=\"26848\" width=\"1600\" height=\"1279\" title=\"67966822_10217843691660634_1655458705740660736_o\" src=\"https:\/\/museoverde.org\/wp-content\/uploads\/2022\/03\/67966822_10217843691660634_1655458705740660736_o-1024x819.jpg\" data-src=\"https:\/\/museoverde.org\/wp-content\/uploads\/2022\/03\/67966822_10217843691660634_1655458705740660736_o-1024x819.jpg\" loading=\"lazy\" data-sizes=\"{&quot;thumbnail&quot;:{&quot;height&quot;:150,&quot;width&quot;:150,&quot;url&quot;:&quot;https:\/\/museoverde.org\/wp-content\/uploads\/2022\/03\/67966822_10217843691660634_1655458705740660736_o-150x150.jpg&quot;,&quot;orientation&quot;:&quot;landscape&quot;},&quot;medium&quot;:{&quot;height&quot;:240,&quot;width&quot;:300,&quot;url&quot;:&quot;https:\/\/museoverde.org\/wp-content\/uploads\/2022\/03\/67966822_10217843691660634_1655458705740660736_o-300x240.jpg&quot;,&quot;orientation&quot;:&quot;landscape&quot;},&quot;large&quot;:{&quot;height&quot;:819,&quot;width&quot;:1024,&quot;url&quot;:&quot;https:\/\/museoverde.org\/wp-content\/uploads\/2022\/03\/67966822_10217843691660634_1655458705740660736_o-1024x819.jpg&quot;,&quot;orientation&quot;:&quot;landscape&quot;},&quot;full&quot;:{&quot;url&quot;:&quot;https:\/\/museoverde.org\/wp-content\/uploads\/2022\/03\/67966822_10217843691660634_1655458705740660736_o.jpg&quot;,&quot;height&quot;:1279,&quot;width&quot;:1600,&quot;orientation&quot;:&quot;landscape&quot;}}\" style=\"\"><\/span><span><img decoding=\"async\" alt=\"\" data-id=\"26963\" width=\"2560\" height=\"1707\" title=\"P1025541 (1)\" src=\"https:\/\/museoverde.org\/wp-content\/uploads\/2022\/03\/P1025541-1-1-1024x683.jpg\" data-src=\"https:\/\/museoverde.org\/wp-content\/uploads\/2022\/03\/P1025541-1-1-1024x683.jpg\" loading=\"lazy\" data-sizes=\"{&quot;thumbnail&quot;:{&quot;height&quot;:150,&quot;width&quot;:150,&quot;url&quot;:&quot;https:\/\/museoverde.org\/wp-content\/uploads\/2022\/03\/P1025541-1-1-150x150.jpg&quot;,&quot;orientation&quot;:&quot;landscape&quot;},&quot;medium&quot;:{&quot;height&quot;:200,&quot;width&quot;:300,&quot;url&quot;:&quot;https:\/\/museoverde.org\/wp-content\/uploads\/2022\/03\/P1025541-1-1-300x200.jpg&quot;,&quot;orientation&quot;:&quot;landscape&quot;},&quot;large&quot;:{&quot;height&quot;:683,&quot;width&quot;:1024,&quot;url&quot;:&quot;https:\/\/museoverde.org\/wp-content\/uploads\/2022\/03\/P1025541-1-1-1024x683.jpg&quot;,&quot;orientation&quot;:&quot;landscape&quot;},&quot;full&quot;:{&quot;url&quot;:&quot;https:\/\/museoverde.org\/wp-content\/uploads\/2022\/03\/P1025541-1-1-scaled.jpg&quot;,&quot;height&quot;:1707,&quot;width&quot;:2560,&quot;orientation&quot;:&quot;landscape&quot;}}\" style=\"\"><\/span><span><img decoding=\"async\" alt=\"\" data-id=\"27108\" width=\"1280\" height=\"853\" title=\"IMG-20201125-WA0010\" src=\"https:\/\/museoverde.org\/wp-content\/uploads\/2022\/03\/IMG-20201125-WA0010-1024x682.jpg\" data-src=\"https:\/\/museoverde.org\/wp-content\/uploads\/2022\/03\/IMG-20201125-WA0010-1024x682.jpg\" loading=\"lazy\" data-sizes=\"{&quot;thumbnail&quot;:{&quot;height&quot;:150,&quot;width&quot;:150,&quot;url&quot;:&quot;https:\/\/museoverde.org\/wp-content\/uploads\/2022\/03\/IMG-20201125-WA0010-150x150.jpg&quot;,&quot;orientation&quot;:&quot;landscape&quot;},&quot;medium&quot;:{&quot;height&quot;:200,&quot;width&quot;:300,&quot;url&quot;:&quot;https:\/\/museoverde.org\/wp-content\/uploads\/2022\/03\/IMG-20201125-WA0010-300x200.jpg&quot;,&quot;orientation&quot;:&quot;landscape&quot;},&quot;large&quot;:{&quot;height&quot;:682,&quot;width&quot;:1024,&quot;url&quot;:&quot;https:\/\/museoverde.org\/wp-content\/uploads\/2022\/03\/IMG-20201125-WA0010-1024x682.jpg&quot;,&quot;orientation&quot;:&quot;landscape&quot;},&quot;full&quot;:{&quot;url&quot;:&quot;https:\/\/museoverde.org\/wp-content\/uploads\/2022\/03\/IMG-20201125-WA0010.jpg&quot;,&quot;height&quot;:853,&quot;width&quot;:1280,&quot;orientation&quot;:&quot;landscape&quot;}}\" style=\"\"><\/span><span><img decoding=\"async\" alt=\"\" data-id=\"27112\" width=\"1280\" height=\"853\" title=\"IMG-20201125-WA0009\" src=\"https:\/\/museoverde.org\/wp-content\/uploads\/2022\/03\/IMG-20201125-WA0009-1024x682.jpg\" data-src=\"https:\/\/museoverde.org\/wp-content\/uploads\/2022\/03\/IMG-20201125-WA0009-1024x682.jpg\" loading=\"lazy\" data-sizes=\"{&quot;thumbnail&quot;:{&quot;height&quot;:150,&quot;width&quot;:150,&quot;url&quot;:&quot;https:\/\/museoverde.org\/wp-content\/uploads\/2022\/03\/IMG-20201125-WA0009-150x150.jpg&quot;,&quot;orientation&quot;:&quot;landscape&quot;},&quot;medium&quot;:{&quot;height&quot;:200,&quot;width&quot;:300,&quot;url&quot;:&quot;https:\/\/museoverde.org\/wp-content\/uploads\/2022\/03\/IMG-20201125-WA0009-300x200.jpg&quot;,&quot;orientation&quot;:&quot;landscape&quot;},&quot;large&quot;:{&quot;height&quot;:682,&quot;width&quot;:1024,&quot;url&quot;:&quot;https:\/\/museoverde.org\/wp-content\/uploads\/2022\/03\/IMG-20201125-WA0009-1024x682.jpg&quot;,&quot;orientation&quot;:&quot;landscape&quot;},&quot;full&quot;:{&quot;url&quot;:&quot;https:\/\/museoverde.org\/wp-content\/uploads\/2022\/03\/IMG-20201125-WA0009.jpg&quot;,&quot;height&quot;:853,&quot;width&quot;:1280,&quot;orientation&quot;:&quot;landscape&quot;}}\" style=\"\"><\/span><span><img decoding=\"async\" alt=\"\" data-id=\"26931\" width=\"330\" height=\"423\" title=\"bambina ayoreo\" src=\"https:\/\/museoverde.org\/wp-content\/uploads\/2022\/03\/bambina-ayoreo-.jpg\" data-src=\"https:\/\/museoverde.org\/wp-content\/uploads\/2022\/03\/bambina-ayoreo-.jpg\" loading=\"lazy\" data-sizes=\"{&quot;thumbnail&quot;:{&quot;height&quot;:150,&quot;width&quot;:150,&quot;url&quot;:&quot;https:\/\/museoverde.org\/wp-content\/uploads\/2022\/03\/bambina-ayoreo--150x150.jpg&quot;,&quot;orientation&quot;:&quot;landscape&quot;},&quot;medium&quot;:{&quot;height&quot;:300,&quot;width&quot;:234,&quot;url&quot;:&quot;https:\/\/museoverde.org\/wp-content\/uploads\/2022\/03\/bambina-ayoreo--234x300.jpg&quot;,&quot;orientation&quot;:&quot;portrait&quot;},&quot;full&quot;:{&quot;url&quot;:&quot;https:\/\/museoverde.org\/wp-content\/uploads\/2022\/03\/bambina-ayoreo-.jpg&quot;,&quot;height&quot;:423,&quot;width&quot;:330,&quot;orientation&quot;:&quot;portrait&quot;}}\" style=\"\"><\/span><span><img decoding=\"async\" alt=\"\" data-id=\"27116\" width=\"2400\" height=\"2560\" title=\"DSC_4053\" src=\"https:\/\/museoverde.org\/wp-content\/uploads\/2022\/03\/DSC_4053-960x1024.jpg\" data-src=\"https:\/\/museoverde.org\/wp-content\/uploads\/2022\/03\/DSC_4053-960x1024.jpg\" loading=\"lazy\" data-sizes=\"{&quot;thumbnail&quot;:{&quot;height&quot;:150,&quot;width&quot;:150,&quot;url&quot;:&quot;https:\/\/museoverde.org\/wp-content\/uploads\/2022\/03\/DSC_4053-150x150.jpg&quot;,&quot;orientation&quot;:&quot;landscape&quot;},&quot;medium&quot;:{&quot;height&quot;:300,&quot;width&quot;:281,&quot;url&quot;:&quot;https:\/\/museoverde.org\/wp-content\/uploads\/2022\/03\/DSC_4053-281x300.jpg&quot;,&quot;orientation&quot;:&quot;portrait&quot;},&quot;large&quot;:{&quot;height&quot;:1024,&quot;width&quot;:960,&quot;url&quot;:&quot;https:\/\/museoverde.org\/wp-content\/uploads\/2022\/03\/DSC_4053-960x1024.jpg&quot;,&quot;orientation&quot;:&quot;portrait&quot;},&quot;full&quot;:{&quot;url&quot;:&quot;https:\/\/museoverde.org\/wp-content\/uploads\/2022\/03\/DSC_4053-scaled.jpg&quot;,&quot;height&quot;:2560,&quot;width&quot;:2400,&quot;orientation&quot;:&quot;portrait&quot;}}\" style=\"\"><\/span><span><img decoding=\"async\" alt=\"\" data-id=\"28061\" width=\"1600\" height=\"1067\" title=\"IMG_5106\" src=\"https:\/\/museoverde.org\/wp-content\/uploads\/2022\/04\/IMG_5106-1024x683.jpg\" data-src=\"https:\/\/museoverde.org\/wp-content\/uploads\/2022\/04\/IMG_5106-1024x683.jpg\" loading=\"lazy\" data-sizes=\"{&quot;thumbnail&quot;:{&quot;height&quot;:150,&quot;width&quot;:150,&quot;url&quot;:&quot;https:\/\/museoverde.org\/wp-content\/uploads\/2022\/04\/IMG_5106-150x150.jpg&quot;,&quot;orientation&quot;:&quot;landscape&quot;},&quot;medium&quot;:{&quot;height&quot;:200,&quot;width&quot;:300,&quot;url&quot;:&quot;https:\/\/museoverde.org\/wp-content\/uploads\/2022\/04\/IMG_5106-300x200.jpg&quot;,&quot;orientation&quot;:&quot;landscape&quot;},&quot;large&quot;:{&quot;height&quot;:683,&quot;width&quot;:1024,&quot;url&quot;:&quot;https:\/\/museoverde.org\/wp-content\/uploads\/2022\/04\/IMG_5106-1024x683.jpg&quot;,&quot;orientation&quot;:&quot;landscape&quot;},&quot;full&quot;:{&quot;url&quot;:&quot;https:\/\/museoverde.org\/wp-content\/uploads\/2022\/04\/IMG_5106.jpg&quot;,&quot;height&quot;:1067,&quot;width&quot;:1600,&quot;orientation&quot;:&quot;landscape&quot;}}\" style=\"\"><\/span><span><img decoding=\"async\" alt=\"\" data-id=\"28065\" width=\"1440\" height=\"1080\" title=\"ach\u00e8\" src=\"https:\/\/museoverde.org\/wp-content\/uploads\/2022\/04\/ache-1024x768.jpg\" data-src=\"https:\/\/museoverde.org\/wp-content\/uploads\/2022\/04\/ache-1024x768.jpg\" loading=\"lazy\" data-sizes=\"{&quot;thumbnail&quot;:{&quot;height&quot;:150,&quot;width&quot;:150,&quot;url&quot;:&quot;https:\/\/museoverde.org\/wp-content\/uploads\/2022\/04\/ache-150x150.jpg&quot;,&quot;orientation&quot;:&quot;landscape&quot;},&quot;medium&quot;:{&quot;height&quot;:225,&quot;width&quot;:300,&quot;url&quot;:&quot;https:\/\/museoverde.org\/wp-content\/uploads\/2022\/04\/ache-300x225.jpg&quot;,&quot;orientation&quot;:&quot;landscape&quot;},&quot;large&quot;:{&quot;height&quot;:768,&quot;width&quot;:1024,&quot;url&quot;:&quot;https:\/\/museoverde.org\/wp-content\/uploads\/2022\/04\/ache-1024x768.jpg&quot;,&quot;orientation&quot;:&quot;landscape&quot;},&quot;full&quot;:{&quot;url&quot;:&quot;https:\/\/museoverde.org\/wp-content\/uploads\/2022\/04\/ache.jpg&quot;,&quot;height&quot;:1080,&quot;width&quot;:1440,&quot;orientation&quot;:&quot;landscape&quot;}}\" style=\"\"><\/span><\/p>\n<h1 style=\"\">LOS PUEBLOS ORIGINARIOS<\/h1>\n<p>\u00bfQui\u00e9nes son los pueblos ind\u00edgenas? En los \u00faltimos a\u00f1os, varios grupos han preferido autodenominarse \u00abpueblos originarios\u00bb para subrayar que han vivido en este continente desde tiempos inmemoriales y que los europeos no llegaron hasta finales del siglo XV. Lo importante no es tanto la denominaci\u00f3n, que puede considerarse una simple etiqueta, como el fondo y lo que significan estas presencias minoritarias, a menudo privadas de visibilidad, desprotegidas, marginadas y opuestas, en el mundo globalizado.<\/p>\n<h3 style=\"text-align: center;\">LOS PUEBLOS ORIGINARIOS<\/h3>\n<p style=\"text-align: center;\"><span style=\"background-color: rgba(255, 255, 255, 0);\">\u200bEN CONTACTO CON MUSEO VERDE<\/span><\/p>\n<p><a href=\"https:\/\/museoverde.org\/es\/gran-chaco\/le-popolazioni-originarie\/ava-guarani\/\"><\/a><\/p>\n<h4 style=\"text-align: right;\"><a href=\"https:\/\/museoverde.org\/es\/gran-chaco\/le-popolazioni-originarie\/ava-guarani\/\" style=\"outline: none;\">AVA GUARAN\u00cd<\/a><\/h4>\n<p><a href=\"https:\/\/museoverde.org\/es\/gran-chaco\/le-popolazioni-originarie\/ache\/\"><\/a><\/p>\n<h4 style=\"text-align: right;\"><a href=\"https:\/\/museoverde.org\/es\/gran-chaco\/le-popolazioni-originarie\/ache\/\" style=\"outline: none;\">ACH\u00c9<\/a><\/h4>\n<p><a href=\"https:\/\/museoverde.org\/es\/gran-chaco\/le-popolazioni-originarie\/ayoreo\/\"><\/a><\/p>\n<h4 style=\"text-align: right;\"><a href=\"\" style=\"outline: none;\"><\/a><a href=\"https:\/\/museoverde.org\/es\/gran-chaco\/le-popolazioni-originarie\/ayoreo\/\" style=\"outline: none;\">AYOREO<\/a><\/h4>\n<p><a href=\"https:\/\/museoverde.org\/es\/gran-chaco\/le-popolazioni-originarie\/enlhet-enxet\/\"><\/a><\/p>\n<h4 style=\"text-align: right;\"><a href=\"https:\/\/museoverde.org\/es\/gran-chaco\/le-popolazioni-originarie\/enlhet-enxet\/\" style=\"outline: none;\">ENLHET-ENXET<\/a><\/h4>\n<p><a href=\"https:\/\/museoverde.org\/es\/gran-chaco\/le-popolazioni-originarie\/kadiweu\/\"><\/a><\/p>\n<h4 style=\"text-align: right;\"><a href=\"\" style=\"outline: none;\"><\/a><a href=\"https:\/\/museoverde.org\/es\/gran-chaco\/le-popolazioni-originarie\/kadiweu\/\" style=\"outline: none;\">KADIW\u00c9U<\/a><\/h4>\n<p><a href=\"https:\/\/museoverde.org\/es\/gran-chaco\/le-popolazioni-originarie\/manjui\/\"><\/a><\/p>\n<h4 style=\"text-align: right;\"><a href=\"\" style=\"outline: none;\"><\/a><a href=\"https:\/\/museoverde.org\/es\/gran-chaco\/le-popolazioni-originarie\/manjui\/\" style=\"outline: none;\">MANJUI<\/a><\/h4>\n<p><a href=\"https:\/\/museoverde.org\/es\/gran-chaco\/le-popolazioni-originarie\/nivacle\/\"><\/a><\/p>\n<h4 style=\"text-align: right;\"><a href=\"\" style=\"outline: none;\"><\/a><a href=\"https:\/\/museoverde.org\/es\/gran-chaco\/le-popolazioni-originarie\/nivacle\/\" style=\"outline: none;\">NIVACLE&#8217;<\/a><\/h4>\n<p><a href=\"https:\/\/museoverde.org\/es\/gran-chaco\/le-popolazioni-originarie\/qom\/\"><\/a><\/p>\n<h4 style=\"text-align: right;\"><a href=\"\" style=\"outline: none;\"><\/a><a href=\"https:\/\/museoverde.org\/es\/gran-chaco\/le-popolazioni-originarie\/qom\/\" style=\"outline: none;\">QOM<\/a><\/h4>\n<p><a href=\"https:\/\/museoverde.org\/es\/gran-chaco\/le-popolazioni-originarie\/wichi\/\"><\/a><\/p>\n<h4 style=\"text-align: right;\"><a href=\"https:\/\/museoverde.org\/es\/gran-chaco\/le-popolazioni-originarie\/wichi\/\" style=\"outline: none;\">WICH\u00cd<\/a><\/h4>\n<p><a href=\"https:\/\/museoverde.org\/es\/gran-chaco\/le-popolazioni-originarie\/yshyr-chamacoco\/\"><\/a><\/p>\n<h4 style=\"text-align: right;\"><a href=\"https:\/\/museoverde.org\/es\/gran-chaco\/le-popolazioni-originarie\/yshyr-chamacoco\/\" style=\"outline: none;\">YSHYR CHAMACOCO<\/a><\/h4>\n<h2 style=\"text-align: left;\">La Red del Museo Verde<\/h2>\n<p style=\"text-align: left;\">\n<p style=\"text-align: left;\">En la actualidad, el Gran Chaco alberga comunidades pertenecientes a 25 grupos \u00e9tnicos o pueblos diferentes, agrupados en 10 grupos ling\u00fc\u00edsticos distintos.Son el resultado de las inmigraciones prehist\u00f3ricas procedentes de Asia y Ocean\u00eda, y de las posteriores migraciones internas, conflictos, fusiones y remodelaciones que han continuado hasta tiempos recientes. El resultado es un cuadro cultural complejo, un mosaico de culturas, cada una de ellas diferente de la otra, pero al mismo tiempo unidas por caracter\u00edsticas comunes.Mucho se ha perdido, devorado por la globalizaci\u00f3n, pero mucho ha permanecido, gracias a la resistencia de estos pueblos.El Museo Verde, con el objetivo de preservar y valorizar este patrimonio, ha establecido relaciones con comunidades pertenecientes a 10 de los 25 pueblos originarios a\u00fan presentes en la zona. Se trata de Yshir, Ayoreo, Ache, Nivacle, Manjui, Enlhet-Enxet en Paraguay, Kadiweo en el Pantanal brasile\u00f1o, Wichi y Qom en Argentina y Ava Guaran\u00ed en Bolivia.<\/p>\n","protected":false},"excerpt":{"rendered":"<p>25 GRUPOS \u00c9TNICOS, 10 GRUPOS LING\u00dc\u00cdSTICOS. UN MOSAICO DE CULTURAS, DIFERENCIADAS PERO CON CARACTER\u00cdSTICAS COMUNES LoS PuebloS ORIGINArioS Un patrimonio de tradiciones, t\u00e9cnicas artesanales, conocimientos y saber hacer, en gran parte desconocido para nosotros. \u201cLos pa\u00edses m\u00e1s avanzados conducen al mundo hacia la cat\u00e1strofe, mientras que los pueblos hasta ahora considerados primitivos intentan salvar el [&hellip;]<\/p>\n","protected":false},"author":3,"featured_media":0,"parent":28595,"menu_order":0,"comment_status":"closed","ping_status":"closed","template":"","meta":{"footnotes":""},"class_list":["post-28601","page","type-page","status-publish","hentry","post-wrapper","thrv_wrapper"],"_links":{"self":[{"href":"https:\/\/museoverde.org\/es\/wp-json\/wp\/v2\/pages\/28601","targetHints":{"allow":["GET"]}}],"collection":[{"href":"https:\/\/museoverde.org\/es\/wp-json\/wp\/v2\/pages"}],"about":[{"href":"https:\/\/museoverde.org\/es\/wp-json\/wp\/v2\/types\/page"}],"author":[{"embeddable":true,"href":"https:\/\/museoverde.org\/es\/wp-json\/wp\/v2\/users\/3"}],"replies":[{"embeddable":true,"href":"https:\/\/museoverde.org\/es\/wp-json\/wp\/v2\/comments?post=28601"}],"version-history":[{"count":23,"href":"https:\/\/museoverde.org\/es\/wp-json\/wp\/v2\/pages\/28601\/revisions"}],"predecessor-version":[{"id":29852,"href":"https:\/\/museoverde.org\/es\/wp-json\/wp\/v2\/pages\/28601\/revisions\/29852"}],"up":[{"embeddable":true,"href":"https:\/\/museoverde.org\/es\/wp-json\/wp\/v2\/pages\/28595"}],"wp:attachment":[{"href":"https:\/\/museoverde.org\/es\/wp-json\/wp\/v2\/media?parent=28601"}],"curies":[{"name":"wp","href":"https:\/\/api.w.org\/{rel}","templated":true}]}}