{"id":28648,"date":"2022-02-17T18:19:45","date_gmt":"2022-02-17T17:19:45","guid":{"rendered":"https:\/\/museoverde.org\/donazioni\/"},"modified":"2022-06-03T12:28:12","modified_gmt":"2022-06-03T10:28:12","slug":"que-puedes-hacer","status":"publish","type":"page","link":"https:\/\/museoverde.org\/es\/que-puedes-hacer\/","title":{"rendered":"Que puedes hacer"},"content":{"rendered":"<h1 style=\"\">DONA EL 5X1000<\/h1>\n<p style=\"\">Consolidaci\u00f3n y ampliaci\u00f3n de la red de museos verdes y puesta en marcha de iniciativas \u00fatiles para la conservaci\u00f3n de las culturas ind\u00edgenas y la naturaleza del gran chaco.<\/p>\n<h1 style=\"text-align: center;\">SUSCR\u00cdBASE AL BOLET\u00cdN DE NOTICIAS<\/h1>\n<p style=\"text-align: center;\">Apoye el proyecto del Museo Verde suscribi\u00e9ndose a nuestro bolet\u00edn de noticias<\/p>\n<p><span><img decoding=\"async\" alt=\"\" data-id=\"677\" width=\"55\" data-init-width=\"222\" height=\"42\" data-init-height=\"168\" title=\"Arrow_01\" src=\"\/\/museoverde.org\/wp-content\/uploads\/tcb_content_templates\/images\/Arrow_01.png\" data-width=\"55\" data-height=\"42\" style=\"\" loading=\"lazy\"><\/span><\/p>\n","protected":false},"excerpt":{"rendered":"<p>DONA EL 5X1000 Consolidaci\u00f3n y ampliaci\u00f3n de la red de museos verdes y puesta en marcha de iniciativas \u00fatiles para la conservaci\u00f3n de las culturas ind\u00edgenas y la naturaleza del gran chaco. SUSCR\u00cdBASE AL BOLET\u00cdN DE NOTICIAS Apoye el proyecto del Museo Verde suscribi\u00e9ndose a nuestro bolet\u00edn de noticias<\/p>\n","protected":false},"author":3,"featured_media":0,"parent":0,"menu_order":0,"comment_status":"closed","ping_status":"closed","template":"","meta":{"footnotes":""},"class_list":["post-28648","page","type-page","status-publish","hentry","post-wrapper","thrv_wrapper"],"_links":{"self":[{"href":"https:\/\/museoverde.org\/es\/wp-json\/wp\/v2\/pages\/28648","targetHints":{"allow":["GET"]}}],"collection":[{"href":"https:\/\/museoverde.org\/es\/wp-json\/wp\/v2\/pages"}],"about":[{"href":"https:\/\/museoverde.org\/es\/wp-json\/wp\/v2\/types\/page"}],"author":[{"embeddable":true,"href":"https:\/\/museoverde.org\/es\/wp-json\/wp\/v2\/users\/3"}],"replies":[{"embeddable":true,"href":"https:\/\/museoverde.org\/es\/wp-json\/wp\/v2\/comments?post=28648"}],"version-history":[{"count":14,"href":"https:\/\/museoverde.org\/es\/wp-json\/wp\/v2\/pages\/28648\/revisions"}],"predecessor-version":[{"id":29410,"href":"https:\/\/museoverde.org\/es\/wp-json\/wp\/v2\/pages\/28648\/revisions\/29410"}],"wp:attachment":[{"href":"https:\/\/museoverde.org\/es\/wp-json\/wp\/v2\/media?parent=28648"}],"curies":[{"name":"wp","href":"https:\/\/api.w.org\/{rel}","templated":true}]}}