{"id":28653,"date":"2022-01-03T10:41:07","date_gmt":"2022-01-03T09:41:07","guid":{"rendered":"https:\/\/museoverde.org\/contatti\/"},"modified":"2024-09-09T00:24:59","modified_gmt":"2024-09-08T22:24:59","slug":"contactanos","status":"publish","type":"page","link":"https:\/\/museoverde.org\/es\/contactanos\/","title":{"rendered":"Contactanos"},"content":{"rendered":"<h2 style=\"\">CONTACTANOS<\/h2>\n<h1 style=\"text-align: center;\">SUSCR\u00cdBASE AL BOLET\u00cdN DE NOTICIAS<\/h1>\n<p style=\"text-align: center;\">Apoye el proyecto del Museo Verde suscribi\u00e9ndose a nuestro bolet\u00edn de noticias<\/p>\n<p><span><img decoding=\"async\" alt=\"\" data-id=\"677\" width=\"55\" data-init-width=\"222\" height=\"42\" data-init-height=\"168\" title=\"Arrow_01\" loading=\"lazy\" src=\"\/\/museoverde.org\/wp-content\/uploads\/tcb_content_templates\/images\/Arrow_01.png\" data-width=\"55\" data-height=\"42\" style=\"aspect-ratio: auto 222 \/ 168;\"><\/span><\/p>\n","protected":false},"excerpt":{"rendered":"<p>CONTACTANOS SUSCR\u00cdBASE AL BOLET\u00cdN DE NOTICIAS Apoye el proyecto del Museo Verde suscribi\u00e9ndose a nuestro bolet\u00edn de noticias<\/p>\n","protected":false},"author":1,"featured_media":0,"parent":0,"menu_order":0,"comment_status":"closed","ping_status":"closed","template":"","meta":{"footnotes":""},"class_list":["post-28653","page","type-page","status-publish","hentry","post-wrapper","thrv_wrapper"],"_links":{"self":[{"href":"https:\/\/museoverde.org\/es\/wp-json\/wp\/v2\/pages\/28653","targetHints":{"allow":["GET"]}}],"collection":[{"href":"https:\/\/museoverde.org\/es\/wp-json\/wp\/v2\/pages"}],"about":[{"href":"https:\/\/museoverde.org\/es\/wp-json\/wp\/v2\/types\/page"}],"author":[{"embeddable":true,"href":"https:\/\/museoverde.org\/es\/wp-json\/wp\/v2\/users\/1"}],"replies":[{"embeddable":true,"href":"https:\/\/museoverde.org\/es\/wp-json\/wp\/v2\/comments?post=28653"}],"version-history":[{"count":33,"href":"https:\/\/museoverde.org\/es\/wp-json\/wp\/v2\/pages\/28653\/revisions"}],"predecessor-version":[{"id":30212,"href":"https:\/\/museoverde.org\/es\/wp-json\/wp\/v2\/pages\/28653\/revisions\/30212"}],"wp:attachment":[{"href":"https:\/\/museoverde.org\/es\/wp-json\/wp\/v2\/media?parent=28653"}],"curies":[{"name":"wp","href":"https:\/\/api.w.org\/{rel}","templated":true}]}}