{"id":28669,"date":"2022-03-31T12:38:45","date_gmt":"2022-03-31T10:38:45","guid":{"rendered":"https:\/\/museoverde.org\/rassegna-stampa\/intervista-a-analia-rodriguez-di-fortin-lavalle\/"},"modified":"2022-06-02T12:34:28","modified_gmt":"2022-06-02T10:34:28","slug":"intervista-a-analia-rodriguez-di-fortin-lavalle","status":"publish","type":"page","link":"https:\/\/museoverde.org\/es\/prensa\/intervista-a-analia-rodriguez-di-fortin-lavalle\/","title":{"rendered":"Intervista ad Analia Rodriguez di Fortin Lavalle"},"content":{"rendered":"<h2 style=\"text-align: left;\">Entrevista a Analia Rodr\u00edguez por Fortin Lavalle<\/h2>\n<h5 style=\"text-align: left;\">Un vistazo al mundo de la artesan\u00eda femenina de Qom<\/h5>\n<h6 style=\"text-align: left;\">Entrevista realizada por Beatrice D&#8217;Ascenzi y Anita Testa<\/h6>\n<p dir=\"ltr\">Domingo 14 de marzo de 2021<\/p>\n<p dir=\"ltr\">En este mes, en el que se conmemora el D\u00eda Internacional de los Derechos de la Mujer, la organizaci\u00f3n sin \u00e1nimo de lucro Museo Verde decidi\u00f3 recoger un importante testimonio que proviene directamente de los territorios del Gran Chaco, y en particular de la poblaci\u00f3n ind\u00edgena Qom. Esta poblaci\u00f3n siempre ha destacado por la creaci\u00f3n artesanal de productos elaborados con las hojas de la palmera enana de las tierras de Qom, cuyo nombre cient\u00edfico es Trithrinax Schizophylla. En concreto, el grupo de artesanas de Fort\u00edn Lavalle se dedica a la elaboraci\u00f3n de cestas, sombreros de paja y bolsos de hoja de palma, bajo la experta direcci\u00f3n de la presidenta de la asociaci\u00f3n Qomlashepi Onataxanaxaipi, Analia Rodr\u00edguez, que nos dio a conocer de primera mano el proceso de comercio y producci\u00f3n de la artesan\u00eda Qom. La citada asociaci\u00f3n, formada exclusivamente por mujeres artesanas, es, por tanto, un ejemplo fundamental del encuentro de la tradici\u00f3n con la modernidad y la innovaci\u00f3n. A trav\u00e9s de la experimentaci\u00f3n con tintes naturales, el uso de materiales exclusivamente locales y el compromiso de las instituciones de apoyar la venta en l\u00ednea de los productos Qom, la realidad de Analia y de las dem\u00e1s artesanas est\u00e1 cada vez m\u00e1s consolidada fuera de la comunidad. La importancia de esta realidad tambi\u00e9n se ve subrayada por el hecho de que las ventas por Internet han aumentado mucho durante la actual situaci\u00f3n de pandemia, lo que da a la artesan\u00eda Qom una dimensi\u00f3n mundial, pero al mismo tiempo sigue siendo una piedra angular de la peque\u00f1a comunidad en la que se desarroll\u00f3 hace cientos y cientos (o quiz\u00e1s incluso miles) de a\u00f1os, cuando se cree que los primeros habitantes de Qom empezaron a utilizar la palma Trithrinax Schizophylla en sus territorios. La realidad de Analia Rodr\u00edguez es quiz\u00e1 una de las m\u00e1s representativas del encuentro entre tradici\u00f3n e innovaci\u00f3n en la fabricaci\u00f3n, como se ha mencionado anteriormente. Ubicada en Fort\u00edn Lavalle, una localidad argentina del departamento de General G\u00fcemes, en la provincia del Chaco, la asociaci\u00f3n, de la que Rodr\u00edguez no s\u00f3lo es la jefa sino que tambi\u00e9n desempe\u00f1a el importante papel de t\u00e9cnico de la Cadena Artesanal local, es un faro en cuanto a artesan\u00eda tradicional, pero no s\u00f3lo. De hecho, las mujeres que trabajan all\u00ed son capaces de redescubrir la pasi\u00f3n y la independencia que aporta un trabajo, el de crear objetos con hojas de palmera, que estaba desapareciendo poco a poco, y adem\u00e1s tienen la oportunidad de crear una fuerte red de apoyo femenino en la que las trabajadoras hablan de su realidad cotidiana, de sus experiencias y conocimientos emocionales e \u00edntimos, as\u00ed como de su trabajo.La siguiente entrevista fue realizada en forma escrita a Analia Rodr\u00edguez, precisamente para analizar con mayor profundidad la realidad de las \u00abmujeres artesanas\u00bb de Fort\u00edn Lavalle, de la continuidad con el pasado y el encuentro con el futuro que pretende la asociaci\u00f3n, pero que no desvirt\u00faa un verdadero arte llevado con respeto y transmitido con compromiso a quienes ser\u00e1n los artesanos y artesanas del ma\u00f1ana.Nota de la autora: la entrevista con Anal\u00eda Rodr\u00edguez est\u00e1 escrita en espa\u00f1ol, la lengua materna de la entrevistada, pero a continuaci\u00f3n se ofrece una traducci\u00f3n al italiano del mismo texto.<strong>MUSEO VERDE<\/strong>: \u00bfQu\u00e9 productos se fabrican m\u00e1s en su comunidad?<strong>ANALIA<\/strong>: Las mujeres utilizamos hojas de palma para hacer nuestras artesan\u00edas<strong>MV<\/strong>: \u00bfQu\u00e9 significa para su comunidad ser una mujer artesana?<strong>R<\/strong>: Hace cinco a\u00f1os pronunciar la palabra &#8216;artesano&#8217; era como una burla, nos ca\u00eda muy mal, con el tiempo hemos crecido en conocimiento, en &#8216;empoderamiento&#8217; que hace que nuestro trabajo sea apreciado dentro de la propia comunidad.<strong>MV<\/strong>: \u00bfQu\u00e9 relaci\u00f3n tiene su comunidad con la artesan\u00eda occidental y la econom\u00eda del pa\u00eds?<strong>R<\/strong>: En cuanto a la artesan\u00eda occidental, hay poca informaci\u00f3n en nuestra comunidad. La econom\u00eda del pa\u00eds es algo que nos preocupa mucho, ya que hay sectores de la poblaci\u00f3n que siguen devaluando el trabajo que hacemos.<strong>MV<\/strong>: H\u00e1blenos de los proyectos futuros de su comunidad.<strong>R<\/strong>: [Como proyectos de futuro, nos gustar\u00eda] que nuestros hijos estudiaran, pero sin olvidar su lengua, el trabajo que hacemos en este caso con la artesan\u00eda, el cuidado del medio ambiente que es la fuente que nos da el alimento. Dentro de la asociaci\u00f3n, [nos gustar\u00eda] incorporar a m\u00e1s mujeres y que los proyectos provengan de la misma comunidad.No pod\u00edamos dejar de empezar esta serie de entrevistas a miembros de la organizaci\u00f3n sin \u00e1nimo de lucro Museo Verde, en esta semana en la que se celebra el D\u00eda Internacional de los Derechos de la Mujer, con la experiencia de Analia Rodr\u00edguez. Porque es gracias a asociaciones como Qomlashepi Onataxanaxaipi que la experiencia y el trabajo de las mujeres no s\u00f3lo ayudan a toda una comunidad, sino que env\u00edan una importante se\u00f1al, manteniendo viva la memoria de realidades que diariamente corren el riesgo de ser olvidadas para siempre.<\/p>\n","protected":false},"excerpt":{"rendered":"<p>Entrevista a Analia Rodr\u00edguez por Fortin Lavalle Un vistazo al mundo de la artesan\u00eda femenina de Qom Entrevista realizada por Beatrice D&#8217;Ascenzi y Anita Testa Domingo 14 de marzo de 2021 En este mes, en el que se conmemora el D\u00eda Internacional de los Derechos de la Mujer, la organizaci\u00f3n sin \u00e1nimo de lucro Museo [&hellip;]<\/p>\n","protected":false},"author":3,"featured_media":0,"parent":28663,"menu_order":0,"comment_status":"closed","ping_status":"closed","template":"","meta":{"footnotes":""},"class_list":["post-28669","page","type-page","status-publish","hentry","post-wrapper","thrv_wrapper"],"_links":{"self":[{"href":"https:\/\/museoverde.org\/es\/wp-json\/wp\/v2\/pages\/28669","targetHints":{"allow":["GET"]}}],"collection":[{"href":"https:\/\/museoverde.org\/es\/wp-json\/wp\/v2\/pages"}],"about":[{"href":"https:\/\/museoverde.org\/es\/wp-json\/wp\/v2\/types\/page"}],"author":[{"embeddable":true,"href":"https:\/\/museoverde.org\/es\/wp-json\/wp\/v2\/users\/3"}],"replies":[{"embeddable":true,"href":"https:\/\/museoverde.org\/es\/wp-json\/wp\/v2\/comments?post=28669"}],"version-history":[{"count":3,"href":"https:\/\/museoverde.org\/es\/wp-json\/wp\/v2\/pages\/28669\/revisions"}],"predecessor-version":[{"id":29375,"href":"https:\/\/museoverde.org\/es\/wp-json\/wp\/v2\/pages\/28669\/revisions\/29375"}],"up":[{"embeddable":true,"href":"https:\/\/museoverde.org\/es\/wp-json\/wp\/v2\/pages\/28663"}],"wp:attachment":[{"href":"https:\/\/museoverde.org\/es\/wp-json\/wp\/v2\/media?parent=28669"}],"curies":[{"name":"wp","href":"https:\/\/api.w.org\/{rel}","templated":true}]}}