{"id":29765,"date":"2023-10-23T23:50:27","date_gmt":"2023-10-23T21:50:27","guid":{"rendered":"https:\/\/museoverde.org\/?page_id=29765"},"modified":"2023-10-24T00:17:20","modified_gmt":"2023-10-23T22:17:20","slug":"enlhet-enxet","status":"publish","type":"page","link":"https:\/\/museoverde.org\/es\/el-gran-chaco\/le-popolazioni-originarie\/enlhet-enxet\/","title":{"rendered":"Enlhet \u2013 Enxet"},"content":{"rendered":"<h3 style=\"\"><strong>ENLHET &#8211; ENXET<\/strong><\/h3>\n<p>Familia ling\u00fc\u00edstica Maskoy.Departamentos de Boqueron, Pdte. Hayes, Alto Paraguay.Conocidos tambi\u00e9n como Lengua, se distinguen los del Norte ( Enlhet) y los del sur ( Enxet).Experimentan tambi\u00e9n cooperativismo en lo que se refiere a almacenes de consumo, peque\u00f1a ganader\u00eda, cr\u00eda de animales menores y producci\u00f3n l\u00e1ctea.Sus casas tradicionales eran de forma circular, relativamente bajas (una persona no pod\u00eda permanecer de pie),construidas clavando palos en la tierra y unendo los extremos superiores en forma de c\u00fapula. Encima amontonaban ramas, pasto, hojas, creando un tejado r\u00fastico.Para sus fiestas y rituales obten\u00edan bebidas por la fermentaci\u00f3n del algarrobo, el miel, el ma\u00edz y el zapallo.Para la caza y para la guerra utilizaban un palo de madera dura, arcos y flechas. La cuerda del arco se constru\u00eda de tiras de piel de venado.Para marcar el tiempo ten\u00edan un palito donde hac\u00edan una ranura por cada d\u00eda que pasaba.Como instrumentos musicales usan una flauta de bamb\u00fa y un silbato de palo santo o de hueso, tambores de cuero batidos con palos de madera y tambi\u00e9n un viol\u00edn r\u00fastico, con una \u00fanica cuerda, hecha de cerda. El sonido se obtiene por fricci\u00f3n de un peque\u00f1o arco de cerda y madera. El cham\u00e1n ocupa un lugar privilegiado en las comunidades. El tiene que pasar por una iniciaci\u00f3n muy severa: ayunos rigurosos, ingesti\u00f3n de hierbas que alteran el sistema nervioso, dias de soledad, hasta llegar a una situaci\u00f3n de extra percepci\u00f3n sensorial. En el conocido \u201c viaje ext\u00e1tico\u00bb los aspirantes tienen acceso al mundo espiritual y descubren las causas y los medios eficaces, incluyendo la hipnosis, para remover las malas influencias causantes de las enfermedades.Los muertos son enterrados en un pozo, donde la persona est\u00e1 colocada en posici\u00f3n fetal. Luego de la muerte se destru\u00eda la choza del finado y se quemaban los alrededores. Un ritual funerario com\u00fan era abrir el costado del muerto e introducir en la herida piedras calientes, u\u00f1as de armadillo, huesos de perro y a vezes hormigas rojas. Las piedras guiaban al muerto en su ascenso por la v\u00eda l\u00e1ctea y, a\u00fan, permitiendo al esp\u00edritu caer como estrellas fugaces.Los Enxet Enlhet sienten mucho temor hacia los kilyikhama, que son seres superiores malignos que pueden posesionarse del cuerpo de los durmientes, mientras que el alma est\u00e1 separada de \u00e9l durante un sue\u00f1o. Para protegerse de los kilyikhama confeccionan amuletos con plumasLas fiestas revisten una importancia fundamental. Los participantes llevan bellos adornos de pluma y otros ornamentos, adem\u00e1s de las pinturas corporales.Las fiestas de iniciaci\u00f3n femenina y masculina ocurren en el d\u00eda, duran seis semanas con baile i chicha obtenida por la fermentaci\u00f3n de ma\u00edz, algarrobo y otras frutas silvestres.Las fiestas para celebrar las estaciones del a\u00f1o (alyapvay\u2019aclha\u2019), la guerra, el casamiento, las visitas y las fiestas funerarias ocurren de noche.Seg\u00fan la tradici\u00f3n antiguamente , en un paraje donde se encuentra hoy la ciudad de Loma Plata, en el Chaco Boreal, se abri\u00f3 un gran pozo. De all\u00ed salieron los r\u00edos y los peces que se fueron desparramando por el mundo y tambi\u00e9n caballos y los hombres del Mundo Subterr\u00e1neo, que ten\u00edan diversos idiomas . El agua del pozo sali\u00f3, se fue hacia el occidente y form\u00f3 un gran lago. Los Lenguas quedaron en esta regi\u00f3n junto a la laguna y los otros se dispersaron hacia el Norte, el Sur, el Este y el Oeste.Los hombres cazaban y, m\u00e1s adelante, descubrieron diferentes clases de abejas y de miel, que ten\u00edan diferentes nombres y gusto.Un d\u00eda un hombre tir\u00f2 a las nubes su flecha que se qued\u00f3 metida all\u00ed. Los hombres treparon hacia al Mundo Superior y de all\u00ed llegaron las plantas y los animales.<strong>Artesan\u00eda<\/strong> Se confeccionan mantas, cintos a vezes decorados con caracoles y una pluma escarlata , binchas, pulseras y bolsas de lana obtenidas por tranquilla de las ovejas de dos colore, blanca y obscura, con dibujos geom\u00e9tricos o figuras. Se utiliza un telar construido con dos ramas clavadas en la tierra, unidas por dos palos trasversalmente.Con el caraguata se confeccionan cuerdas y bolsas.Ropa, sandalias, perneras para protegerse de las espinasen el monte, alfombras y grandes bolsos para transportar miel se confeccionaban con cuero o con la piel del \u00f1and\u00fa. Collares muy largos, hasta de seis metros, se hac\u00edan con caracoles y semillas.Las mujeres confeccionaban utensilios dom\u00e9sticos de alfarer\u00eda para ser utilizados como ollas , c\u00e1ntaros y fuentes para la comida, decorados con dise\u00f1os geom\u00e9tricos y de animales.Diferentes clases de calabazas eran utilizadas para guardar agua, comida, semillas y tabaco.<strong>El Museo Verde de Filadelfia<\/strong>El proceso de realizaci\u00f3n de un Museo verde \u201cLiviano\u201d , colocando paneles sobre la Cultura Enxet- Enlhet en el Centro de artesan\u00eda est\u00e1 en curso<strong>Como llegar.<\/strong>Ruta TransChaco. Aprox 450 km de camino asfaltado de Asuncion.<\/p>\n<p><span><img decoding=\"async\" alt=\"\" data-id=\"27100\" width=\"853\" height=\"1280\" title=\"IMG-20210725-WA0006\" src=\"https:\/\/museoverde.org\/wp-content\/uploads\/2022\/03\/IMG-20210725-WA0006-200x300.jpg\" data-src=\"https:\/\/museoverde.org\/wp-content\/uploads\/2022\/03\/IMG-20210725-WA0006-682x1024.jpg\" loading=\"lazy\" data-sizes=\"{&quot;thumbnail&quot;:{&quot;height&quot;:150,&quot;width&quot;:150,&quot;url&quot;:&quot;https:\/\/museoverde.org\/wp-content\/uploads\/2022\/03\/IMG-20210725-WA0006-150x150.jpg&quot;,&quot;orientation&quot;:&quot;landscape&quot;},&quot;medium&quot;:{&quot;height&quot;:300,&quot;width&quot;:200,&quot;url&quot;:&quot;https:\/\/museoverde.org\/wp-content\/uploads\/2022\/03\/IMG-20210725-WA0006-200x300.jpg&quot;,&quot;orientation&quot;:&quot;portrait&quot;},&quot;large&quot;:{&quot;height&quot;:1024,&quot;width&quot;:682,&quot;url&quot;:&quot;https:\/\/museoverde.org\/wp-content\/uploads\/2022\/03\/IMG-20210725-WA0006-682x1024.jpg&quot;,&quot;orientation&quot;:&quot;portrait&quot;},&quot;full&quot;:{&quot;url&quot;:&quot;https:\/\/museoverde.org\/wp-content\/uploads\/2022\/03\/IMG-20210725-WA0006.jpg&quot;,&quot;height&quot;:1280,&quot;width&quot;:853,&quot;orientation&quot;:&quot;portrait&quot;}}\" style=\"\"><\/span><span><img decoding=\"async\" alt=\"\" data-id=\"27104\" width=\"853\" height=\"1280\" title=\"IMG-20201125-WA0011\" src=\"https:\/\/museoverde.org\/wp-content\/uploads\/2022\/03\/IMG-20201125-WA0011-200x300.jpg\" data-src=\"https:\/\/museoverde.org\/wp-content\/uploads\/2022\/03\/IMG-20201125-WA0011-682x1024.jpg\" loading=\"lazy\" data-sizes=\"{&quot;thumbnail&quot;:{&quot;height&quot;:150,&quot;width&quot;:150,&quot;url&quot;:&quot;https:\/\/museoverde.org\/wp-content\/uploads\/2022\/03\/IMG-20201125-WA0011-150x150.jpg&quot;,&quot;orientation&quot;:&quot;landscape&quot;},&quot;medium&quot;:{&quot;height&quot;:300,&quot;width&quot;:200,&quot;url&quot;:&quot;https:\/\/museoverde.org\/wp-content\/uploads\/2022\/03\/IMG-20201125-WA0011-200x300.jpg&quot;,&quot;orientation&quot;:&quot;portrait&quot;},&quot;large&quot;:{&quot;height&quot;:1024,&quot;width&quot;:682,&quot;url&quot;:&quot;https:\/\/museoverde.org\/wp-content\/uploads\/2022\/03\/IMG-20201125-WA0011-682x1024.jpg&quot;,&quot;orientation&quot;:&quot;portrait&quot;},&quot;full&quot;:{&quot;url&quot;:&quot;https:\/\/museoverde.org\/wp-content\/uploads\/2022\/03\/IMG-20201125-WA0011.jpg&quot;,&quot;height&quot;:1280,&quot;width&quot;:853,&quot;orientation&quot;:&quot;portrait&quot;}}\" style=\"\"><\/span><span><img decoding=\"async\" alt=\"\" data-id=\"27108\" width=\"1280\" height=\"853\" title=\"IMG-20201125-WA0010\" src=\"https:\/\/museoverde.org\/wp-content\/uploads\/2022\/03\/IMG-20201125-WA0010-300x200.jpg\" data-src=\"https:\/\/museoverde.org\/wp-content\/uploads\/2022\/03\/IMG-20201125-WA0010-1024x682.jpg\" loading=\"lazy\" data-sizes=\"{&quot;thumbnail&quot;:{&quot;height&quot;:150,&quot;width&quot;:150,&quot;url&quot;:&quot;https:\/\/museoverde.org\/wp-content\/uploads\/2022\/03\/IMG-20201125-WA0010-150x150.jpg&quot;,&quot;orientation&quot;:&quot;landscape&quot;},&quot;medium&quot;:{&quot;height&quot;:200,&quot;width&quot;:300,&quot;url&quot;:&quot;https:\/\/museoverde.org\/wp-content\/uploads\/2022\/03\/IMG-20201125-WA0010-300x200.jpg&quot;,&quot;orientation&quot;:&quot;landscape&quot;},&quot;large&quot;:{&quot;height&quot;:682,&quot;width&quot;:1024,&quot;url&quot;:&quot;https:\/\/museoverde.org\/wp-content\/uploads\/2022\/03\/IMG-20201125-WA0010-1024x682.jpg&quot;,&quot;orientation&quot;:&quot;landscape&quot;},&quot;full&quot;:{&quot;url&quot;:&quot;https:\/\/museoverde.org\/wp-content\/uploads\/2022\/03\/IMG-20201125-WA0010.jpg&quot;,&quot;height&quot;:853,&quot;width&quot;:1280,&quot;orientation&quot;:&quot;landscape&quot;}}\" style=\"\"><\/span><span><img decoding=\"async\" alt=\"\" data-id=\"27112\" width=\"1280\" height=\"853\" title=\"IMG-20201125-WA0009\" src=\"https:\/\/museoverde.org\/wp-content\/uploads\/2022\/03\/IMG-20201125-WA0009-300x200.jpg\" data-src=\"https:\/\/museoverde.org\/wp-content\/uploads\/2022\/03\/IMG-20201125-WA0009-1024x682.jpg\" loading=\"lazy\" data-sizes=\"{&quot;thumbnail&quot;:{&quot;height&quot;:150,&quot;width&quot;:150,&quot;url&quot;:&quot;https:\/\/museoverde.org\/wp-content\/uploads\/2022\/03\/IMG-20201125-WA0009-150x150.jpg&quot;,&quot;orientation&quot;:&quot;landscape&quot;},&quot;medium&quot;:{&quot;height&quot;:200,&quot;width&quot;:300,&quot;url&quot;:&quot;https:\/\/museoverde.org\/wp-content\/uploads\/2022\/03\/IMG-20201125-WA0009-300x200.jpg&quot;,&quot;orientation&quot;:&quot;landscape&quot;},&quot;large&quot;:{&quot;height&quot;:682,&quot;width&quot;:1024,&quot;url&quot;:&quot;https:\/\/museoverde.org\/wp-content\/uploads\/2022\/03\/IMG-20201125-WA0009-1024x682.jpg&quot;,&quot;orientation&quot;:&quot;landscape&quot;},&quot;full&quot;:{&quot;url&quot;:&quot;https:\/\/museoverde.org\/wp-content\/uploads\/2022\/03\/IMG-20201125-WA0009.jpg&quot;,&quot;height&quot;:853,&quot;width&quot;:1280,&quot;orientation&quot;:&quot;landscape&quot;}}\" style=\"\"><\/span><span><img decoding=\"async\" alt=\"\" data-id=\"27116\" width=\"2400\" height=\"2560\" title=\"DSC_4053\" src=\"https:\/\/museoverde.org\/wp-content\/uploads\/2022\/03\/DSC_4053-281x300.jpg\" data-src=\"https:\/\/museoverde.org\/wp-content\/uploads\/2022\/03\/DSC_4053-960x1024.jpg\" loading=\"lazy\" data-sizes=\"{&quot;thumbnail&quot;:{&quot;height&quot;:150,&quot;width&quot;:150,&quot;url&quot;:&quot;https:\/\/museoverde.org\/wp-content\/uploads\/2022\/03\/DSC_4053-150x150.jpg&quot;,&quot;orientation&quot;:&quot;landscape&quot;},&quot;medium&quot;:{&quot;height&quot;:300,&quot;width&quot;:281,&quot;url&quot;:&quot;https:\/\/museoverde.org\/wp-content\/uploads\/2022\/03\/DSC_4053-281x300.jpg&quot;,&quot;orientation&quot;:&quot;portrait&quot;},&quot;large&quot;:{&quot;height&quot;:1024,&quot;width&quot;:960,&quot;url&quot;:&quot;https:\/\/museoverde.org\/wp-content\/uploads\/2022\/03\/DSC_4053-960x1024.jpg&quot;,&quot;orientation&quot;:&quot;portrait&quot;},&quot;full&quot;:{&quot;url&quot;:&quot;https:\/\/museoverde.org\/wp-content\/uploads\/2022\/03\/DSC_4053-scaled.jpg&quot;,&quot;height&quot;:2560,&quot;width&quot;:2400,&quot;orientation&quot;:&quot;portrait&quot;}}\" style=\"\"><\/span><span><img decoding=\"async\" alt=\"\" data-id=\"27120\" width=\"2560\" height=\"1932\" title=\"DSC_0296 2\" src=\"https:\/\/museoverde.org\/wp-content\/uploads\/2022\/03\/DSC_0296-2-300x226.jpg\" data-src=\"https:\/\/museoverde.org\/wp-content\/uploads\/2022\/03\/DSC_0296-2-1024x773.jpg\" loading=\"lazy\" data-sizes=\"{&quot;thumbnail&quot;:{&quot;height&quot;:150,&quot;width&quot;:150,&quot;url&quot;:&quot;https:\/\/museoverde.org\/wp-content\/uploads\/2022\/03\/DSC_0296-2-150x150.jpg&quot;,&quot;orientation&quot;:&quot;landscape&quot;},&quot;medium&quot;:{&quot;height&quot;:226,&quot;width&quot;:300,&quot;url&quot;:&quot;https:\/\/museoverde.org\/wp-content\/uploads\/2022\/03\/DSC_0296-2-300x226.jpg&quot;,&quot;orientation&quot;:&quot;landscape&quot;},&quot;large&quot;:{&quot;height&quot;:773,&quot;width&quot;:1024,&quot;url&quot;:&quot;https:\/\/museoverde.org\/wp-content\/uploads\/2022\/03\/DSC_0296-2-1024x773.jpg&quot;,&quot;orientation&quot;:&quot;landscape&quot;},&quot;full&quot;:{&quot;url&quot;:&quot;https:\/\/museoverde.org\/wp-content\/uploads\/2022\/03\/DSC_0296-2-scaled.jpg&quot;,&quot;height&quot;:1932,&quot;width&quot;:2560,&quot;orientation&quot;:&quot;landscape&quot;}}\" style=\"\"><\/span><span><img decoding=\"async\" alt=\"\" data-id=\"27124\" width=\"1916\" height=\"2560\" title=\"Ashnuwertha, la dea delle acque nella mitologia Ishir\" src=\"https:\/\/museoverde.org\/wp-content\/uploads\/2022\/03\/Ashnuwertha-la-dea-delle-acque-nella-mitologia-Ishir-225x300.jpg\" data-src=\"https:\/\/museoverde.org\/wp-content\/uploads\/2022\/03\/Ashnuwertha-la-dea-delle-acque-nella-mitologia-Ishir-766x1024.jpg\" loading=\"lazy\" data-sizes=\"{&quot;thumbnail&quot;:{&quot;height&quot;:150,&quot;width&quot;:150,&quot;url&quot;:&quot;https:\/\/museoverde.org\/wp-content\/uploads\/2022\/03\/Ashnuwertha-la-dea-delle-acque-nella-mitologia-Ishir-150x150.jpg&quot;,&quot;orientation&quot;:&quot;landscape&quot;},&quot;medium&quot;:{&quot;height&quot;:300,&quot;width&quot;:225,&quot;url&quot;:&quot;https:\/\/museoverde.org\/wp-content\/uploads\/2022\/03\/Ashnuwertha-la-dea-delle-acque-nella-mitologia-Ishir-225x300.jpg&quot;,&quot;orientation&quot;:&quot;portrait&quot;},&quot;large&quot;:{&quot;height&quot;:1024,&quot;width&quot;:766,&quot;url&quot;:&quot;https:\/\/museoverde.org\/wp-content\/uploads\/2022\/03\/Ashnuwertha-la-dea-delle-acque-nella-mitologia-Ishir-766x1024.jpg&quot;,&quot;orientation&quot;:&quot;portrait&quot;},&quot;full&quot;:{&quot;url&quot;:&quot;https:\/\/museoverde.org\/wp-content\/uploads\/2022\/03\/Ashnuwertha-la-dea-delle-acque-nella-mitologia-Ishir-scaled.jpg&quot;,&quot;height&quot;:2560,&quot;width&quot;:1916,&quot;orientation&quot;:&quot;portrait&quot;}}\" style=\"\"><\/span><span><img decoding=\"async\" alt=\"\" data-id=\"27128\" width=\"720\" height=\"637\" title=\"5)ISHIR Nancy, la prima cachique donna di Karcha Bahlut\" src=\"https:\/\/museoverde.org\/wp-content\/uploads\/2022\/03\/5ISHIR-Nancy-la-prima-cachique-donna-di-Karcha-Bahlut-300x265.jpg\" data-src=\"https:\/\/museoverde.org\/wp-content\/uploads\/2022\/03\/5ISHIR-Nancy-la-prima-cachique-donna-di-Karcha-Bahlut-300x265.jpg\" loading=\"lazy\" data-sizes=\"{&quot;thumbnail&quot;:{&quot;height&quot;:150,&quot;width&quot;:150,&quot;url&quot;:&quot;https:\/\/museoverde.org\/wp-content\/uploads\/2022\/03\/5ISHIR-Nancy-la-prima-cachique-donna-di-Karcha-Bahlut-150x150.jpg&quot;,&quot;orientation&quot;:&quot;landscape&quot;},&quot;medium&quot;:{&quot;height&quot;:265,&quot;width&quot;:300,&quot;url&quot;:&quot;https:\/\/museoverde.org\/wp-content\/uploads\/2022\/03\/5ISHIR-Nancy-la-prima-cachique-donna-di-Karcha-Bahlut-300x265.jpg&quot;,&quot;orientation&quot;:&quot;landscape&quot;},&quot;full&quot;:{&quot;url&quot;:&quot;https:\/\/museoverde.org\/wp-content\/uploads\/2022\/03\/5ISHIR-Nancy-la-prima-cachique-donna-di-Karcha-Bahlut.jpg&quot;,&quot;height&quot;:637,&quot;width&quot;:720,&quot;orientation&quot;:&quot;landscape&quot;}}\" style=\"\"><\/span><\/p>\n","protected":false},"excerpt":{"rendered":"<p>ENLHET &#8211; ENXET Familia ling\u00fc\u00edstica Maskoy.Departamentos de Boqueron, Pdte. Hayes, Alto Paraguay.Conocidos tambi\u00e9n como Lengua, se distinguen los del Norte ( Enlhet) y los del sur ( Enxet).Experimentan tambi\u00e9n cooperativismo en lo que se refiere a almacenes de consumo, peque\u00f1a ganader\u00eda, cr\u00eda de animales menores y producci\u00f3n l\u00e1ctea.Sus casas tradicionales eran de forma circular, relativamente [&hellip;]<\/p>\n","protected":false},"author":4,"featured_media":0,"parent":28601,"menu_order":0,"comment_status":"closed","ping_status":"closed","template":"","meta":{"footnotes":""},"class_list":["post-29765","page","type-page","status-publish","hentry","post-wrapper","thrv_wrapper"],"_links":{"self":[{"href":"https:\/\/museoverde.org\/es\/wp-json\/wp\/v2\/pages\/29765","targetHints":{"allow":["GET"]}}],"collection":[{"href":"https:\/\/museoverde.org\/es\/wp-json\/wp\/v2\/pages"}],"about":[{"href":"https:\/\/museoverde.org\/es\/wp-json\/wp\/v2\/types\/page"}],"author":[{"embeddable":true,"href":"https:\/\/museoverde.org\/es\/wp-json\/wp\/v2\/users\/4"}],"replies":[{"embeddable":true,"href":"https:\/\/museoverde.org\/es\/wp-json\/wp\/v2\/comments?post=29765"}],"version-history":[{"count":4,"href":"https:\/\/museoverde.org\/es\/wp-json\/wp\/v2\/pages\/29765\/revisions"}],"predecessor-version":[{"id":29775,"href":"https:\/\/museoverde.org\/es\/wp-json\/wp\/v2\/pages\/29765\/revisions\/29775"}],"up":[{"embeddable":true,"href":"https:\/\/museoverde.org\/es\/wp-json\/wp\/v2\/pages\/28601"}],"wp:attachment":[{"href":"https:\/\/museoverde.org\/es\/wp-json\/wp\/v2\/media?parent=29765"}],"curies":[{"name":"wp","href":"https:\/\/api.w.org\/{rel}","templated":true}]}}