{"id":29785,"date":"2023-10-24T03:32:03","date_gmt":"2023-10-24T01:32:03","guid":{"rendered":"https:\/\/museoverde.org\/?page_id=29785"},"modified":"2023-10-24T21:49:29","modified_gmt":"2023-10-24T19:49:29","slug":"manjui","status":"publish","type":"page","link":"https:\/\/museoverde.org\/es\/el-gran-chaco\/le-popolazioni-originarie\/manjui\/","title":{"rendered":"Manjui"},"content":{"rendered":"<h3 style=\"\">Manjui<\/h3>\n<p>Son conocidos tambi\u00e9n como <em>Lumnanas <\/em>y como <em>Choroti <\/em>o <em>Chorote<\/em>, pero su autodeterminaci\u00f3n \u00e9tnica es <em>yojwaia <\/em>, que probablemente significa \u201c<em>que viene de la paloma<\/em>\u201d, y pertenecen a la familia ling\u00fc\u00edstica Mataco.Viven en la zona fronteriza entre Argentina, Paraguay y Bolivia. Seg\u00fan el censo ind\u00edgena del 2002 su poblaci\u00f3n en Paraguay era de 450 personas. Antiguamente ten\u00edan abierta hostilidad hacia los Nivacl\u00e8 y los Mataco de Argentino. Su percepci\u00f3n del mundo de los blancos era negativa y su presencia era una especie de mal augurio hasta el punto que, despu\u00e9s que un blanco visitaba una aldea, esta deb\u00eda ser abandonada y quemada.El tiempo de maduraci\u00f3n de las frutas (entre noviembre y diciembre), conocido como <em>nahkap<\/em>, se celebraba con fiestas, bailes y bebida obtenida del algarrobo, y tambi\u00e9n con visitas de integrantes de otras aldeas.La aldea Manjui ten\u00eda forma circular. Las viviendas cercanas eran constituidas por familias emparentadas, lo que obligaba a una reciprocidad y a compartir alimentos.Las mujeres, m\u00e1s que los hombres, usaban cuero de venado como ropa. Con el mismo material se confeccionaban protecciones para los pies.Seg\u00fan los Manjui los muertos viven debajo de la tierra, donde siguen una existencia paralela, pero invertida, \u00f3sea los difuntos act\u00faan de noche. El muerto puede convertirse en varios seres y puede ser contactado por los chamanes.La enfermedad es el resultado de la lucha de esp\u00edritus mal\u00e9ficos en el cuerpo del enfermo. El cham\u00e1n curador, en un viaje ext\u00e1tico, identifica al esp\u00edritu mal\u00e9fico y se pelea con el.Artesan\u00eda Las peque\u00f1as tallas en madera de palo santo sobresalen entre los objetos de arte que a\u00fan fabrican los Manjui, representando en su totalidad el universo zool\u00f3gico que puebla la planicie chaque\u00f1a. Son peque\u00f1as esculturas, de un acabado liso y apenas coloreado por el verde negruzco caracter\u00edstico del material que les sirve de soporte. Entalladuras, incisiones y peque\u00f1as muescas representan , en forma levemente estilizada, pieles, escamas, pelos y manchas caracter\u00edsticas del animal zool\u00f3gico representado.<strong>Museo verde<\/strong>Se realizar\u00e1 en Pedro P. Pe\u00f1a, cerca del r\u00edo Pilcomayo en Paraguay, un Museo Verde de las culturas Guaran\u00ec Occidental, Nivacl\u00e8 y Manjui.<strong>Como llegar Pedro P. Pe\u00f1a<\/strong> De Asuncion, 450 km de asfalto en la Trans Chaco hasta Neuland y 300 km de camino de tierra.<\/p>\n<p><span><img decoding=\"async\" alt=\"\" data-id=\"27068\" width=\"512\" height=\"290\" title=\"TZReHAeg\" src=\"https:\/\/museoverde.org\/wp-content\/uploads\/2022\/03\/TZReHAeg-300x170.jpeg\" data-src=\"https:\/\/museoverde.org\/wp-content\/uploads\/2022\/03\/TZReHAeg-300x170.jpeg\" loading=\"lazy\" data-sizes=\"{&quot;thumbnail&quot;:{&quot;height&quot;:150,&quot;width&quot;:150,&quot;url&quot;:&quot;https:\/\/museoverde.org\/wp-content\/uploads\/2022\/03\/TZReHAeg-150x150.jpeg&quot;,&quot;orientation&quot;:&quot;landscape&quot;},&quot;medium&quot;:{&quot;height&quot;:170,&quot;width&quot;:300,&quot;url&quot;:&quot;https:\/\/museoverde.org\/wp-content\/uploads\/2022\/03\/TZReHAeg-300x170.jpeg&quot;,&quot;orientation&quot;:&quot;landscape&quot;},&quot;full&quot;:{&quot;url&quot;:&quot;https:\/\/museoverde.org\/wp-content\/uploads\/2022\/03\/TZReHAeg.jpeg&quot;,&quot;height&quot;:290,&quot;width&quot;:512,&quot;orientation&quot;:&quot;landscape&quot;}}\" style=\"\"><\/span><span><img decoding=\"async\" alt=\"\" data-id=\"27072\" width=\"2560\" height=\"1707\" title=\"P1038870\" src=\"https:\/\/museoverde.org\/wp-content\/uploads\/2022\/03\/P1038870-1024x683.jpg\" data-src=\"https:\/\/museoverde.org\/wp-content\/uploads\/2022\/03\/P1038870-1024x683.jpg\" loading=\"lazy\" data-sizes=\"{&quot;thumbnail&quot;:{&quot;height&quot;:150,&quot;width&quot;:150,&quot;url&quot;:&quot;https:\/\/museoverde.org\/wp-content\/uploads\/2022\/03\/P1038870-150x150.jpg&quot;,&quot;orientation&quot;:&quot;landscape&quot;},&quot;medium&quot;:{&quot;height&quot;:200,&quot;width&quot;:300,&quot;url&quot;:&quot;https:\/\/museoverde.org\/wp-content\/uploads\/2022\/03\/P1038870-300x200.jpg&quot;,&quot;orientation&quot;:&quot;landscape&quot;},&quot;large&quot;:{&quot;height&quot;:683,&quot;width&quot;:1024,&quot;url&quot;:&quot;https:\/\/museoverde.org\/wp-content\/uploads\/2022\/03\/P1038870-1024x683.jpg&quot;,&quot;orientation&quot;:&quot;landscape&quot;},&quot;full&quot;:{&quot;url&quot;:&quot;https:\/\/museoverde.org\/wp-content\/uploads\/2022\/03\/P1038870-scaled.jpg&quot;,&quot;height&quot;:1707,&quot;width&quot;:2560,&quot;orientation&quot;:&quot;landscape&quot;}}\" style=\"\"><\/span><span><img decoding=\"async\" alt=\"\" data-id=\"27076\" width=\"341\" height=\"512\" title=\"TIwXA-0A\" src=\"https:\/\/museoverde.org\/wp-content\/uploads\/2022\/03\/TIwXA-0A-200x300.jpeg\" data-src=\"https:\/\/museoverde.org\/wp-content\/uploads\/2022\/03\/TIwXA-0A-200x300.jpeg\" loading=\"lazy\" data-sizes=\"{&quot;thumbnail&quot;:{&quot;height&quot;:150,&quot;width&quot;:150,&quot;url&quot;:&quot;https:\/\/museoverde.org\/wp-content\/uploads\/2022\/03\/TIwXA-0A-150x150.jpeg&quot;,&quot;orientation&quot;:&quot;landscape&quot;},&quot;medium&quot;:{&quot;height&quot;:300,&quot;width&quot;:200,&quot;url&quot;:&quot;https:\/\/museoverde.org\/wp-content\/uploads\/2022\/03\/TIwXA-0A-200x300.jpeg&quot;,&quot;orientation&quot;:&quot;portrait&quot;},&quot;full&quot;:{&quot;url&quot;:&quot;https:\/\/museoverde.org\/wp-content\/uploads\/2022\/03\/TIwXA-0A.jpeg&quot;,&quot;height&quot;:512,&quot;width&quot;:341,&quot;orientation&quot;:&quot;portrait&quot;}}\" style=\"\"><\/span><span><img decoding=\"async\" alt=\"\" data-id=\"27080\" width=\"512\" height=\"341\" title=\"gOAKt59A\" src=\"https:\/\/museoverde.org\/wp-content\/uploads\/2022\/03\/gOAKt59A-300x200.jpeg\" data-src=\"https:\/\/museoverde.org\/wp-content\/uploads\/2022\/03\/gOAKt59A-300x200.jpeg\" loading=\"lazy\" data-sizes=\"{&quot;thumbnail&quot;:{&quot;height&quot;:150,&quot;width&quot;:150,&quot;url&quot;:&quot;https:\/\/museoverde.org\/wp-content\/uploads\/2022\/03\/gOAKt59A-150x150.jpeg&quot;,&quot;orientation&quot;:&quot;landscape&quot;},&quot;medium&quot;:{&quot;height&quot;:200,&quot;width&quot;:300,&quot;url&quot;:&quot;https:\/\/museoverde.org\/wp-content\/uploads\/2022\/03\/gOAKt59A-300x200.jpeg&quot;,&quot;orientation&quot;:&quot;landscape&quot;},&quot;full&quot;:{&quot;url&quot;:&quot;https:\/\/museoverde.org\/wp-content\/uploads\/2022\/03\/gOAKt59A.jpeg&quot;,&quot;height&quot;:341,&quot;width&quot;:512,&quot;orientation&quot;:&quot;landscape&quot;}}\" style=\"\"><\/span><span><img decoding=\"async\" alt=\"\" data-id=\"27084\" width=\"341\" height=\"512\" title=\"OEeOIQow\" src=\"https:\/\/museoverde.org\/wp-content\/uploads\/2022\/03\/OEeOIQow-200x300.jpeg\" data-src=\"https:\/\/museoverde.org\/wp-content\/uploads\/2022\/03\/OEeOIQow-200x300.jpeg\" loading=\"lazy\" data-sizes=\"{&quot;thumbnail&quot;:{&quot;height&quot;:150,&quot;width&quot;:150,&quot;url&quot;:&quot;https:\/\/museoverde.org\/wp-content\/uploads\/2022\/03\/OEeOIQow-150x150.jpeg&quot;,&quot;orientation&quot;:&quot;landscape&quot;},&quot;medium&quot;:{&quot;height&quot;:300,&quot;width&quot;:200,&quot;url&quot;:&quot;https:\/\/museoverde.org\/wp-content\/uploads\/2022\/03\/OEeOIQow-200x300.jpeg&quot;,&quot;orientation&quot;:&quot;portrait&quot;},&quot;full&quot;:{&quot;url&quot;:&quot;https:\/\/museoverde.org\/wp-content\/uploads\/2022\/03\/OEeOIQow.jpeg&quot;,&quot;height&quot;:512,&quot;width&quot;:341,&quot;orientation&quot;:&quot;portrait&quot;}}\" style=\"\"><\/span><span><img decoding=\"async\" alt=\"\" data-id=\"27088\" width=\"1200\" height=\"1600\" title=\"Donna Wichi (1)\" src=\"https:\/\/museoverde.org\/wp-content\/uploads\/2022\/03\/Donna-Wichi-1-768x1024.jpg\" data-src=\"https:\/\/museoverde.org\/wp-content\/uploads\/2022\/03\/Donna-Wichi-1-768x1024.jpg\" loading=\"lazy\" data-sizes=\"{&quot;thumbnail&quot;:{&quot;height&quot;:150,&quot;width&quot;:150,&quot;url&quot;:&quot;https:\/\/museoverde.org\/wp-content\/uploads\/2022\/03\/Donna-Wichi-1-150x150.jpg&quot;,&quot;orientation&quot;:&quot;landscape&quot;},&quot;medium&quot;:{&quot;height&quot;:300,&quot;width&quot;:225,&quot;url&quot;:&quot;https:\/\/museoverde.org\/wp-content\/uploads\/2022\/03\/Donna-Wichi-1-225x300.jpg&quot;,&quot;orientation&quot;:&quot;portrait&quot;},&quot;large&quot;:{&quot;height&quot;:1024,&quot;width&quot;:768,&quot;url&quot;:&quot;https:\/\/museoverde.org\/wp-content\/uploads\/2022\/03\/Donna-Wichi-1-768x1024.jpg&quot;,&quot;orientation&quot;:&quot;portrait&quot;},&quot;full&quot;:{&quot;url&quot;:&quot;https:\/\/museoverde.org\/wp-content\/uploads\/2022\/03\/Donna-Wichi-1.jpg&quot;,&quot;height&quot;:1600,&quot;width&quot;:1200,&quot;orientation&quot;:&quot;portrait&quot;}}\" style=\"\"><\/span><span><img decoding=\"async\" alt=\"\" data-id=\"27092\" width=\"512\" height=\"341\" title=\"_DVnBdxQ\" src=\"https:\/\/museoverde.org\/wp-content\/uploads\/2022\/03\/DVnBdxQ-300x200.jpeg\" data-src=\"https:\/\/museoverde.org\/wp-content\/uploads\/2022\/03\/DVnBdxQ-300x200.jpeg\" loading=\"lazy\" data-sizes=\"{&quot;thumbnail&quot;:{&quot;height&quot;:150,&quot;width&quot;:150,&quot;url&quot;:&quot;https:\/\/museoverde.org\/wp-content\/uploads\/2022\/03\/DVnBdxQ-150x150.jpeg&quot;,&quot;orientation&quot;:&quot;landscape&quot;},&quot;medium&quot;:{&quot;height&quot;:200,&quot;width&quot;:300,&quot;url&quot;:&quot;https:\/\/museoverde.org\/wp-content\/uploads\/2022\/03\/DVnBdxQ-300x200.jpeg&quot;,&quot;orientation&quot;:&quot;landscape&quot;},&quot;full&quot;:{&quot;url&quot;:&quot;https:\/\/museoverde.org\/wp-content\/uploads\/2022\/03\/DVnBdxQ.jpeg&quot;,&quot;height&quot;:341,&quot;width&quot;:512,&quot;orientation&quot;:&quot;landscape&quot;}}\" style=\"\"><\/span><\/p>\n","protected":false},"excerpt":{"rendered":"<p>Manjui Son conocidos tambi\u00e9n como Lumnanas y como Choroti o Chorote, pero su autodeterminaci\u00f3n \u00e9tnica es yojwaia , que probablemente significa \u201cque viene de la paloma\u201d, y pertenecen a la familia ling\u00fc\u00edstica Mataco.Viven en la zona fronteriza entre Argentina, Paraguay y Bolivia. Seg\u00fan el censo ind\u00edgena del 2002 su poblaci\u00f3n en Paraguay era de 450 [&hellip;]<\/p>\n","protected":false},"author":4,"featured_media":0,"parent":28601,"menu_order":0,"comment_status":"closed","ping_status":"closed","template":"","meta":{"footnotes":""},"class_list":["post-29785","page","type-page","status-publish","hentry","post-wrapper","thrv_wrapper"],"_links":{"self":[{"href":"https:\/\/museoverde.org\/es\/wp-json\/wp\/v2\/pages\/29785","targetHints":{"allow":["GET"]}}],"collection":[{"href":"https:\/\/museoverde.org\/es\/wp-json\/wp\/v2\/pages"}],"about":[{"href":"https:\/\/museoverde.org\/es\/wp-json\/wp\/v2\/types\/page"}],"author":[{"embeddable":true,"href":"https:\/\/museoverde.org\/es\/wp-json\/wp\/v2\/users\/4"}],"replies":[{"embeddable":true,"href":"https:\/\/museoverde.org\/es\/wp-json\/wp\/v2\/comments?post=29785"}],"version-history":[{"count":5,"href":"https:\/\/museoverde.org\/es\/wp-json\/wp\/v2\/pages\/29785\/revisions"}],"predecessor-version":[{"id":29855,"href":"https:\/\/museoverde.org\/es\/wp-json\/wp\/v2\/pages\/29785\/revisions\/29855"}],"up":[{"embeddable":true,"href":"https:\/\/museoverde.org\/es\/wp-json\/wp\/v2\/pages\/28601"}],"wp:attachment":[{"href":"https:\/\/museoverde.org\/es\/wp-json\/wp\/v2\/media?parent=29785"}],"curies":[{"name":"wp","href":"https:\/\/api.w.org\/{rel}","templated":true}]}}