{"id":29794,"date":"2023-10-24T03:46:17","date_gmt":"2023-10-24T01:46:17","guid":{"rendered":"https:\/\/museoverde.org\/?page_id=29794"},"modified":"2023-10-24T23:38:37","modified_gmt":"2023-10-24T21:38:37","slug":"nivacle","status":"publish","type":"page","link":"https:\/\/museoverde.org\/es\/el-gran-chaco\/le-popolazioni-originarie\/nivacle\/","title":{"rendered":"Nivacl\u00e9"},"content":{"rendered":"<h3 style=\"\">Nivacl\u00e9<\/h3>\n<p>Pertenecen a la familia ling\u00fc\u00edstica <em>mataco <\/em>y se los conoc\u00eda tambi\u00e9n con los nombres <em>Chulupi <\/em>o <em>Ashlushlai<\/em>. Tradicionalmente su h\u00e1bitat era en la zona comprendida entre el r\u00edo Bermejo y el Pilcomayo en el Chaco argentino. En este siglo su territorio se extiende tambi\u00e9n en el triangulo que va desde Pedro P. Pe\u00f1a hasta Mariscal Estigarribia y hasta el rio Pilcomayo ela zona de G.Ra\u00fcl D\u00edaz. Se estima que la poblacion Nivacl\u00e8 pueda alcanzar las 14.000 personas.Seg\u00fan los Nivacl\u00e8 el mundo no fue creado, siempre existi\u00f3. En principio, todo era confuso y ca\u00f3tico en la obscuridad. Los primeros hombres no pod\u00edan verse y no ve\u00edan las estrellas.Apareci\u00f3 la luz. Fitz\u00f6k\u00f6jic, un h\u00e9roe cultural, lleg\u00f3 para ordenar el caos en cosmos, crear cultura y las normas de relaci\u00f3n social. Solo hab\u00eda varones. Fitz\u00f6k\u00f6jic les dijo, a los hombres, que tomaran un sue\u00f1o y trajo a las mujeres.Fitz\u00f6k\u00f6jic ense\u00f1\u00f3 a hacer chacha y dio las semillas a los hombres, les dijo que hab\u00eda que trabajar para tener como para comer. Les dio, por ejemplo, el ma\u00edz y el zapallo. Es el quien les ense\u00f1\u00f3 todas las cosas, como hacer los bailes. Este baile lo bailaban todos los d\u00edas.Tradicionalmente la subsistencia estaba asegurada, adem\u00e1s de la horticultura, por la recolecci\u00f3n, el pastoreo de las cabras, la caza y la pesca.El <em>c\u2019ayoich\u2019e <\/em>es una t\u00e9cnica de pesca que todav\u00eda se practica, en la cual el hombre nada y se zambulle, con una red atada a dos palos que se cierran como una tijera invertida.El matrimonio es generalmente mon\u00f3gamo, a excepci\u00f3n de los l\u00edderes y chamanes ( <em>toyet<\/em>) que practican la poligamia. El hombre roza, siembra y carpe. La mujer cosecha. La mujer recolecta vegetales; el var\u00f3n miel.Los chamanes hacen sus curaciones despu\u00e9s de tomar una infusi\u00f3n de yerbas con oraciones y cantos en comunicaci\u00f3n con el m\u00e1s all\u00e1.Para los varones j\u00f3venes se practicaba la ceremonia de iniciaci\u00f3n de miel, para poder beber la chicha de miel.Entre bailes y cantos lo j\u00f3venes candidatos tomaban un gran cantidad de chicha.Para las muchachas sigue a\u00fan realiz\u00e1ndose la fiesta de iniciaci\u00f3n <em>varaasnat<\/em>. Nel primer plenilunio despu\u00e9s de la primera menstruaci\u00f3n se realiza el ba\u00f1o ritual. El segundo plenilunio el asado. El tercero la celebraci\u00f3n principal con los diferentes bailes. La mujer recibe su \u201c esp\u00edritu auxiliar\u201d, relaci\u00f3namento con Fitz\u00f6k\u00f6jic, exteriorizado en la pintura corporal realizada por mujeres chamanes.En el antiguo rito funebre, una piedra caliente era introducida en el cuerpo, arrojado a la tumba ardiente.Los chamanes curaban varias enfermedades. Cada uno tiene su especialidad. La curaci\u00f3n consiste en la recuperaci\u00f3n y reubicaci\u00f3n de un alma perdida, curando un malestar individual o tambi\u00e9n un desequilibrio comunitario. El cham\u00e1n cura tambi\u00e9n acontecimientos que afectan toda la comunidad, como la sequ\u00eda.<strong>Artesan\u00eda<\/strong>Son caracter\u00edsticos sus ponchos de lana tejida, que vinieron substituir a los tradicionales confeccionados con pieles de animales. De la misma forma, los cinturones y en parte los bolsos, confeccionados antes con fibra de caraguata, han sido remplazados por artefactos similares de lana. En la fabricaci\u00f3n utilizan el t\u00edpico telar vertical arawak, constituido por dos palos verticales hincados en tierra sobre los que se cruzan los de sost\u00e9n del tejido.Los motivos decorativos representan franjas, cuadros y listas. Los colores son de lana cruda para el fondo y distintos tonos oscuros para las decoraciones. En otros casos el rojo intenso para el fondo con la decoraci\u00f3n en color blanco.Los Nivacl\u00e8 han desarrollado cierto grado de especializaci\u00f3n en la realizaci\u00f3n de esculturas zoomorfas en madera de palo santo.Para el transporte del agua sol\u00edan usar peque\u00f1as cantimploras de cer\u00e1mica, de cuellos estrechos y provistas de peque\u00f1as asas por donde pasaba un cordel de caraguata para el transporte, decoradas con dise\u00f1os estilizados con reminiscencias antropomorfas y ornitomorfas.<strong>Museo Verde.<\/strong>Se est\u00e1 considerando la realizaci\u00f3n de un \u201c Museo Liviano\u201d en la sede de la Academia del idioma Nivacl\u00e8 en Filadelfia.Adem\u00e1s, se realizar\u00e1 en Pedro P. Pe\u00f1a, cerca del rio Pilcomayo en Paraguay, un Museo Verde para las culturas Guaran\u00ec Occidental, Nivacl\u00e8 i Manjui.<\/p>\n<p><span><img decoding=\"async\" alt=\"\" data-id=\"29672\" width=\"1129\" height=\"1600\" title=\"WhatsApp Image 2023-01-10 at 16.55.56\" src=\"https:\/\/museoverde.org\/wp-content\/uploads\/2023\/01\/WhatsApp-Image-2023-01-10-at-16.55.56-212x300.jpeg\" data-src=\"https:\/\/museoverde.org\/wp-content\/uploads\/2023\/01\/WhatsApp-Image-2023-01-10-at-16.55.56-212x300.jpeg\" loading=\"lazy\" data-sizes=\"{&quot;thumbnail&quot;:{&quot;height&quot;:150,&quot;width&quot;:150,&quot;url&quot;:&quot;https:\/\/museoverde.org\/wp-content\/uploads\/2023\/01\/WhatsApp-Image-2023-01-10-at-16.55.56-150x150.jpeg&quot;,&quot;orientation&quot;:&quot;landscape&quot;},&quot;medium&quot;:{&quot;height&quot;:300,&quot;width&quot;:212,&quot;url&quot;:&quot;https:\/\/museoverde.org\/wp-content\/uploads\/2023\/01\/WhatsApp-Image-2023-01-10-at-16.55.56-212x300.jpeg&quot;,&quot;orientation&quot;:&quot;portrait&quot;},&quot;large&quot;:{&quot;height&quot;:1024,&quot;width&quot;:723,&quot;url&quot;:&quot;https:\/\/museoverde.org\/wp-content\/uploads\/2023\/01\/WhatsApp-Image-2023-01-10-at-16.55.56-723x1024.jpeg&quot;,&quot;orientation&quot;:&quot;portrait&quot;},&quot;full&quot;:{&quot;url&quot;:&quot;https:\/\/museoverde.org\/wp-content\/uploads\/2023\/01\/WhatsApp-Image-2023-01-10-at-16.55.56.jpeg&quot;,&quot;height&quot;:1600,&quot;width&quot;:1129,&quot;orientation&quot;:&quot;portrait&quot;}}\" style=\"\"><\/span><span><img decoding=\"async\" alt=\"\" data-id=\"29668\" width=\"1600\" height=\"1066\" title=\"WhatsApp Image 2023-01-10 at 16.55.55\" src=\"https:\/\/museoverde.org\/wp-content\/uploads\/2023\/01\/WhatsApp-Image-2023-01-10-at-16.55.55-300x200.jpeg\" data-src=\"https:\/\/museoverde.org\/wp-content\/uploads\/2023\/01\/WhatsApp-Image-2023-01-10-at-16.55.55-300x200.jpeg\" loading=\"lazy\" data-sizes=\"{&quot;thumbnail&quot;:{&quot;height&quot;:150,&quot;width&quot;:150,&quot;url&quot;:&quot;https:\/\/museoverde.org\/wp-content\/uploads\/2023\/01\/WhatsApp-Image-2023-01-10-at-16.55.55-150x150.jpeg&quot;,&quot;orientation&quot;:&quot;landscape&quot;},&quot;medium&quot;:{&quot;height&quot;:200,&quot;width&quot;:300,&quot;url&quot;:&quot;https:\/\/museoverde.org\/wp-content\/uploads\/2023\/01\/WhatsApp-Image-2023-01-10-at-16.55.55-300x200.jpeg&quot;,&quot;orientation&quot;:&quot;landscape&quot;},&quot;large&quot;:{&quot;height&quot;:682,&quot;width&quot;:1024,&quot;url&quot;:&quot;https:\/\/museoverde.org\/wp-content\/uploads\/2023\/01\/WhatsApp-Image-2023-01-10-at-16.55.55-1024x682.jpeg&quot;,&quot;orientation&quot;:&quot;landscape&quot;},&quot;full&quot;:{&quot;url&quot;:&quot;https:\/\/museoverde.org\/wp-content\/uploads\/2023\/01\/WhatsApp-Image-2023-01-10-at-16.55.55.jpeg&quot;,&quot;height&quot;:1066,&quot;width&quot;:1600,&quot;orientation&quot;:&quot;landscape&quot;}}\" style=\"\"><\/span><span><img decoding=\"async\" alt=\"\" data-id=\"29664\" width=\"1600\" height=\"1066\" title=\"WhatsApp Image 2023-01-10 at 16.55.50\" src=\"https:\/\/museoverde.org\/wp-content\/uploads\/2023\/01\/WhatsApp-Image-2023-01-10-at-16.55.50-300x200.jpeg\" data-src=\"https:\/\/museoverde.org\/wp-content\/uploads\/2023\/01\/WhatsApp-Image-2023-01-10-at-16.55.50-300x200.jpeg\" loading=\"lazy\" data-sizes=\"{&quot;thumbnail&quot;:{&quot;height&quot;:150,&quot;width&quot;:150,&quot;url&quot;:&quot;https:\/\/museoverde.org\/wp-content\/uploads\/2023\/01\/WhatsApp-Image-2023-01-10-at-16.55.50-150x150.jpeg&quot;,&quot;orientation&quot;:&quot;landscape&quot;},&quot;medium&quot;:{&quot;height&quot;:200,&quot;width&quot;:300,&quot;url&quot;:&quot;https:\/\/museoverde.org\/wp-content\/uploads\/2023\/01\/WhatsApp-Image-2023-01-10-at-16.55.50-300x200.jpeg&quot;,&quot;orientation&quot;:&quot;landscape&quot;},&quot;large&quot;:{&quot;height&quot;:682,&quot;width&quot;:1024,&quot;url&quot;:&quot;https:\/\/museoverde.org\/wp-content\/uploads\/2023\/01\/WhatsApp-Image-2023-01-10-at-16.55.50-1024x682.jpeg&quot;,&quot;orientation&quot;:&quot;landscape&quot;},&quot;full&quot;:{&quot;url&quot;:&quot;https:\/\/museoverde.org\/wp-content\/uploads\/2023\/01\/WhatsApp-Image-2023-01-10-at-16.55.50.jpeg&quot;,&quot;height&quot;:1066,&quot;width&quot;:1600,&quot;orientation&quot;:&quot;landscape&quot;}}\" style=\"\"><\/span><span><img decoding=\"async\" alt=\"\" data-id=\"29656\" width=\"1600\" height=\"1094\" title=\"WhatsApp Image 2023-01-10 at 16.55.56 (1)\" src=\"https:\/\/museoverde.org\/wp-content\/uploads\/2023\/01\/WhatsApp-Image-2023-01-10-at-16.55.56-1-300x205.jpeg\" data-src=\"https:\/\/museoverde.org\/wp-content\/uploads\/2023\/01\/WhatsApp-Image-2023-01-10-at-16.55.56-1-300x205.jpeg\" loading=\"lazy\" data-sizes=\"{&quot;thumbnail&quot;:{&quot;height&quot;:150,&quot;width&quot;:150,&quot;url&quot;:&quot;https:\/\/museoverde.org\/wp-content\/uploads\/2023\/01\/WhatsApp-Image-2023-01-10-at-16.55.56-1-150x150.jpeg&quot;,&quot;orientation&quot;:&quot;landscape&quot;},&quot;medium&quot;:{&quot;height&quot;:205,&quot;width&quot;:300,&quot;url&quot;:&quot;https:\/\/museoverde.org\/wp-content\/uploads\/2023\/01\/WhatsApp-Image-2023-01-10-at-16.55.56-1-300x205.jpeg&quot;,&quot;orientation&quot;:&quot;landscape&quot;},&quot;large&quot;:{&quot;height&quot;:700,&quot;width&quot;:1024,&quot;url&quot;:&quot;https:\/\/museoverde.org\/wp-content\/uploads\/2023\/01\/WhatsApp-Image-2023-01-10-at-16.55.56-1-1024x700.jpeg&quot;,&quot;orientation&quot;:&quot;landscape&quot;},&quot;full&quot;:{&quot;url&quot;:&quot;https:\/\/museoverde.org\/wp-content\/uploads\/2023\/01\/WhatsApp-Image-2023-01-10-at-16.55.56-1.jpeg&quot;,&quot;height&quot;:1094,&quot;width&quot;:1600,&quot;orientation&quot;:&quot;landscape&quot;}}\" style=\"\"><\/span><span><img decoding=\"async\" alt=\"\" data-id=\"29660\" width=\"1600\" height=\"1154\" title=\"WhatsApp Image 2023-01-10 at 16.55.47\" src=\"https:\/\/museoverde.org\/wp-content\/uploads\/2023\/01\/WhatsApp-Image-2023-01-10-at-16.55.47-300x216.jpeg\" data-src=\"https:\/\/museoverde.org\/wp-content\/uploads\/2023\/01\/WhatsApp-Image-2023-01-10-at-16.55.47-300x216.jpeg\" loading=\"lazy\" data-sizes=\"{&quot;thumbnail&quot;:{&quot;height&quot;:150,&quot;width&quot;:150,&quot;url&quot;:&quot;https:\/\/museoverde.org\/wp-content\/uploads\/2023\/01\/WhatsApp-Image-2023-01-10-at-16.55.47-150x150.jpeg&quot;,&quot;orientation&quot;:&quot;landscape&quot;},&quot;medium&quot;:{&quot;height&quot;:216,&quot;width&quot;:300,&quot;url&quot;:&quot;https:\/\/museoverde.org\/wp-content\/uploads\/2023\/01\/WhatsApp-Image-2023-01-10-at-16.55.47-300x216.jpeg&quot;,&quot;orientation&quot;:&quot;landscape&quot;},&quot;large&quot;:{&quot;height&quot;:739,&quot;width&quot;:1024,&quot;url&quot;:&quot;https:\/\/museoverde.org\/wp-content\/uploads\/2023\/01\/WhatsApp-Image-2023-01-10-at-16.55.47-1024x739.jpeg&quot;,&quot;orientation&quot;:&quot;landscape&quot;},&quot;full&quot;:{&quot;url&quot;:&quot;https:\/\/museoverde.org\/wp-content\/uploads\/2023\/01\/WhatsApp-Image-2023-01-10-at-16.55.47.jpeg&quot;,&quot;height&quot;:1154,&quot;width&quot;:1600,&quot;orientation&quot;:&quot;landscape&quot;}}\" style=\"\"><\/span><span><img decoding=\"async\" alt=\"\" data-id=\"29575\" width=\"1129\" height=\"1084\" title=\"b9a00948-f17f-4168-826b-10d2fe4da9b5 2\" src=\"https:\/\/museoverde.org\/wp-content\/uploads\/2022\/12\/b9a00948-f17f-4168-826b-10d2fe4da9b5-2-300x288.jpg\" data-src=\"https:\/\/museoverde.org\/wp-content\/uploads\/2022\/12\/b9a00948-f17f-4168-826b-10d2fe4da9b5-2-300x288.jpg\" loading=\"lazy\" data-sizes=\"{&quot;thumbnail&quot;:{&quot;height&quot;:150,&quot;width&quot;:150,&quot;url&quot;:&quot;https:\/\/museoverde.org\/wp-content\/uploads\/2022\/12\/b9a00948-f17f-4168-826b-10d2fe4da9b5-2-150x150.jpg&quot;,&quot;orientation&quot;:&quot;landscape&quot;},&quot;medium&quot;:{&quot;height&quot;:288,&quot;width&quot;:300,&quot;url&quot;:&quot;https:\/\/museoverde.org\/wp-content\/uploads\/2022\/12\/b9a00948-f17f-4168-826b-10d2fe4da9b5-2-300x288.jpg&quot;,&quot;orientation&quot;:&quot;landscape&quot;},&quot;large&quot;:{&quot;height&quot;:983,&quot;width&quot;:1024,&quot;url&quot;:&quot;https:\/\/museoverde.org\/wp-content\/uploads\/2022\/12\/b9a00948-f17f-4168-826b-10d2fe4da9b5-2-1024x983.jpg&quot;,&quot;orientation&quot;:&quot;landscape&quot;},&quot;full&quot;:{&quot;url&quot;:&quot;https:\/\/museoverde.org\/wp-content\/uploads\/2022\/12\/b9a00948-f17f-4168-826b-10d2fe4da9b5-2.jpg&quot;,&quot;height&quot;:1084,&quot;width&quot;:1129,&quot;orientation&quot;:&quot;landscape&quot;}}\" style=\"\"><\/span><span><img decoding=\"async\" alt=\"Copertina \" data-id=\"29563\" width=\"1129\" height=\"1600\" title=\"niclave\" src=\"https:\/\/museoverde.org\/wp-content\/uploads\/2022\/12\/niclave-212x300.jpeg\" data-src=\"https:\/\/museoverde.org\/wp-content\/uploads\/2022\/12\/niclave-212x300.jpeg\" loading=\"lazy\" data-sizes=\"{&quot;thumbnail&quot;:{&quot;height&quot;:150,&quot;width&quot;:150,&quot;url&quot;:&quot;https:\/\/museoverde.org\/wp-content\/uploads\/2022\/12\/niclave-150x150.jpeg&quot;,&quot;orientation&quot;:&quot;landscape&quot;},&quot;medium&quot;:{&quot;height&quot;:300,&quot;width&quot;:212,&quot;url&quot;:&quot;https:\/\/museoverde.org\/wp-content\/uploads\/2022\/12\/niclave-212x300.jpeg&quot;,&quot;orientation&quot;:&quot;portrait&quot;},&quot;large&quot;:{&quot;height&quot;:1024,&quot;width&quot;:723,&quot;url&quot;:&quot;https:\/\/museoverde.org\/wp-content\/uploads\/2022\/12\/niclave-723x1024.jpeg&quot;,&quot;orientation&quot;:&quot;portrait&quot;},&quot;full&quot;:{&quot;url&quot;:&quot;https:\/\/museoverde.org\/wp-content\/uploads\/2022\/12\/niclave.jpeg&quot;,&quot;height&quot;:1600,&quot;width&quot;:1129,&quot;orientation&quot;:&quot;portrait&quot;}}\" style=\"\"><\/span><span><img decoding=\"async\" alt=\"\" data-id=\"29846\" width=\"1631\" height=\"1791\" title=\"P1112273\" src=\"https:\/\/museoverde.org\/wp-content\/uploads\/2023\/10\/P1112273-273x300.jpg\" data-src=\"https:\/\/museoverde.org\/wp-content\/uploads\/2023\/10\/P1112273-273x300.jpg\" loading=\"lazy\" data-sizes=\"{&quot;thumbnail&quot;:{&quot;height&quot;:150,&quot;width&quot;:150,&quot;url&quot;:&quot;https:\/\/museoverde.org\/wp-content\/uploads\/2023\/10\/P1112273-150x150.jpg&quot;,&quot;orientation&quot;:&quot;landscape&quot;},&quot;medium&quot;:{&quot;height&quot;:300,&quot;width&quot;:273,&quot;url&quot;:&quot;https:\/\/museoverde.org\/wp-content\/uploads\/2023\/10\/P1112273-273x300.jpg&quot;,&quot;orientation&quot;:&quot;portrait&quot;},&quot;large&quot;:{&quot;height&quot;:1024,&quot;width&quot;:933,&quot;url&quot;:&quot;https:\/\/museoverde.org\/wp-content\/uploads\/2023\/10\/P1112273-933x1024.jpg&quot;,&quot;orientation&quot;:&quot;portrait&quot;},&quot;full&quot;:{&quot;url&quot;:&quot;https:\/\/museoverde.org\/wp-content\/uploads\/2023\/10\/P1112273.jpg&quot;,&quot;height&quot;:1791,&quot;width&quot;:1631,&quot;orientation&quot;:&quot;portrait&quot;}}\" style=\"\"><\/span><\/p>\n","protected":false},"excerpt":{"rendered":"<p>Nivacl\u00e9 Pertenecen a la familia ling\u00fc\u00edstica mataco y se los conoc\u00eda tambi\u00e9n con los nombres Chulupi o Ashlushlai. Tradicionalmente su h\u00e1bitat era en la zona comprendida entre el r\u00edo Bermejo y el Pilcomayo en el Chaco argentino. En este siglo su territorio se extiende tambi\u00e9n en el triangulo que va desde Pedro P. Pe\u00f1a hasta [&hellip;]<\/p>\n","protected":false},"author":4,"featured_media":0,"parent":28601,"menu_order":0,"comment_status":"closed","ping_status":"closed","template":"","meta":{"footnotes":""},"class_list":["post-29794","page","type-page","status-publish","hentry","post-wrapper","thrv_wrapper"],"_links":{"self":[{"href":"https:\/\/museoverde.org\/es\/wp-json\/wp\/v2\/pages\/29794","targetHints":{"allow":["GET"]}}],"collection":[{"href":"https:\/\/museoverde.org\/es\/wp-json\/wp\/v2\/pages"}],"about":[{"href":"https:\/\/museoverde.org\/es\/wp-json\/wp\/v2\/types\/page"}],"author":[{"embeddable":true,"href":"https:\/\/museoverde.org\/es\/wp-json\/wp\/v2\/users\/4"}],"replies":[{"embeddable":true,"href":"https:\/\/museoverde.org\/es\/wp-json\/wp\/v2\/comments?post=29794"}],"version-history":[{"count":11,"href":"https:\/\/museoverde.org\/es\/wp-json\/wp\/v2\/pages\/29794\/revisions"}],"predecessor-version":[{"id":29859,"href":"https:\/\/museoverde.org\/es\/wp-json\/wp\/v2\/pages\/29794\/revisions\/29859"}],"up":[{"embeddable":true,"href":"https:\/\/museoverde.org\/es\/wp-json\/wp\/v2\/pages\/28601"}],"wp:attachment":[{"href":"https:\/\/museoverde.org\/es\/wp-json\/wp\/v2\/media?parent=29794"}],"curies":[{"name":"wp","href":"https:\/\/api.w.org\/{rel}","templated":true}]}}