{"id":28597,"date":"2022-02-16T09:54:11","date_gmt":"2022-02-16T08:54:11","guid":{"rendered":"https:\/\/museoverde.org\/gran-chaco\/il-territorio\/"},"modified":"2022-06-02T12:16:04","modified_gmt":"2022-06-02T10:16:04","slug":"il-territorio","status":"publish","type":"page","link":"https:\/\/museoverde.org\/pt-br\/o-gran-chaco\/il-territorio\/","title":{"rendered":"Il Territorio"},"content":{"rendered":"<h1 style=\"text-align: center;\">O TERRIT\u00d3RIO DO GRAN CHACO<\/h1>\n<h1 style=\"\">O territ\u00f3rio<\/h1>\n<p>No cora\u00e7\u00e3o da Am\u00e9rica Latina, entre Paraguai, Bol\u00edvia, Argentina e Brasil, entre o Paraguai e Paran\u00e1 e o planalto andino se estende por uma plan\u00edcie de um milh\u00e3o e 300 mil quil\u00f4metros quadrados. \u00c9 O GRAN CHACO. Caracterizado pela presen\u00e7a de grandes florestas virgens, um reservat\u00f3rio de biodiversidade e recursos naturais, \u00e9 a maior \u00e1rea florestal da Am\u00e9rica do Sul depois da Amaz\u00f4nia. \u00c9 um reservat\u00f3rio de extraordin\u00e1ria biodiversidade: 3.400 esp\u00e9cies bot\u00e2nicas, 500 esp\u00e9cies de aves, 120 r\u00e9pteis, 100 anf\u00edbios e 150 mam\u00edferos, incluindo o tatu gigante, o tamandu\u00e1, a on\u00e7a-pintada e a anta. A segunda maior massa florestal das Am\u00e9ricas, armazenando dezenas de milh\u00f5es de toneladas de di\u00f3xido de carbono. Uma multid\u00e3o de comunidades ind\u00edgenas fortemente ligadas \u00e0s tradi\u00e7\u00f5es, t\u00e9cnicas artesanais e conhecimento do mundo natural: 25 grupos \u00e9tnicos, 10 grupos ling\u00fc\u00edsticos. Um mosaico de culturas, diferenciado, mas com caracter\u00edsticas comuns.<\/p>\n<p>&nbsp;O clima varia de \u00e1rido a semi-\u00e1rido e de \u00famido a tropical, dependendo da regi\u00e3o, mas geralmente se caracteriza por um calor elevado e grandes amplitudes t\u00e9rmicas tanto de dia a noite como durante todo o ano&#8230; A \u00e1gua doce \u00e9 rara; as \u00e1guas subterr\u00e2neas s\u00e3o muitas vezes salobras. A vegeta\u00e7\u00e3o \u00e9 variada: florestas com palmeiras alternam com bosques xer\u00f3filos e savanas. A pecu\u00e1ria tem se desenvolvido principalmente na regi\u00e3o leste. A principal fonte de riqueza \u00e9 a madeira de quebracho, usada para fazer travessas de trem ou carv\u00e3o. A agricultura s\u00f3 est\u00e1 progredindo nas regi\u00f5es do Paraguai e do Paran\u00e1.<\/p>\n<p><span><img decoding=\"async\" alt=\"\" data-id=\"27589\" width=\"352\" data-init-width=\"1511\" height=\"469\" data-init-height=\"2015\" title=\"73285358_10218529049794159_1309036668098969600_o\" loading=\"lazy\" src=\"https:\/\/museoverde.org\/wp-content\/uploads\/2022\/03\/73285358_10218529049794159_1309036668098969600_o.jpg\" data-width=\"352\" data-height=\"469\" style=\"\"><\/span><span><img decoding=\"async\" alt=\"\" data-id=\"27593\" width=\"1080\" data-init-width=\"1600\" height=\"722\" data-init-height=\"1069\" title=\"93226488_10220056723345043_9013506147927195648_o\" loading=\"lazy\" src=\"https:\/\/museoverde.org\/wp-content\/uploads\/2022\/03\/93226488_10220056723345043_9013506147927195648_o.jpg\" data-width=\"1080\" data-height=\"722\"><\/span><span><img decoding=\"async\" alt=\"\" data-id=\"27598\" width=\"350\" data-init-width=\"2560\" height=\"234\" data-init-height=\"1709\" title=\"DSC_4297\" loading=\"lazy\" src=\"https:\/\/museoverde.org\/wp-content\/uploads\/2022\/03\/DSC_4297-scaled.jpg\" data-width=\"350\" data-height=\"234\"><\/span><\/p>\n<p>A regi\u00e3o est\u00e1 politicamente dividida entre Argentina (Chaco Sul e Chaco Central), Bol\u00edvia e Paraguai. O Gran Chaco era um territ\u00f3rio disputado desde 1810, quando o Paraguai come\u00e7ou a expulsar as popula\u00e7\u00f5es nativas e a estabelecer assentamentos l\u00e1. O territ\u00f3rio foi disputado entre a Bol\u00edvia e o Paraguai at\u00e9 a Guerra do Chaco (1932-1935). A verdadeira causa da guerra foi provavelmente a suspeita de petr\u00f3leo. Em 1936, foi alcan\u00e7ado um primeiro acordo com o Protocolo de Buenos Aires. Posteriormente, a paz foi assinada em 1938, garantindo ao Paraguai tr\u00eas quartos do Chaco Borealis e \u00e0 Bol\u00edvia um corredor para o rio Paraguai.&nbsp;<\/p>\n<p>Em 1995, o Kaa Iya do Parque Nacional Gran Chaco foi criado em uma \u00e1rea do Chaco boliviano. \u00c9 administrado exclusivamente por povos ind\u00edgenas, incluindo os Izoce\u00f1o Guaran\u00ed, os Ayoreode e os Chiquitano.Este territ\u00f3rio, tr\u00eas vezes e meia o tamanho da It\u00e1lia, tem uma das mais baixas densidades populacionais do planeta. Existem relativamente poucos assentamentos humanos: alguns centros urbanos e uma mir\u00edade de comunidades ind\u00edgenas pertencentes a 40 grupos \u00e9tnicos e 10 grupos ling\u00fc\u00edsticos completamente diferentes, que s\u00e3o os guardi\u00f5es de um vasto patrim\u00f4nio cultural, artesanato e tradi\u00e7\u00f5es ancestrais, que em sua maioria s\u00e3o pouco ou nada conhecidos e valorizados.Atualmente, os povos ind\u00edgenas, que s\u00e3o um grupo de sociedades cuja economia se baseia principalmente na ca\u00e7a, pesca e coleta, e apenas subsidiariamente na agricultura, desapareceram parcialmente, e suas formas de exist\u00eancia foram alteradas por um processo incans\u00e1vel de acultura\u00e7\u00e3o no modelo ocidental. O ecossistema do Gran Chaco \u00e9 \u00fanico e est\u00e1 sendo lentamente destru\u00eddo pela coloniza\u00e7\u00e3o com a introdu\u00e7\u00e3o da agricultura extensiva, inc\u00eandios e decis\u00f5es agr\u00edcolas irrespons\u00e1veis.O nome \u00e9 provavelmente derivado da palavra quechua Chaku.H\u00e1 duas interpreta\u00e7\u00f5es poss\u00edveis: -territ\u00f3rio de ca\u00e7a o uni\u00e3o (os povos ind\u00edgenas vindos de v\u00e1rias regi\u00f5es e fugindo da conquista inca unidos na floresta).<\/p>\n<p><span><img decoding=\"async\" alt=\"\" data-id=\"27607\" width=\"533\" data-init-width=\"1067\" height=\"799\" data-init-height=\"1600\" title=\"IMG_8157\" loading=\"lazy\" src=\"https:\/\/museoverde.org\/wp-content\/uploads\/2022\/03\/IMG_8157.jpg\" data-width=\"533\" data-height=\"799\"><\/span><\/p>\n<h1 style=\"\">Gallery<\/h1>\n<p><span><img decoding=\"async\" alt=\"\" data-id=\"26790\" width=\"512\" height=\"341\" title=\"7upDawiQ\" src=\"https:\/\/museoverde.org\/wp-content\/uploads\/2022\/03\/7upDawiQ-300x200.jpeg\" data-src=\"https:\/\/museoverde.org\/wp-content\/uploads\/2022\/03\/7upDawiQ.jpeg\" loading=\"lazy\" data-sizes=\"{&quot;thumbnail&quot;:{&quot;height&quot;:150,&quot;width&quot;:150,&quot;url&quot;:&quot;https:\/\/museoverde.org\/wp-content\/uploads\/2022\/03\/7upDawiQ-150x150.jpeg&quot;,&quot;orientation&quot;:&quot;landscape&quot;},&quot;medium&quot;:{&quot;height&quot;:200,&quot;width&quot;:300,&quot;url&quot;:&quot;https:\/\/museoverde.org\/wp-content\/uploads\/2022\/03\/7upDawiQ-300x200.jpeg&quot;,&quot;orientation&quot;:&quot;landscape&quot;},&quot;full&quot;:{&quot;url&quot;:&quot;https:\/\/museoverde.org\/wp-content\/uploads\/2022\/03\/7upDawiQ.jpeg&quot;,&quot;height&quot;:341,&quot;width&quot;:512,&quot;orientation&quot;:&quot;landscape&quot;}}\" style=\"\"><\/span><span><img decoding=\"async\" alt=\"\" data-id=\"26794\" width=\"2560\" height=\"1821\" title=\"20200519_103516_2\" src=\"https:\/\/museoverde.org\/wp-content\/uploads\/2022\/03\/20200519_103516_2-300x213.jpg\" data-src=\"https:\/\/museoverde.org\/wp-content\/uploads\/2022\/03\/20200519_103516_2-1024x728.jpg\" loading=\"lazy\" data-sizes=\"{&quot;thumbnail&quot;:{&quot;height&quot;:150,&quot;width&quot;:150,&quot;url&quot;:&quot;https:\/\/museoverde.org\/wp-content\/uploads\/2022\/03\/20200519_103516_2-150x150.jpg&quot;,&quot;orientation&quot;:&quot;landscape&quot;},&quot;medium&quot;:{&quot;height&quot;:213,&quot;width&quot;:300,&quot;url&quot;:&quot;https:\/\/museoverde.org\/wp-content\/uploads\/2022\/03\/20200519_103516_2-300x213.jpg&quot;,&quot;orientation&quot;:&quot;landscape&quot;},&quot;large&quot;:{&quot;height&quot;:728,&quot;width&quot;:1024,&quot;url&quot;:&quot;https:\/\/museoverde.org\/wp-content\/uploads\/2022\/03\/20200519_103516_2-1024x728.jpg&quot;,&quot;orientation&quot;:&quot;landscape&quot;},&quot;full&quot;:{&quot;url&quot;:&quot;https:\/\/museoverde.org\/wp-content\/uploads\/2022\/03\/20200519_103516_2-scaled.jpg&quot;,&quot;height&quot;:1821,&quot;width&quot;:2560,&quot;orientation&quot;:&quot;landscape&quot;}}\" style=\"\"><\/span><span><img decoding=\"async\" alt=\"\" data-id=\"26798\" width=\"1600\" height=\"1000\" title=\"71151621_10218239959087072_5946638630859571200_o\" src=\"https:\/\/museoverde.org\/wp-content\/uploads\/2022\/03\/71151621_10218239959087072_5946638630859571200_o-300x188.jpg\" data-src=\"https:\/\/museoverde.org\/wp-content\/uploads\/2022\/03\/71151621_10218239959087072_5946638630859571200_o-1024x640.jpg\" loading=\"lazy\" data-sizes=\"{&quot;thumbnail&quot;:{&quot;height&quot;:150,&quot;width&quot;:150,&quot;url&quot;:&quot;https:\/\/museoverde.org\/wp-content\/uploads\/2022\/03\/71151621_10218239959087072_5946638630859571200_o-150x150.jpg&quot;,&quot;orientation&quot;:&quot;landscape&quot;},&quot;medium&quot;:{&quot;height&quot;:188,&quot;width&quot;:300,&quot;url&quot;:&quot;https:\/\/museoverde.org\/wp-content\/uploads\/2022\/03\/71151621_10218239959087072_5946638630859571200_o-300x188.jpg&quot;,&quot;orientation&quot;:&quot;landscape&quot;},&quot;large&quot;:{&quot;height&quot;:640,&quot;width&quot;:1024,&quot;url&quot;:&quot;https:\/\/museoverde.org\/wp-content\/uploads\/2022\/03\/71151621_10218239959087072_5946638630859571200_o-1024x640.jpg&quot;,&quot;orientation&quot;:&quot;landscape&quot;},&quot;full&quot;:{&quot;url&quot;:&quot;https:\/\/museoverde.org\/wp-content\/uploads\/2022\/03\/71151621_10218239959087072_5946638630859571200_o.jpg&quot;,&quot;height&quot;:1000,&quot;width&quot;:1600,&quot;orientation&quot;:&quot;landscape&quot;}}\" style=\"\"><\/span><span><img decoding=\"async\" alt=\"\" data-id=\"26806\" width=\"1600\" height=\"1200\" title=\"92136267_10219911383431636_1282563821126287360_o\" src=\"https:\/\/museoverde.org\/wp-content\/uploads\/2022\/03\/92136267_10219911383431636_1282563821126287360_o-300x225.jpg\" data-src=\"https:\/\/museoverde.org\/wp-content\/uploads\/2022\/03\/92136267_10219911383431636_1282563821126287360_o-1024x768.jpg\" loading=\"lazy\" data-sizes=\"{&quot;thumbnail&quot;:{&quot;height&quot;:150,&quot;width&quot;:150,&quot;url&quot;:&quot;https:\/\/museoverde.org\/wp-content\/uploads\/2022\/03\/92136267_10219911383431636_1282563821126287360_o-150x150.jpg&quot;,&quot;orientation&quot;:&quot;landscape&quot;},&quot;medium&quot;:{&quot;height&quot;:225,&quot;width&quot;:300,&quot;url&quot;:&quot;https:\/\/museoverde.org\/wp-content\/uploads\/2022\/03\/92136267_10219911383431636_1282563821126287360_o-300x225.jpg&quot;,&quot;orientation&quot;:&quot;landscape&quot;},&quot;large&quot;:{&quot;height&quot;:768,&quot;width&quot;:1024,&quot;url&quot;:&quot;https:\/\/museoverde.org\/wp-content\/uploads\/2022\/03\/92136267_10219911383431636_1282563821126287360_o-1024x768.jpg&quot;,&quot;orientation&quot;:&quot;landscape&quot;},&quot;full&quot;:{&quot;url&quot;:&quot;https:\/\/museoverde.org\/wp-content\/uploads\/2022\/03\/92136267_10219911383431636_1282563821126287360_o.jpg&quot;,&quot;height&quot;:1200,&quot;width&quot;:1600,&quot;orientation&quot;:&quot;landscape&quot;}}\" style=\"\"><\/span><span><img decoding=\"async\" alt=\"\" data-id=\"26810\" width=\"1440\" height=\"1016\" title=\"93414265_10220037794631837_5751274827855953920_o\" src=\"https:\/\/museoverde.org\/wp-content\/uploads\/2022\/03\/93414265_10220037794631837_5751274827855953920_o-300x212.jpg\" data-src=\"https:\/\/museoverde.org\/wp-content\/uploads\/2022\/03\/93414265_10220037794631837_5751274827855953920_o-1024x722.jpg\" loading=\"lazy\" data-sizes=\"{&quot;thumbnail&quot;:{&quot;height&quot;:150,&quot;width&quot;:150,&quot;url&quot;:&quot;https:\/\/museoverde.org\/wp-content\/uploads\/2022\/03\/93414265_10220037794631837_5751274827855953920_o-150x150.jpg&quot;,&quot;orientation&quot;:&quot;landscape&quot;},&quot;medium&quot;:{&quot;height&quot;:212,&quot;width&quot;:300,&quot;url&quot;:&quot;https:\/\/museoverde.org\/wp-content\/uploads\/2022\/03\/93414265_10220037794631837_5751274827855953920_o-300x212.jpg&quot;,&quot;orientation&quot;:&quot;landscape&quot;},&quot;large&quot;:{&quot;height&quot;:722,&quot;width&quot;:1024,&quot;url&quot;:&quot;https:\/\/museoverde.org\/wp-content\/uploads\/2022\/03\/93414265_10220037794631837_5751274827855953920_o-1024x722.jpg&quot;,&quot;orientation&quot;:&quot;landscape&quot;},&quot;full&quot;:{&quot;url&quot;:&quot;https:\/\/museoverde.org\/wp-content\/uploads\/2022\/03\/93414265_10220037794631837_5751274827855953920_o.jpg&quot;,&quot;height&quot;:1016,&quot;width&quot;:1440,&quot;orientation&quot;:&quot;landscape&quot;}}\" style=\"\"><\/span><span><img decoding=\"async\" alt=\"\" data-id=\"26814\" width=\"1955\" height=\"1373\" title=\"117300190_10221148558000227_6391593117186112914_o\" src=\"https:\/\/museoverde.org\/wp-content\/uploads\/2022\/03\/117300190_10221148558000227_6391593117186112914_o-300x211.jpg\" data-src=\"https:\/\/museoverde.org\/wp-content\/uploads\/2022\/03\/117300190_10221148558000227_6391593117186112914_o-1024x719.jpg\" loading=\"lazy\" data-sizes=\"{&quot;thumbnail&quot;:{&quot;height&quot;:150,&quot;width&quot;:150,&quot;url&quot;:&quot;https:\/\/museoverde.org\/wp-content\/uploads\/2022\/03\/117300190_10221148558000227_6391593117186112914_o-150x150.jpg&quot;,&quot;orientation&quot;:&quot;landscape&quot;},&quot;medium&quot;:{&quot;height&quot;:211,&quot;width&quot;:300,&quot;url&quot;:&quot;https:\/\/museoverde.org\/wp-content\/uploads\/2022\/03\/117300190_10221148558000227_6391593117186112914_o-300x211.jpg&quot;,&quot;orientation&quot;:&quot;landscape&quot;},&quot;large&quot;:{&quot;height&quot;:719,&quot;width&quot;:1024,&quot;url&quot;:&quot;https:\/\/museoverde.org\/wp-content\/uploads\/2022\/03\/117300190_10221148558000227_6391593117186112914_o-1024x719.jpg&quot;,&quot;orientation&quot;:&quot;landscape&quot;},&quot;full&quot;:{&quot;url&quot;:&quot;https:\/\/museoverde.org\/wp-content\/uploads\/2022\/03\/117300190_10221148558000227_6391593117186112914_o.jpg&quot;,&quot;height&quot;:1373,&quot;width&quot;:1955,&quot;orientation&quot;:&quot;landscape&quot;}}\" style=\"\"><\/span><span><img decoding=\"async\" alt=\"\" data-id=\"26822\" width=\"2162\" height=\"1917\" title=\"DSC_5038\" src=\"https:\/\/museoverde.org\/wp-content\/uploads\/2022\/03\/DSC_5038-300x266.jpg\" data-src=\"https:\/\/museoverde.org\/wp-content\/uploads\/2022\/03\/DSC_5038-1024x908.jpg\" loading=\"lazy\" data-sizes=\"{&quot;thumbnail&quot;:{&quot;height&quot;:150,&quot;width&quot;:150,&quot;url&quot;:&quot;https:\/\/museoverde.org\/wp-content\/uploads\/2022\/03\/DSC_5038-150x150.jpg&quot;,&quot;orientation&quot;:&quot;landscape&quot;},&quot;medium&quot;:{&quot;height&quot;:266,&quot;width&quot;:300,&quot;url&quot;:&quot;https:\/\/museoverde.org\/wp-content\/uploads\/2022\/03\/DSC_5038-300x266.jpg&quot;,&quot;orientation&quot;:&quot;landscape&quot;},&quot;large&quot;:{&quot;height&quot;:908,&quot;width&quot;:1024,&quot;url&quot;:&quot;https:\/\/museoverde.org\/wp-content\/uploads\/2022\/03\/DSC_5038-1024x908.jpg&quot;,&quot;orientation&quot;:&quot;landscape&quot;},&quot;full&quot;:{&quot;url&quot;:&quot;https:\/\/museoverde.org\/wp-content\/uploads\/2022\/03\/DSC_5038.jpg&quot;,&quot;height&quot;:1917,&quot;width&quot;:2162,&quot;orientation&quot;:&quot;landscape&quot;}}\" style=\"\"><\/span><span><img decoding=\"async\" alt=\"\" data-id=\"26818\" width=\"1200\" height=\"569\" title=\"131441441_10222099974545046_5032809862955181664_o\" src=\"https:\/\/museoverde.org\/wp-content\/uploads\/2022\/03\/131441441_10222099974545046_5032809862955181664_o-300x142.jpg\" data-src=\"https:\/\/museoverde.org\/wp-content\/uploads\/2022\/03\/131441441_10222099974545046_5032809862955181664_o-1024x486.jpg\" loading=\"lazy\" data-sizes=\"{&quot;thumbnail&quot;:{&quot;height&quot;:150,&quot;width&quot;:150,&quot;url&quot;:&quot;https:\/\/museoverde.org\/wp-content\/uploads\/2022\/03\/131441441_10222099974545046_5032809862955181664_o-150x150.jpg&quot;,&quot;orientation&quot;:&quot;landscape&quot;},&quot;medium&quot;:{&quot;height&quot;:142,&quot;width&quot;:300,&quot;url&quot;:&quot;https:\/\/museoverde.org\/wp-content\/uploads\/2022\/03\/131441441_10222099974545046_5032809862955181664_o-300x142.jpg&quot;,&quot;orientation&quot;:&quot;landscape&quot;},&quot;large&quot;:{&quot;height&quot;:486,&quot;width&quot;:1024,&quot;url&quot;:&quot;https:\/\/museoverde.org\/wp-content\/uploads\/2022\/03\/131441441_10222099974545046_5032809862955181664_o-1024x486.jpg&quot;,&quot;orientation&quot;:&quot;landscape&quot;},&quot;full&quot;:{&quot;url&quot;:&quot;https:\/\/museoverde.org\/wp-content\/uploads\/2022\/03\/131441441_10222099974545046_5032809862955181664_o.jpg&quot;,&quot;height&quot;:569,&quot;width&quot;:1200,&quot;orientation&quot;:&quot;landscape&quot;}}\" style=\"\"><\/span><span><img decoding=\"async\" alt=\"\" data-id=\"26826\" width=\"2560\" height=\"1707\" title=\"DSC_5333\" src=\"https:\/\/museoverde.org\/wp-content\/uploads\/2022\/03\/DSC_5333-300x200.jpg\" data-src=\"https:\/\/museoverde.org\/wp-content\/uploads\/2022\/03\/DSC_5333-1024x683.jpg\" loading=\"lazy\" data-sizes=\"{&quot;thumbnail&quot;:{&quot;height&quot;:150,&quot;width&quot;:150,&quot;url&quot;:&quot;https:\/\/museoverde.org\/wp-content\/uploads\/2022\/03\/DSC_5333-150x150.jpg&quot;,&quot;orientation&quot;:&quot;landscape&quot;},&quot;medium&quot;:{&quot;height&quot;:200,&quot;width&quot;:300,&quot;url&quot;:&quot;https:\/\/museoverde.org\/wp-content\/uploads\/2022\/03\/DSC_5333-300x200.jpg&quot;,&quot;orientation&quot;:&quot;landscape&quot;},&quot;large&quot;:{&quot;height&quot;:683,&quot;width&quot;:1024,&quot;url&quot;:&quot;https:\/\/museoverde.org\/wp-content\/uploads\/2022\/03\/DSC_5333-1024x683.jpg&quot;,&quot;orientation&quot;:&quot;landscape&quot;},&quot;full&quot;:{&quot;url&quot;:&quot;https:\/\/museoverde.org\/wp-content\/uploads\/2022\/03\/DSC_5333-scaled.jpg&quot;,&quot;height&quot;:1707,&quot;width&quot;:2560,&quot;orientation&quot;:&quot;landscape&quot;}}\" style=\"\"><\/span><span><img decoding=\"async\" alt=\"\" data-id=\"26830\" width=\"512\" height=\"384\" title=\"Etv9tjCg\" src=\"https:\/\/museoverde.org\/wp-content\/uploads\/2022\/03\/Etv9tjCg-300x225.png\" data-src=\"https:\/\/museoverde.org\/wp-content\/uploads\/2022\/03\/Etv9tjCg.png\" loading=\"lazy\" data-sizes=\"{&quot;thumbnail&quot;:{&quot;height&quot;:150,&quot;width&quot;:150,&quot;url&quot;:&quot;https:\/\/museoverde.org\/wp-content\/uploads\/2022\/03\/Etv9tjCg-150x150.png&quot;,&quot;orientation&quot;:&quot;landscape&quot;},&quot;medium&quot;:{&quot;height&quot;:225,&quot;width&quot;:300,&quot;url&quot;:&quot;https:\/\/museoverde.org\/wp-content\/uploads\/2022\/03\/Etv9tjCg-300x225.png&quot;,&quot;orientation&quot;:&quot;landscape&quot;},&quot;full&quot;:{&quot;url&quot;:&quot;https:\/\/museoverde.org\/wp-content\/uploads\/2022\/03\/Etv9tjCg.png&quot;,&quot;height&quot;:384,&quot;width&quot;:512,&quot;orientation&quot;:&quot;landscape&quot;}}\" style=\"\"><\/span><span><img decoding=\"async\" alt=\"\" data-id=\"27611\" width=\"2000\" height=\"1500\" title=\"IMG_8910\" src=\"https:\/\/museoverde.org\/wp-content\/uploads\/2022\/03\/IMG_8910-300x225.jpg\" data-src=\"https:\/\/museoverde.org\/wp-content\/uploads\/2022\/03\/IMG_8910-1024x768.jpg\" loading=\"lazy\" data-sizes=\"{&quot;thumbnail&quot;:{&quot;height&quot;:150,&quot;width&quot;:150,&quot;url&quot;:&quot;https:\/\/museoverde.org\/wp-content\/uploads\/2022\/03\/IMG_8910-150x150.jpg&quot;,&quot;orientation&quot;:&quot;landscape&quot;},&quot;medium&quot;:{&quot;height&quot;:225,&quot;width&quot;:300,&quot;url&quot;:&quot;https:\/\/museoverde.org\/wp-content\/uploads\/2022\/03\/IMG_8910-300x225.jpg&quot;,&quot;orientation&quot;:&quot;landscape&quot;},&quot;large&quot;:{&quot;height&quot;:768,&quot;width&quot;:1024,&quot;url&quot;:&quot;https:\/\/museoverde.org\/wp-content\/uploads\/2022\/03\/IMG_8910-1024x768.jpg&quot;,&quot;orientation&quot;:&quot;landscape&quot;},&quot;full&quot;:{&quot;url&quot;:&quot;https:\/\/museoverde.org\/wp-content\/uploads\/2022\/03\/IMG_8910.jpg&quot;,&quot;height&quot;:1500,&quot;width&quot;:2000,&quot;orientation&quot;:&quot;landscape&quot;}}\" style=\"\"><\/span><span><img decoding=\"async\" alt=\"\" data-id=\"26838\" width=\"1600\" height=\"1067\" title=\"Perch\u00e9 si chiama Chaco secco\" src=\"https:\/\/museoverde.org\/wp-content\/uploads\/2022\/03\/Perche-si-chiama-Chaco-secco-300x200.jpg\" data-src=\"https:\/\/museoverde.org\/wp-content\/uploads\/2022\/03\/Perche-si-chiama-Chaco-secco-1024x683.jpg\" loading=\"lazy\" data-sizes=\"{&quot;thumbnail&quot;:{&quot;height&quot;:150,&quot;width&quot;:150,&quot;url&quot;:&quot;https:\/\/museoverde.org\/wp-content\/uploads\/2022\/03\/Perche-si-chiama-Chaco-secco-150x150.jpg&quot;,&quot;orientation&quot;:&quot;landscape&quot;},&quot;medium&quot;:{&quot;height&quot;:200,&quot;width&quot;:300,&quot;url&quot;:&quot;https:\/\/museoverde.org\/wp-content\/uploads\/2022\/03\/Perche-si-chiama-Chaco-secco-300x200.jpg&quot;,&quot;orientation&quot;:&quot;landscape&quot;},&quot;large&quot;:{&quot;height&quot;:683,&quot;width&quot;:1024,&quot;url&quot;:&quot;https:\/\/museoverde.org\/wp-content\/uploads\/2022\/03\/Perche-si-chiama-Chaco-secco-1024x683.jpg&quot;,&quot;orientation&quot;:&quot;landscape&quot;},&quot;full&quot;:{&quot;url&quot;:&quot;https:\/\/museoverde.org\/wp-content\/uploads\/2022\/03\/Perche-si-chiama-Chaco-secco.jpg&quot;,&quot;height&quot;:1067,&quot;width&quot;:1600,&quot;orientation&quot;:&quot;landscape&quot;}}\" style=\"\"><\/span><span><img decoding=\"async\" alt=\"\" data-id=\"27619\" width=\"1600\" height=\"1108\" title=\"97419015_10220366966300923_8932626643818643456_o\" src=\"https:\/\/museoverde.org\/wp-content\/uploads\/2022\/03\/97419015_10220366966300923_8932626643818643456_o-300x208.jpg\" data-src=\"https:\/\/museoverde.org\/wp-content\/uploads\/2022\/03\/97419015_10220366966300923_8932626643818643456_o-1024x709.jpg\" loading=\"lazy\" data-sizes=\"{&quot;thumbnail&quot;:{&quot;height&quot;:150,&quot;width&quot;:150,&quot;url&quot;:&quot;https:\/\/museoverde.org\/wp-content\/uploads\/2022\/03\/97419015_10220366966300923_8932626643818643456_o-150x150.jpg&quot;,&quot;orientation&quot;:&quot;landscape&quot;},&quot;medium&quot;:{&quot;height&quot;:208,&quot;width&quot;:300,&quot;url&quot;:&quot;https:\/\/museoverde.org\/wp-content\/uploads\/2022\/03\/97419015_10220366966300923_8932626643818643456_o-300x208.jpg&quot;,&quot;orientation&quot;:&quot;landscape&quot;},&quot;large&quot;:{&quot;height&quot;:709,&quot;width&quot;:1024,&quot;url&quot;:&quot;https:\/\/museoverde.org\/wp-content\/uploads\/2022\/03\/97419015_10220366966300923_8932626643818643456_o-1024x709.jpg&quot;,&quot;orientation&quot;:&quot;landscape&quot;},&quot;full&quot;:{&quot;url&quot;:&quot;https:\/\/museoverde.org\/wp-content\/uploads\/2022\/03\/97419015_10220366966300923_8932626643818643456_o.jpg&quot;,&quot;height&quot;:1108,&quot;width&quot;:1600,&quot;orientation&quot;:&quot;landscape&quot;}}\" style=\"\"><\/span><span><img decoding=\"async\" alt=\"\" data-id=\"27615\" width=\"1600\" height=\"1067\" title=\"IMG_1695\" src=\"https:\/\/museoverde.org\/wp-content\/uploads\/2022\/03\/IMG_1695-300x200.jpg\" data-src=\"https:\/\/museoverde.org\/wp-content\/uploads\/2022\/03\/IMG_1695-1024x683.jpg\" loading=\"lazy\" data-sizes=\"{&quot;thumbnail&quot;:{&quot;height&quot;:150,&quot;width&quot;:150,&quot;url&quot;:&quot;https:\/\/museoverde.org\/wp-content\/uploads\/2022\/03\/IMG_1695-150x150.jpg&quot;,&quot;orientation&quot;:&quot;landscape&quot;},&quot;medium&quot;:{&quot;height&quot;:200,&quot;width&quot;:300,&quot;url&quot;:&quot;https:\/\/museoverde.org\/wp-content\/uploads\/2022\/03\/IMG_1695-300x200.jpg&quot;,&quot;orientation&quot;:&quot;landscape&quot;},&quot;large&quot;:{&quot;height&quot;:683,&quot;width&quot;:1024,&quot;url&quot;:&quot;https:\/\/museoverde.org\/wp-content\/uploads\/2022\/03\/IMG_1695-1024x683.jpg&quot;,&quot;orientation&quot;:&quot;landscape&quot;},&quot;full&quot;:{&quot;url&quot;:&quot;https:\/\/museoverde.org\/wp-content\/uploads\/2022\/03\/IMG_1695.jpg&quot;,&quot;height&quot;:1067,&quot;width&quot;:1600,&quot;orientation&quot;:&quot;landscape&quot;}}\" style=\"\"><\/span><span><img decoding=\"async\" alt=\"\" data-id=\"26834\" width=\"2000\" height=\"1334\" title=\"IMG_5928\" src=\"https:\/\/museoverde.org\/wp-content\/uploads\/2022\/03\/IMG_5928-300x200.jpg\" data-src=\"https:\/\/museoverde.org\/wp-content\/uploads\/2022\/03\/IMG_5928-1024x683.jpg\" loading=\"lazy\" data-sizes=\"{&quot;thumbnail&quot;:{&quot;height&quot;:150,&quot;width&quot;:150,&quot;url&quot;:&quot;https:\/\/museoverde.org\/wp-content\/uploads\/2022\/03\/IMG_5928-150x150.jpg&quot;,&quot;orientation&quot;:&quot;landscape&quot;},&quot;medium&quot;:{&quot;height&quot;:200,&quot;width&quot;:300,&quot;url&quot;:&quot;https:\/\/museoverde.org\/wp-content\/uploads\/2022\/03\/IMG_5928-300x200.jpg&quot;,&quot;orientation&quot;:&quot;landscape&quot;},&quot;large&quot;:{&quot;height&quot;:683,&quot;width&quot;:1024,&quot;url&quot;:&quot;https:\/\/museoverde.org\/wp-content\/uploads\/2022\/03\/IMG_5928-1024x683.jpg&quot;,&quot;orientation&quot;:&quot;landscape&quot;},&quot;full&quot;:{&quot;url&quot;:&quot;https:\/\/museoverde.org\/wp-content\/uploads\/2022\/03\/IMG_5928.jpg&quot;,&quot;height&quot;:1334,&quot;width&quot;:2000,&quot;orientation&quot;:&quot;landscape&quot;}}\" style=\"\"><\/span><\/p>\n","protected":false},"excerpt":{"rendered":"<p>O TERRIT\u00d3RIO DO GRAN CHACO O territ\u00f3rio No cora\u00e7\u00e3o da Am\u00e9rica Latina, entre Paraguai, Bol\u00edvia, Argentina e Brasil, entre o Paraguai e Paran\u00e1 e o planalto andino se estende por uma plan\u00edcie de um milh\u00e3o e 300 mil quil\u00f4metros quadrados. \u00c9 O GRAN CHACO. Caracterizado pela presen\u00e7a de grandes florestas virgens, um reservat\u00f3rio de biodiversidade [&hellip;]<\/p>\n","protected":false},"author":3,"featured_media":0,"parent":28594,"menu_order":0,"comment_status":"closed","ping_status":"closed","template":"","meta":{"footnotes":""},"class_list":["post-28597","page","type-page","status-publish","hentry","post-wrapper","thrv_wrapper"],"_links":{"self":[{"href":"https:\/\/museoverde.org\/pt-br\/wp-json\/wp\/v2\/pages\/28597","targetHints":{"allow":["GET"]}}],"collection":[{"href":"https:\/\/museoverde.org\/pt-br\/wp-json\/wp\/v2\/pages"}],"about":[{"href":"https:\/\/museoverde.org\/pt-br\/wp-json\/wp\/v2\/types\/page"}],"author":[{"embeddable":true,"href":"https:\/\/museoverde.org\/pt-br\/wp-json\/wp\/v2\/users\/3"}],"replies":[{"embeddable":true,"href":"https:\/\/museoverde.org\/pt-br\/wp-json\/wp\/v2\/comments?post=28597"}],"version-history":[{"count":3,"href":"https:\/\/museoverde.org\/pt-br\/wp-json\/wp\/v2\/pages\/28597\/revisions"}],"predecessor-version":[{"id":29361,"href":"https:\/\/museoverde.org\/pt-br\/wp-json\/wp\/v2\/pages\/28597\/revisions\/29361"}],"up":[{"embeddable":true,"href":"https:\/\/museoverde.org\/pt-br\/wp-json\/wp\/v2\/pages\/28594"}],"wp:attachment":[{"href":"https:\/\/museoverde.org\/pt-br\/wp-json\/wp\/v2\/media?parent=28597"}],"curies":[{"name":"wp","href":"https:\/\/api.w.org\/{rel}","templated":true}]}}