{"id":28600,"date":"2022-02-16T09:52:50","date_gmt":"2022-02-16T08:52:50","guid":{"rendered":"https:\/\/museoverde.org\/gran-chaco\/le-popolazioni-originarie\/"},"modified":"2022-06-02T12:18:28","modified_gmt":"2022-06-02T10:18:28","slug":"le-popolazioni-originarie","status":"publish","type":"page","link":"https:\/\/museoverde.org\/pt-br\/o-gran-chaco\/le-popolazioni-originarie\/","title":{"rendered":"Le Popolazioni Originarie"},"content":{"rendered":"<p style=\"text-align: center;\">25 GRUPOS \u00c9TNICOS, 10 GRUPOS LING\u00dc\u00cdSTICOS. UM MOSAICO DE CULTURAS, DIFERENCIADO, MAS COM CARACTER\u00cdSTICAS COMUNS.<\/p>\n<h1 style=\"text-align: center;\">AS POPULA\u00c7\u00d5ES ORIGINAIS<\/h1>\n<p style=\"text-align: center;\">Um patrim\u00f4nio de tradi\u00e7\u00f5es, artesanato, conhecimento e know-how, em grande parte desconhecido para n\u00f3s.<\/p>\n<p style=\"text-align: center;\">&#8220;Os pa\u00edses mais avan\u00e7ados est\u00e3o levando o mundo \u00e0 cat\u00e1strofe, enquanto os povos at\u00e9 agora considerados primitivos est\u00e3o tentando salvar o planeta inteiro. Se os pa\u00edses ricos n\u00e3o aprenderem com os nativos, estaremos todos condenados \u00e0 destrui\u00e7\u00e3o&#8221;.<\/p>\n<p style=\"text-align: center;\">Noam Chomsky<\/p>\n<p><span><img decoding=\"async\" alt=\"\" data-id=\"26876\" width=\"2560\" height=\"1707\" title=\"P1036900\" src=\"https:\/\/museoverde.org\/wp-content\/uploads\/2022\/03\/P1036900-1024x683.jpg\" data-src=\"https:\/\/museoverde.org\/wp-content\/uploads\/2022\/03\/P1036900-1024x683.jpg\" loading=\"lazy\" data-sizes=\"{&quot;thumbnail&quot;:{&quot;height&quot;:150,&quot;width&quot;:150,&quot;url&quot;:&quot;https:\/\/museoverde.org\/wp-content\/uploads\/2022\/03\/P1036900-150x150.jpg&quot;,&quot;orientation&quot;:&quot;landscape&quot;},&quot;medium&quot;:{&quot;height&quot;:200,&quot;width&quot;:300,&quot;url&quot;:&quot;https:\/\/museoverde.org\/wp-content\/uploads\/2022\/03\/P1036900-300x200.jpg&quot;,&quot;orientation&quot;:&quot;landscape&quot;},&quot;large&quot;:{&quot;height&quot;:683,&quot;width&quot;:1024,&quot;url&quot;:&quot;https:\/\/museoverde.org\/wp-content\/uploads\/2022\/03\/P1036900-1024x683.jpg&quot;,&quot;orientation&quot;:&quot;landscape&quot;},&quot;full&quot;:{&quot;url&quot;:&quot;https:\/\/museoverde.org\/wp-content\/uploads\/2022\/03\/P1036900-scaled.jpg&quot;,&quot;height&quot;:1707,&quot;width&quot;:2560,&quot;orientation&quot;:&quot;landscape&quot;}}\" style=\"\"><\/span><span><img decoding=\"async\" alt=\"\" data-id=\"26872\" width=\"1081\" height=\"720\" title=\"e9fa46c9-3970-4eb7-8c57-7c177d4564e8\" src=\"https:\/\/museoverde.org\/wp-content\/uploads\/2022\/03\/e9fa46c9-3970-4eb7-8c57-7c177d4564e8-1024x682.jpg\" data-src=\"https:\/\/museoverde.org\/wp-content\/uploads\/2022\/03\/e9fa46c9-3970-4eb7-8c57-7c177d4564e8-1024x682.jpg\" loading=\"lazy\" data-sizes=\"{&quot;thumbnail&quot;:{&quot;height&quot;:150,&quot;width&quot;:150,&quot;url&quot;:&quot;https:\/\/museoverde.org\/wp-content\/uploads\/2022\/03\/e9fa46c9-3970-4eb7-8c57-7c177d4564e8-150x150.jpg&quot;,&quot;orientation&quot;:&quot;landscape&quot;},&quot;medium&quot;:{&quot;height&quot;:200,&quot;width&quot;:300,&quot;url&quot;:&quot;https:\/\/museoverde.org\/wp-content\/uploads\/2022\/03\/e9fa46c9-3970-4eb7-8c57-7c177d4564e8-300x200.jpg&quot;,&quot;orientation&quot;:&quot;landscape&quot;},&quot;large&quot;:{&quot;height&quot;:682,&quot;width&quot;:1024,&quot;url&quot;:&quot;https:\/\/museoverde.org\/wp-content\/uploads\/2022\/03\/e9fa46c9-3970-4eb7-8c57-7c177d4564e8-1024x682.jpg&quot;,&quot;orientation&quot;:&quot;landscape&quot;},&quot;full&quot;:{&quot;url&quot;:&quot;https:\/\/museoverde.org\/wp-content\/uploads\/2022\/03\/e9fa46c9-3970-4eb7-8c57-7c177d4564e8.jpg&quot;,&quot;height&quot;:720,&quot;width&quot;:1081,&quot;orientation&quot;:&quot;landscape&quot;}}\" style=\"\"><\/span><span><img decoding=\"async\" alt=\"\" data-id=\"26864\" width=\"2560\" height=\"1707\" title=\"P1025677\" src=\"https:\/\/museoverde.org\/wp-content\/uploads\/2022\/03\/P1025677-1024x683.jpg\" data-src=\"https:\/\/museoverde.org\/wp-content\/uploads\/2022\/03\/P1025677-1024x683.jpg\" loading=\"lazy\" data-sizes=\"{&quot;thumbnail&quot;:{&quot;height&quot;:150,&quot;width&quot;:150,&quot;url&quot;:&quot;https:\/\/museoverde.org\/wp-content\/uploads\/2022\/03\/P1025677-150x150.jpg&quot;,&quot;orientation&quot;:&quot;landscape&quot;},&quot;medium&quot;:{&quot;height&quot;:200,&quot;width&quot;:300,&quot;url&quot;:&quot;https:\/\/museoverde.org\/wp-content\/uploads\/2022\/03\/P1025677-300x200.jpg&quot;,&quot;orientation&quot;:&quot;landscape&quot;},&quot;large&quot;:{&quot;height&quot;:683,&quot;width&quot;:1024,&quot;url&quot;:&quot;https:\/\/museoverde.org\/wp-content\/uploads\/2022\/03\/P1025677-1024x683.jpg&quot;,&quot;orientation&quot;:&quot;landscape&quot;},&quot;full&quot;:{&quot;url&quot;:&quot;https:\/\/museoverde.org\/wp-content\/uploads\/2022\/03\/P1025677-scaled.jpg&quot;,&quot;height&quot;:1707,&quot;width&quot;:2560,&quot;orientation&quot;:&quot;landscape&quot;}}\" style=\"\"><\/span><span><img decoding=\"async\" alt=\"\" data-id=\"26860\" width=\"1440\" height=\"1080\" title=\"78121776_10218807524395850_7348245858665627648_o\" src=\"https:\/\/museoverde.org\/wp-content\/uploads\/2022\/03\/78121776_10218807524395850_7348245858665627648_o-1024x768.jpg\" data-src=\"https:\/\/museoverde.org\/wp-content\/uploads\/2022\/03\/78121776_10218807524395850_7348245858665627648_o-1024x768.jpg\" loading=\"lazy\" data-sizes=\"{&quot;thumbnail&quot;:{&quot;height&quot;:150,&quot;width&quot;:150,&quot;url&quot;:&quot;https:\/\/museoverde.org\/wp-content\/uploads\/2022\/03\/78121776_10218807524395850_7348245858665627648_o-150x150.jpg&quot;,&quot;orientation&quot;:&quot;landscape&quot;},&quot;medium&quot;:{&quot;height&quot;:225,&quot;width&quot;:300,&quot;url&quot;:&quot;https:\/\/museoverde.org\/wp-content\/uploads\/2022\/03\/78121776_10218807524395850_7348245858665627648_o-300x225.jpg&quot;,&quot;orientation&quot;:&quot;landscape&quot;},&quot;large&quot;:{&quot;height&quot;:768,&quot;width&quot;:1024,&quot;url&quot;:&quot;https:\/\/museoverde.org\/wp-content\/uploads\/2022\/03\/78121776_10218807524395850_7348245858665627648_o-1024x768.jpg&quot;,&quot;orientation&quot;:&quot;landscape&quot;},&quot;full&quot;:{&quot;url&quot;:&quot;https:\/\/museoverde.org\/wp-content\/uploads\/2022\/03\/78121776_10218807524395850_7348245858665627648_o.jpg&quot;,&quot;height&quot;:1080,&quot;width&quot;:1440,&quot;orientation&quot;:&quot;landscape&quot;}}\" style=\"\"><\/span><span><img decoding=\"async\" alt=\"\" data-id=\"26856\" width=\"1600\" height=\"1067\" title=\"71939313_10218283127846264_7457310213775818752_o\" src=\"https:\/\/museoverde.org\/wp-content\/uploads\/2022\/03\/71939313_10218283127846264_7457310213775818752_o-1024x683.jpg\" data-src=\"https:\/\/museoverde.org\/wp-content\/uploads\/2022\/03\/71939313_10218283127846264_7457310213775818752_o-1024x683.jpg\" loading=\"lazy\" data-sizes=\"{&quot;thumbnail&quot;:{&quot;height&quot;:150,&quot;width&quot;:150,&quot;url&quot;:&quot;https:\/\/museoverde.org\/wp-content\/uploads\/2022\/03\/71939313_10218283127846264_7457310213775818752_o-150x150.jpg&quot;,&quot;orientation&quot;:&quot;landscape&quot;},&quot;medium&quot;:{&quot;height&quot;:200,&quot;width&quot;:300,&quot;url&quot;:&quot;https:\/\/museoverde.org\/wp-content\/uploads\/2022\/03\/71939313_10218283127846264_7457310213775818752_o-300x200.jpg&quot;,&quot;orientation&quot;:&quot;landscape&quot;},&quot;large&quot;:{&quot;height&quot;:683,&quot;width&quot;:1024,&quot;url&quot;:&quot;https:\/\/museoverde.org\/wp-content\/uploads\/2022\/03\/71939313_10218283127846264_7457310213775818752_o-1024x683.jpg&quot;,&quot;orientation&quot;:&quot;landscape&quot;},&quot;full&quot;:{&quot;url&quot;:&quot;https:\/\/museoverde.org\/wp-content\/uploads\/2022\/03\/71939313_10218283127846264_7457310213775818752_o.jpg&quot;,&quot;height&quot;:1067,&quot;width&quot;:1600,&quot;orientation&quot;:&quot;landscape&quot;}}\" style=\"\"><\/span><span><img decoding=\"async\" alt=\"\" data-id=\"26848\" width=\"1600\" height=\"1279\" title=\"67966822_10217843691660634_1655458705740660736_o\" src=\"https:\/\/museoverde.org\/wp-content\/uploads\/2022\/03\/67966822_10217843691660634_1655458705740660736_o-1024x819.jpg\" data-src=\"https:\/\/museoverde.org\/wp-content\/uploads\/2022\/03\/67966822_10217843691660634_1655458705740660736_o-1024x819.jpg\" loading=\"lazy\" data-sizes=\"{&quot;thumbnail&quot;:{&quot;height&quot;:150,&quot;width&quot;:150,&quot;url&quot;:&quot;https:\/\/museoverde.org\/wp-content\/uploads\/2022\/03\/67966822_10217843691660634_1655458705740660736_o-150x150.jpg&quot;,&quot;orientation&quot;:&quot;landscape&quot;},&quot;medium&quot;:{&quot;height&quot;:240,&quot;width&quot;:300,&quot;url&quot;:&quot;https:\/\/museoverde.org\/wp-content\/uploads\/2022\/03\/67966822_10217843691660634_1655458705740660736_o-300x240.jpg&quot;,&quot;orientation&quot;:&quot;landscape&quot;},&quot;large&quot;:{&quot;height&quot;:819,&quot;width&quot;:1024,&quot;url&quot;:&quot;https:\/\/museoverde.org\/wp-content\/uploads\/2022\/03\/67966822_10217843691660634_1655458705740660736_o-1024x819.jpg&quot;,&quot;orientation&quot;:&quot;landscape&quot;},&quot;full&quot;:{&quot;url&quot;:&quot;https:\/\/museoverde.org\/wp-content\/uploads\/2022\/03\/67966822_10217843691660634_1655458705740660736_o.jpg&quot;,&quot;height&quot;:1279,&quot;width&quot;:1600,&quot;orientation&quot;:&quot;landscape&quot;}}\" style=\"\"><\/span><span><img decoding=\"async\" alt=\"\" data-id=\"26963\" width=\"2560\" height=\"1707\" title=\"P1025541 (1)\" src=\"https:\/\/museoverde.org\/wp-content\/uploads\/2022\/03\/P1025541-1-1-1024x683.jpg\" data-src=\"https:\/\/museoverde.org\/wp-content\/uploads\/2022\/03\/P1025541-1-1-1024x683.jpg\" loading=\"lazy\" data-sizes=\"{&quot;thumbnail&quot;:{&quot;height&quot;:150,&quot;width&quot;:150,&quot;url&quot;:&quot;https:\/\/museoverde.org\/wp-content\/uploads\/2022\/03\/P1025541-1-1-150x150.jpg&quot;,&quot;orientation&quot;:&quot;landscape&quot;},&quot;medium&quot;:{&quot;height&quot;:200,&quot;width&quot;:300,&quot;url&quot;:&quot;https:\/\/museoverde.org\/wp-content\/uploads\/2022\/03\/P1025541-1-1-300x200.jpg&quot;,&quot;orientation&quot;:&quot;landscape&quot;},&quot;large&quot;:{&quot;height&quot;:683,&quot;width&quot;:1024,&quot;url&quot;:&quot;https:\/\/museoverde.org\/wp-content\/uploads\/2022\/03\/P1025541-1-1-1024x683.jpg&quot;,&quot;orientation&quot;:&quot;landscape&quot;},&quot;full&quot;:{&quot;url&quot;:&quot;https:\/\/museoverde.org\/wp-content\/uploads\/2022\/03\/P1025541-1-1-scaled.jpg&quot;,&quot;height&quot;:1707,&quot;width&quot;:2560,&quot;orientation&quot;:&quot;landscape&quot;}}\" style=\"\"><\/span><span><img decoding=\"async\" alt=\"\" data-id=\"27108\" width=\"1280\" height=\"853\" title=\"IMG-20201125-WA0010\" src=\"https:\/\/museoverde.org\/wp-content\/uploads\/2022\/03\/IMG-20201125-WA0010-1024x682.jpg\" data-src=\"https:\/\/museoverde.org\/wp-content\/uploads\/2022\/03\/IMG-20201125-WA0010-1024x682.jpg\" loading=\"lazy\" data-sizes=\"{&quot;thumbnail&quot;:{&quot;height&quot;:150,&quot;width&quot;:150,&quot;url&quot;:&quot;https:\/\/museoverde.org\/wp-content\/uploads\/2022\/03\/IMG-20201125-WA0010-150x150.jpg&quot;,&quot;orientation&quot;:&quot;landscape&quot;},&quot;medium&quot;:{&quot;height&quot;:200,&quot;width&quot;:300,&quot;url&quot;:&quot;https:\/\/museoverde.org\/wp-content\/uploads\/2022\/03\/IMG-20201125-WA0010-300x200.jpg&quot;,&quot;orientation&quot;:&quot;landscape&quot;},&quot;large&quot;:{&quot;height&quot;:682,&quot;width&quot;:1024,&quot;url&quot;:&quot;https:\/\/museoverde.org\/wp-content\/uploads\/2022\/03\/IMG-20201125-WA0010-1024x682.jpg&quot;,&quot;orientation&quot;:&quot;landscape&quot;},&quot;full&quot;:{&quot;url&quot;:&quot;https:\/\/museoverde.org\/wp-content\/uploads\/2022\/03\/IMG-20201125-WA0010.jpg&quot;,&quot;height&quot;:853,&quot;width&quot;:1280,&quot;orientation&quot;:&quot;landscape&quot;}}\" style=\"\"><\/span><span><img decoding=\"async\" alt=\"\" data-id=\"27112\" width=\"1280\" height=\"853\" title=\"IMG-20201125-WA0009\" src=\"https:\/\/museoverde.org\/wp-content\/uploads\/2022\/03\/IMG-20201125-WA0009-1024x682.jpg\" data-src=\"https:\/\/museoverde.org\/wp-content\/uploads\/2022\/03\/IMG-20201125-WA0009-1024x682.jpg\" loading=\"lazy\" data-sizes=\"{&quot;thumbnail&quot;:{&quot;height&quot;:150,&quot;width&quot;:150,&quot;url&quot;:&quot;https:\/\/museoverde.org\/wp-content\/uploads\/2022\/03\/IMG-20201125-WA0009-150x150.jpg&quot;,&quot;orientation&quot;:&quot;landscape&quot;},&quot;medium&quot;:{&quot;height&quot;:200,&quot;width&quot;:300,&quot;url&quot;:&quot;https:\/\/museoverde.org\/wp-content\/uploads\/2022\/03\/IMG-20201125-WA0009-300x200.jpg&quot;,&quot;orientation&quot;:&quot;landscape&quot;},&quot;large&quot;:{&quot;height&quot;:682,&quot;width&quot;:1024,&quot;url&quot;:&quot;https:\/\/museoverde.org\/wp-content\/uploads\/2022\/03\/IMG-20201125-WA0009-1024x682.jpg&quot;,&quot;orientation&quot;:&quot;landscape&quot;},&quot;full&quot;:{&quot;url&quot;:&quot;https:\/\/museoverde.org\/wp-content\/uploads\/2022\/03\/IMG-20201125-WA0009.jpg&quot;,&quot;height&quot;:853,&quot;width&quot;:1280,&quot;orientation&quot;:&quot;landscape&quot;}}\" style=\"\"><\/span><span><img decoding=\"async\" alt=\"\" data-id=\"26931\" width=\"330\" height=\"423\" title=\"bambina ayoreo\" src=\"https:\/\/museoverde.org\/wp-content\/uploads\/2022\/03\/bambina-ayoreo-.jpg\" data-src=\"https:\/\/museoverde.org\/wp-content\/uploads\/2022\/03\/bambina-ayoreo-.jpg\" loading=\"lazy\" data-sizes=\"{&quot;thumbnail&quot;:{&quot;height&quot;:150,&quot;width&quot;:150,&quot;url&quot;:&quot;https:\/\/museoverde.org\/wp-content\/uploads\/2022\/03\/bambina-ayoreo--150x150.jpg&quot;,&quot;orientation&quot;:&quot;landscape&quot;},&quot;medium&quot;:{&quot;height&quot;:300,&quot;width&quot;:234,&quot;url&quot;:&quot;https:\/\/museoverde.org\/wp-content\/uploads\/2022\/03\/bambina-ayoreo--234x300.jpg&quot;,&quot;orientation&quot;:&quot;portrait&quot;},&quot;full&quot;:{&quot;url&quot;:&quot;https:\/\/museoverde.org\/wp-content\/uploads\/2022\/03\/bambina-ayoreo-.jpg&quot;,&quot;height&quot;:423,&quot;width&quot;:330,&quot;orientation&quot;:&quot;portrait&quot;}}\" style=\"\"><\/span><span><img decoding=\"async\" alt=\"\" data-id=\"27116\" width=\"2400\" height=\"2560\" title=\"DSC_4053\" src=\"https:\/\/museoverde.org\/wp-content\/uploads\/2022\/03\/DSC_4053-960x1024.jpg\" data-src=\"https:\/\/museoverde.org\/wp-content\/uploads\/2022\/03\/DSC_4053-960x1024.jpg\" loading=\"lazy\" data-sizes=\"{&quot;thumbnail&quot;:{&quot;height&quot;:150,&quot;width&quot;:150,&quot;url&quot;:&quot;https:\/\/museoverde.org\/wp-content\/uploads\/2022\/03\/DSC_4053-150x150.jpg&quot;,&quot;orientation&quot;:&quot;landscape&quot;},&quot;medium&quot;:{&quot;height&quot;:300,&quot;width&quot;:281,&quot;url&quot;:&quot;https:\/\/museoverde.org\/wp-content\/uploads\/2022\/03\/DSC_4053-281x300.jpg&quot;,&quot;orientation&quot;:&quot;portrait&quot;},&quot;large&quot;:{&quot;height&quot;:1024,&quot;width&quot;:960,&quot;url&quot;:&quot;https:\/\/museoverde.org\/wp-content\/uploads\/2022\/03\/DSC_4053-960x1024.jpg&quot;,&quot;orientation&quot;:&quot;portrait&quot;},&quot;full&quot;:{&quot;url&quot;:&quot;https:\/\/museoverde.org\/wp-content\/uploads\/2022\/03\/DSC_4053-scaled.jpg&quot;,&quot;height&quot;:2560,&quot;width&quot;:2400,&quot;orientation&quot;:&quot;portrait&quot;}}\" style=\"\"><\/span><span><img decoding=\"async\" alt=\"\" data-id=\"28061\" width=\"1600\" height=\"1067\" title=\"IMG_5106\" src=\"https:\/\/museoverde.org\/wp-content\/uploads\/2022\/04\/IMG_5106-1024x683.jpg\" data-src=\"https:\/\/museoverde.org\/wp-content\/uploads\/2022\/04\/IMG_5106-1024x683.jpg\" loading=\"lazy\" data-sizes=\"{&quot;thumbnail&quot;:{&quot;height&quot;:150,&quot;width&quot;:150,&quot;url&quot;:&quot;https:\/\/museoverde.org\/wp-content\/uploads\/2022\/04\/IMG_5106-150x150.jpg&quot;,&quot;orientation&quot;:&quot;landscape&quot;},&quot;medium&quot;:{&quot;height&quot;:200,&quot;width&quot;:300,&quot;url&quot;:&quot;https:\/\/museoverde.org\/wp-content\/uploads\/2022\/04\/IMG_5106-300x200.jpg&quot;,&quot;orientation&quot;:&quot;landscape&quot;},&quot;large&quot;:{&quot;height&quot;:683,&quot;width&quot;:1024,&quot;url&quot;:&quot;https:\/\/museoverde.org\/wp-content\/uploads\/2022\/04\/IMG_5106-1024x683.jpg&quot;,&quot;orientation&quot;:&quot;landscape&quot;},&quot;full&quot;:{&quot;url&quot;:&quot;https:\/\/museoverde.org\/wp-content\/uploads\/2022\/04\/IMG_5106.jpg&quot;,&quot;height&quot;:1067,&quot;width&quot;:1600,&quot;orientation&quot;:&quot;landscape&quot;}}\" style=\"\"><\/span><span><img decoding=\"async\" alt=\"\" data-id=\"28065\" width=\"1440\" height=\"1080\" title=\"ach\u00e8\" src=\"https:\/\/museoverde.org\/wp-content\/uploads\/2022\/04\/ache-1024x768.jpg\" data-src=\"https:\/\/museoverde.org\/wp-content\/uploads\/2022\/04\/ache-1024x768.jpg\" loading=\"lazy\" data-sizes=\"{&quot;thumbnail&quot;:{&quot;height&quot;:150,&quot;width&quot;:150,&quot;url&quot;:&quot;https:\/\/museoverde.org\/wp-content\/uploads\/2022\/04\/ache-150x150.jpg&quot;,&quot;orientation&quot;:&quot;landscape&quot;},&quot;medium&quot;:{&quot;height&quot;:225,&quot;width&quot;:300,&quot;url&quot;:&quot;https:\/\/museoverde.org\/wp-content\/uploads\/2022\/04\/ache-300x225.jpg&quot;,&quot;orientation&quot;:&quot;landscape&quot;},&quot;large&quot;:{&quot;height&quot;:768,&quot;width&quot;:1024,&quot;url&quot;:&quot;https:\/\/museoverde.org\/wp-content\/uploads\/2022\/04\/ache-1024x768.jpg&quot;,&quot;orientation&quot;:&quot;landscape&quot;},&quot;full&quot;:{&quot;url&quot;:&quot;https:\/\/museoverde.org\/wp-content\/uploads\/2022\/04\/ache.jpg&quot;,&quot;height&quot;:1080,&quot;width&quot;:1440,&quot;orientation&quot;:&quot;landscape&quot;}}\" style=\"\"><\/span><\/p>\n<h1 style=\"\">POVOS IND\u00cdGENAS<\/h1>\n<p>Quem s\u00e3o os povos ind\u00edgenas? Nos \u00faltimos anos, v\u00e1rios grupos preferiram se chamar &#8220;povos originais&#8221; para enfatizar que vivem neste continente desde tempos imemoriais e que os europeus n\u00e3o chegaram at\u00e9 o final do s\u00e9culo XV. O que \u00e9 importante n\u00e3o \u00e9 tanto o nome, que pode ser considerado um simples r\u00f3tulo, mas a subst\u00e2ncia e o significado dessas presen\u00e7as minorit\u00e1rias, muitas vezes privadas de visibilidade, desprotegidas, marginalizadas e opostas, no mundo globalizado.<\/p>\n<h2 style=\"text-align: center; color: var(--tcb-skin-color-23)  !important; --tcb-applied-color:var$(--tcb-skin-color-23)  !important;\">AS POPULA\u00c7\u00d5ES ORIGINAIS<\/h2>\n<p style=\"text-align: center; color: var(--tcb-skin-color-3)  !important; --tcb-applied-color:var$(--tcb-skin-color-3)  !important;\">EM CONTACTO COM O MUSEU VERDE<\/p>\n<h4 style=\"text-align: center;\"><a href=\"https:\/\/museoverde.org\/pt-br\/o-gran-chaco\/le-popolazioni-originarie\/ache\/\" style=\"outline: none;\">ACH\u00c9<\/a><\/h4>\n<h4 style=\"text-align: center;\"><a href=\"https:\/\/museoverde.org\/pt-br\/o-gran-chaco\/le-popolazioni-originarie\/wichi\/\" style=\"outline: none;\">WICH\u00cd<\/a><\/h4>\n<h4 style=\"text-align: center;\"><a href=\"https:\/\/museoverde.org\/pt-br\/o-gran-chaco\/le-popolazioni-originarie\/ava-guarani\/\" style=\"outline: none;\">AVA GUARAN\u00cd<\/a><\/h4>\n<h4 style=\"text-align: center;\"><a href=\"https:\/\/museoverde.org\/pt-br\/o-gran-chaco\/le-popolazioni-originarie\/yshyr-chamacoco\/\" style=\"outline: none;\">YSHYR CHAMACOCO<\/a><\/h4>\n<h4 style=\"text-align: center;\"><a href=\"\" style=\"outline: none;\"><\/a><a href=\"https:\/\/museoverde.org\/pt-br\/o-gran-chaco\/le-popolazioni-originarie\/ayoreo\/\" style=\"outline: none;\">AYOREO<\/a><\/h4>\n<h4 style=\"text-align: center;\"><a href=\"\" style=\"outline: none;\"><\/a><a href=\"https:\/\/museoverde.org\/pt-br\/o-gran-chaco\/le-popolazioni-originarie\/kadiweu\/\" style=\"outline: none;\">KADIW\u00c9U<\/a><\/h4>\n<h4 style=\"text-align: center;\"><a href=\"\" style=\"outline: none;\"><\/a><a href=\"https:\/\/museoverde.org\/pt-br\/o-gran-chaco\/le-popolazioni-originarie\/qom\/\" style=\"outline: none;\">QOM<\/a><\/h4>\n<h2 style=\"text-align: left;\">A Rede de Museus Verdes<\/h2>\n<p style=\"text-align: left;\">\n<p style=\"text-align: left;\">No Grande Chaco vivem hoje comunidades pertencentes a 25 grupos \u00e9tnicos ou povos diferentes, agrupados em 10 grupos lingu\u00edsticos diferentes. S\u00e3o o resultado de imigra\u00e7\u00f5es que tiveram lugar na pr\u00e9-hist\u00f3ria do continente asi\u00e1tico e da Oce\u00e2nia, e de migra\u00e7\u00f5es internas subsequentes, conflitos, fus\u00f5es e remodela\u00e7\u00f5es, que continuaram at\u00e9 tempos recentes. O resultado tem sido um quadro cultural complexo, um mosaico de culturas, diferenciadas umas das outras, mas unidas por caracter\u00edsticas comuns.Muito se perdeu, devorado pela globaliza\u00e7\u00e3o, mas muito ficou, gra\u00e7as \u00e0 resili\u00eancia destas pessoas.O Museu Verde, com o objectivo de preservar e valorizar este patrim\u00f3nio, estabeleceu rela\u00e7\u00f5es com comunidades pertencentes a 7 dos 25 povos originais que ainda vivem na \u00e1rea. Estes s\u00e3o Yshir , Ayoreo e Ache no Paraguai, Kadiweo no Pantanal brasileiro, Wichi e Qom na Argentina e Ava Guarani na Bol\u00edvia.<\/p>\n","protected":false},"excerpt":{"rendered":"<p>25 GRUPOS \u00c9TNICOS, 10 GRUPOS LING\u00dc\u00cdSTICOS. UM MOSAICO DE CULTURAS, DIFERENCIADO, MAS COM CARACTER\u00cdSTICAS COMUNS. AS POPULA\u00c7\u00d5ES ORIGINAIS Um patrim\u00f4nio de tradi\u00e7\u00f5es, artesanato, conhecimento e know-how, em grande parte desconhecido para n\u00f3s. &#8220;Os pa\u00edses mais avan\u00e7ados est\u00e3o levando o mundo \u00e0 cat\u00e1strofe, enquanto os povos at\u00e9 agora considerados primitivos est\u00e3o tentando salvar o planeta inteiro. [&hellip;]<\/p>\n","protected":false},"author":3,"featured_media":0,"parent":28594,"menu_order":0,"comment_status":"closed","ping_status":"closed","template":"","meta":{"footnotes":""},"class_list":["post-28600","page","type-page","status-publish","hentry","post-wrapper","thrv_wrapper"],"_links":{"self":[{"href":"https:\/\/museoverde.org\/pt-br\/wp-json\/wp\/v2\/pages\/28600","targetHints":{"allow":["GET"]}}],"collection":[{"href":"https:\/\/museoverde.org\/pt-br\/wp-json\/wp\/v2\/pages"}],"about":[{"href":"https:\/\/museoverde.org\/pt-br\/wp-json\/wp\/v2\/types\/page"}],"author":[{"embeddable":true,"href":"https:\/\/museoverde.org\/pt-br\/wp-json\/wp\/v2\/users\/3"}],"replies":[{"embeddable":true,"href":"https:\/\/museoverde.org\/pt-br\/wp-json\/wp\/v2\/comments?post=28600"}],"version-history":[{"count":9,"href":"https:\/\/museoverde.org\/pt-br\/wp-json\/wp\/v2\/pages\/28600\/revisions"}],"predecessor-version":[{"id":29362,"href":"https:\/\/museoverde.org\/pt-br\/wp-json\/wp\/v2\/pages\/28600\/revisions\/29362"}],"up":[{"embeddable":true,"href":"https:\/\/museoverde.org\/pt-br\/wp-json\/wp\/v2\/pages\/28594"}],"wp:attachment":[{"href":"https:\/\/museoverde.org\/pt-br\/wp-json\/wp\/v2\/media?parent=28600"}],"curies":[{"name":"wp","href":"https:\/\/api.w.org\/{rel}","templated":true}]}}