{"id":28621,"date":"2022-02-14T11:06:58","date_gmt":"2022-02-14T10:06:58","guid":{"rendered":"https:\/\/museoverde.org\/gran-chaco\/le-popolazioni-originarie\/kadiweu\/"},"modified":"2022-05-14T09:34:28","modified_gmt":"2022-05-14T07:34:28","slug":"kadiweu","status":"publish","type":"page","link":"https:\/\/museoverde.org\/pt-br\/o-gran-chaco\/le-popolazioni-originarie\/kadiweu\/","title":{"rendered":"Kadiw\u00e9u"},"content":{"rendered":"<h3 style=\"\">KADIWEU (Caduveo)<\/h3>\n<p>\u200bOs Kadiw\u00e9u s\u00e3o a \u00faltima tribo existente dos famosos Mbaya ou Indios cavaleiros. A literatura hist\u00f3rica certa vez os chamou de &#8220;os cavalheiros indianos&#8221;, devido ao seu status de propriet\u00e1rios de uma vasta manada de cavalos e sua admir\u00e1vel habilidade na arte da equita\u00e7\u00e3o.Eles se estabeleceram no final do s\u00e9culo XVIII no Rio Paraguai e atualmente vivem em um territ\u00f3rio localizado no Estado do Mato Grosso do Sul, em terras que em parte atravessam o Pantanal Matogrossense. De acordo com dados de 2009, existem cerca de 1.800 indiv\u00edduos.A sociedade kadiw\u00e9u foi estruturada em tr\u00eas classes hier\u00e1rquicas: os nobres, os guerreiros e os servos. Esta \u00faltima praticava a agricultura, produzindo alimentos para toda a sociedade. Os guerreiros saquearam e exigiram tributo de seus vizinhos, e raptaram crian\u00e7as de outras tribos para ado\u00e7\u00e3o.As decis\u00f5es pol\u00edticas e decis\u00f5es de interesse geral para o grupo est\u00e3o fortemente centralizadas na figura do capit\u00e3o e seus conselheiros. O direito de controle \u00e9 heredit\u00e1rio e hoje este direito \u00e9 &#8220;naturalmente&#8221; reconhecido ao bisneto mais velho do &#8220;Capit\u00e3ozinho&#8221;, o vener\u00e1vel l\u00edder do passado. Entretanto, as regras s\u00e3o soltas no sentido do sufr\u00e1gio, no que diz respeito \u00e0 lideran\u00e7a: os &#8216;caciques&#8217; s\u00e3o guiados em suas decis\u00f5es por um conselho, composto principalmente por homens mais velhos e experientes. No entanto, deve-se notar que o papel pol\u00edtico dos jovens l\u00edderes \u00e9 igualmente forte. Eles ganham prest\u00edgio principalmente por causa de seu n\u00edvel de educa\u00e7\u00e3o (alguns deles t\u00eam certificado de conclus\u00e3o do ensino m\u00e9dio) e seu dom\u00ednio da l\u00edngua portuguesa, o que \u00e9 muito \u00fatil em negocia\u00e7\u00f5es externas. Algumas fam\u00edlias kadiw\u00e9u ainda vivem em pequenos grupos em lugares do interior da Terra Ind\u00edgena que est\u00e3o mais distantes das principais aldeias.Os kadiw\u00e9u, agora muito reduzidos em n\u00famero, tentam adaptar-se \u00e0 vida que lhes \u00e9 imposta pela sociedade como agricultores e pequenos pastores.Desde o s\u00e9culo XVII, eles tinham sido notados por sua agressividade e atitude guerreira: durante s\u00e9culos se opuseram aos estrangeiros, representando um forte obst\u00e1culo \u00e0 coloniza\u00e7\u00e3o; um marco significativo foi a participa\u00e7\u00e3o dos kadiw\u00e9u na guerra paraguaia. H\u00e1 in\u00fameras narrativas hist\u00f3ricas que evocam detalhes do evento e do desempenho her\u00f3ico, e os Kadiw\u00e9u recontam sua participa\u00e7\u00e3o fundamental nessa guerra. Quando lutaram em nome dos brasileiros e ganharam como recompensa o territ\u00f3rio que hoje habitam.A Terra Ind\u00edgena Kadiw\u00e9u foi oficialmente reconhecida pelo Governo do Estado do Mato Grosso no in\u00edcio do s\u00e9culo XX. Houve a demarca\u00e7\u00e3o de suas terras em 1900 e a emiss\u00e3o de um decreto em 1903 que j\u00e1 estabelecia seus limites naturais como os de hoje. Mas as quest\u00f5es fundi\u00e1rias t\u00eam sido uma constante na hist\u00f3ria do Kadiw\u00e9u. Mais recentemente, a demarca\u00e7\u00e3o de suas terras, conclu\u00edda em 1981, tem sido cercada por muita tens\u00e3o devido \u00e0 presen\u00e7a de invasores. A partir do final dos anos 50, os criadores de gado come\u00e7aram a ocupar a terra com a permiss\u00e3o do SPI (Servi\u00e7o de Prote\u00e7\u00e3o aos \u00cdndios, o predecessor da Funai de hoje). Em 1961, 61 contratos individuais j\u00e1 haviam sido celebrados com novos inquilinos colonizadores. Esta ocupa\u00e7\u00e3o mudou significativamente o uso que os ind\u00edgenas faziam de suas terras. No in\u00edcio dos anos 90, havia 89 fazendas de arrendat\u00e1rios dentro da reserva, cobrindo quase todo o territ\u00f3rio.<\/p>\n<p><span><img decoding=\"async\" alt=\"\" data-id=\"26992\" width=\"2560\" height=\"1315\" title=\"2 c) Riserva CADUVEO\" src=\"https:\/\/museoverde.org\/wp-content\/uploads\/2022\/03\/2-c-Riserva-CADUVEO-1024x526.jpg\" data-src=\"https:\/\/museoverde.org\/wp-content\/uploads\/2022\/03\/2-c-Riserva-CADUVEO-1024x526.jpg\" loading=\"lazy\" data-sizes=\"{&quot;thumbnail&quot;:{&quot;height&quot;:150,&quot;width&quot;:150,&quot;url&quot;:&quot;https:\/\/museoverde.org\/wp-content\/uploads\/2022\/03\/2-c-Riserva-CADUVEO-150x150.jpg&quot;,&quot;orientation&quot;:&quot;landscape&quot;},&quot;medium&quot;:{&quot;height&quot;:154,&quot;width&quot;:300,&quot;url&quot;:&quot;https:\/\/museoverde.org\/wp-content\/uploads\/2022\/03\/2-c-Riserva-CADUVEO-300x154.jpg&quot;,&quot;orientation&quot;:&quot;landscape&quot;},&quot;large&quot;:{&quot;height&quot;:526,&quot;width&quot;:1024,&quot;url&quot;:&quot;https:\/\/museoverde.org\/wp-content\/uploads\/2022\/03\/2-c-Riserva-CADUVEO-1024x526.jpg&quot;,&quot;orientation&quot;:&quot;landscape&quot;},&quot;full&quot;:{&quot;url&quot;:&quot;https:\/\/museoverde.org\/wp-content\/uploads\/2022\/03\/2-c-Riserva-CADUVEO-scaled.jpg&quot;,&quot;height&quot;:1315,&quot;width&quot;:2560,&quot;orientation&quot;:&quot;landscape&quot;}}\" style=\"\"><\/span><span><img decoding=\"async\" alt=\"\" data-id=\"26996\" width=\"922\" height=\"1280\" title=\"A Dona Creuza abbiamo consegnato riproduzioni grafiche di motivi ornamentali tratti da antichi vasi Caduveo copia\" src=\"https:\/\/museoverde.org\/wp-content\/uploads\/2022\/03\/A-Dona-Creuza-abbiamo-consegnato-riproduzioni-grafiche-di-motivi-ornamentali-tratti-da-antichi-vasi-Caduveo-copia-738x1024.jpg\" data-src=\"https:\/\/museoverde.org\/wp-content\/uploads\/2022\/03\/A-Dona-Creuza-abbiamo-consegnato-riproduzioni-grafiche-di-motivi-ornamentali-tratti-da-antichi-vasi-Caduveo-copia-738x1024.jpg\" loading=\"lazy\" data-sizes=\"{&quot;thumbnail&quot;:{&quot;height&quot;:150,&quot;width&quot;:150,&quot;url&quot;:&quot;https:\/\/museoverde.org\/wp-content\/uploads\/2022\/03\/A-Dona-Creuza-abbiamo-consegnato-riproduzioni-grafiche-di-motivi-ornamentali-tratti-da-antichi-vasi-Caduveo-copia-150x150.jpg&quot;,&quot;orientation&quot;:&quot;landscape&quot;},&quot;medium&quot;:{&quot;height&quot;:300,&quot;width&quot;:216,&quot;url&quot;:&quot;https:\/\/museoverde.org\/wp-content\/uploads\/2022\/03\/A-Dona-Creuza-abbiamo-consegnato-riproduzioni-grafiche-di-motivi-ornamentali-tratti-da-antichi-vasi-Caduveo-copia-216x300.jpg&quot;,&quot;orientation&quot;:&quot;portrait&quot;},&quot;large&quot;:{&quot;height&quot;:1024,&quot;width&quot;:738,&quot;url&quot;:&quot;https:\/\/museoverde.org\/wp-content\/uploads\/2022\/03\/A-Dona-Creuza-abbiamo-consegnato-riproduzioni-grafiche-di-motivi-ornamentali-tratti-da-antichi-vasi-Caduveo-copia-738x1024.jpg&quot;,&quot;orientation&quot;:&quot;portrait&quot;},&quot;full&quot;:{&quot;url&quot;:&quot;https:\/\/museoverde.org\/wp-content\/uploads\/2022\/03\/A-Dona-Creuza-abbiamo-consegnato-riproduzioni-grafiche-di-motivi-ornamentali-tratti-da-antichi-vasi-Caduveo-copia.jpg&quot;,&quot;height&quot;:1280,&quot;width&quot;:922,&quot;orientation&quot;:&quot;portrait&quot;}}\" style=\"\"><\/span><span><img decoding=\"async\" alt=\"\" data-id=\"27000\" width=\"1448\" height=\"1064\" title=\"Gli affreschi che decorano la scuola elementare di Sao Joao sono ispirati dalle sue illustrazioni copia\" src=\"https:\/\/museoverde.org\/wp-content\/uploads\/2022\/03\/Gli-affreschi-che-decorano-la-scuola-elementare-di-Sao-Joao-sono-ispirati-dalle-sue-illustrazioni-copia-1024x752.jpg\" data-src=\"https:\/\/museoverde.org\/wp-content\/uploads\/2022\/03\/Gli-affreschi-che-decorano-la-scuola-elementare-di-Sao-Joao-sono-ispirati-dalle-sue-illustrazioni-copia-1024x752.jpg\" loading=\"lazy\" data-sizes=\"{&quot;thumbnail&quot;:{&quot;height&quot;:150,&quot;width&quot;:150,&quot;url&quot;:&quot;https:\/\/museoverde.org\/wp-content\/uploads\/2022\/03\/Gli-affreschi-che-decorano-la-scuola-elementare-di-Sao-Joao-sono-ispirati-dalle-sue-illustrazioni-copia-150x150.jpg&quot;,&quot;orientation&quot;:&quot;landscape&quot;},&quot;medium&quot;:{&quot;height&quot;:220,&quot;width&quot;:300,&quot;url&quot;:&quot;https:\/\/museoverde.org\/wp-content\/uploads\/2022\/03\/Gli-affreschi-che-decorano-la-scuola-elementare-di-Sao-Joao-sono-ispirati-dalle-sue-illustrazioni-copia-300x220.jpg&quot;,&quot;orientation&quot;:&quot;landscape&quot;},&quot;large&quot;:{&quot;height&quot;:752,&quot;width&quot;:1024,&quot;url&quot;:&quot;https:\/\/museoverde.org\/wp-content\/uploads\/2022\/03\/Gli-affreschi-che-decorano-la-scuola-elementare-di-Sao-Joao-sono-ispirati-dalle-sue-illustrazioni-copia-1024x752.jpg&quot;,&quot;orientation&quot;:&quot;landscape&quot;},&quot;full&quot;:{&quot;url&quot;:&quot;https:\/\/museoverde.org\/wp-content\/uploads\/2022\/03\/Gli-affreschi-che-decorano-la-scuola-elementare-di-Sao-Joao-sono-ispirati-dalle-sue-illustrazioni-copia.jpg&quot;,&quot;height&quot;:1064,&quot;width&quot;:1448,&quot;orientation&quot;:&quot;landscape&quot;}}\" style=\"\"><\/span><span><img decoding=\"async\" alt=\"\" data-id=\"27004\" width=\"777\" height=\"1599\" title=\"la riserva Caduveo. Terre donate dal Governo brasiliano come compensazione per la partecipazione alla guerra della Triplice a met\u00e0 '800\" src=\"https:\/\/museoverde.org\/wp-content\/uploads\/2022\/03\/la-riserva-Caduveo.-Terre-donate-dal-Governo-brasiliano-come-compensazione-per-la-partecipazione-alla-guerra-della-Triplice-a-meta-800-498x1024.jpg\" data-src=\"https:\/\/museoverde.org\/wp-content\/uploads\/2022\/03\/la-riserva-Caduveo.-Terre-donate-dal-Governo-brasiliano-come-compensazione-per-la-partecipazione-alla-guerra-della-Triplice-a-meta-800-498x1024.jpg\" loading=\"lazy\" data-sizes=\"{&quot;thumbnail&quot;:{&quot;height&quot;:150,&quot;width&quot;:150,&quot;url&quot;:&quot;https:\/\/museoverde.org\/wp-content\/uploads\/2022\/03\/la-riserva-Caduveo.-Terre-donate-dal-Governo-brasiliano-come-compensazione-per-la-partecipazione-alla-guerra-della-Triplice-a-meta-800-150x150.jpg&quot;,&quot;orientation&quot;:&quot;landscape&quot;},&quot;medium&quot;:{&quot;height&quot;:300,&quot;width&quot;:146,&quot;url&quot;:&quot;https:\/\/museoverde.org\/wp-content\/uploads\/2022\/03\/la-riserva-Caduveo.-Terre-donate-dal-Governo-brasiliano-come-compensazione-per-la-partecipazione-alla-guerra-della-Triplice-a-meta-800-146x300.jpg&quot;,&quot;orientation&quot;:&quot;portrait&quot;},&quot;large&quot;:{&quot;height&quot;:1024,&quot;width&quot;:498,&quot;url&quot;:&quot;https:\/\/museoverde.org\/wp-content\/uploads\/2022\/03\/la-riserva-Caduveo.-Terre-donate-dal-Governo-brasiliano-come-compensazione-per-la-partecipazione-alla-guerra-della-Triplice-a-meta-800-498x1024.jpg&quot;,&quot;orientation&quot;:&quot;portrait&quot;},&quot;full&quot;:{&quot;url&quot;:&quot;https:\/\/museoverde.org\/wp-content\/uploads\/2022\/03\/la-riserva-Caduveo.-Terre-donate-dal-Governo-brasiliano-come-compensazione-per-la-partecipazione-alla-guerra-della-Triplice-a-meta-800.jpg&quot;,&quot;height&quot;:1599,&quot;width&quot;:777,&quot;orientation&quot;:&quot;portrait&quot;}}\" style=\"\"><\/span><span><img decoding=\"async\" alt=\"\" data-id=\"27008\" width=\"512\" height=\"288\" title=\"VUAJxQnw (1)\" src=\"https:\/\/museoverde.org\/wp-content\/uploads\/2022\/03\/VUAJxQnw-1-300x169.jpeg\" data-src=\"https:\/\/museoverde.org\/wp-content\/uploads\/2022\/03\/VUAJxQnw-1-300x169.jpeg\" loading=\"lazy\" data-sizes=\"{&quot;thumbnail&quot;:{&quot;height&quot;:150,&quot;width&quot;:150,&quot;url&quot;:&quot;https:\/\/museoverde.org\/wp-content\/uploads\/2022\/03\/VUAJxQnw-1-150x150.jpeg&quot;,&quot;orientation&quot;:&quot;landscape&quot;},&quot;medium&quot;:{&quot;height&quot;:169,&quot;width&quot;:300,&quot;url&quot;:&quot;https:\/\/museoverde.org\/wp-content\/uploads\/2022\/03\/VUAJxQnw-1-300x169.jpeg&quot;,&quot;orientation&quot;:&quot;landscape&quot;},&quot;full&quot;:{&quot;url&quot;:&quot;https:\/\/museoverde.org\/wp-content\/uploads\/2022\/03\/VUAJxQnw-1.jpeg&quot;,&quot;height&quot;:288,&quot;width&quot;:512,&quot;orientation&quot;:&quot;landscape&quot;}}\" style=\"\"><\/span><\/p>\n","protected":false},"excerpt":{"rendered":"<p>KADIWEU (Caduveo) \u200bOs Kadiw\u00e9u s\u00e3o a \u00faltima tribo existente dos famosos Mbaya ou Indios cavaleiros. A literatura hist\u00f3rica certa vez os chamou de &#8220;os cavalheiros indianos&#8221;, devido ao seu status de propriet\u00e1rios de uma vasta manada de cavalos e sua admir\u00e1vel habilidade na arte da equita\u00e7\u00e3o.Eles se estabeleceram no final do s\u00e9culo XVIII no Rio [&hellip;]<\/p>\n","protected":false},"author":3,"featured_media":0,"parent":28600,"menu_order":0,"comment_status":"closed","ping_status":"closed","template":"","meta":{"footnotes":""},"class_list":["post-28621","page","type-page","status-publish","hentry","post-wrapper","thrv_wrapper"],"_links":{"self":[{"href":"https:\/\/museoverde.org\/pt-br\/wp-json\/wp\/v2\/pages\/28621","targetHints":{"allow":["GET"]}}],"collection":[{"href":"https:\/\/museoverde.org\/pt-br\/wp-json\/wp\/v2\/pages"}],"about":[{"href":"https:\/\/museoverde.org\/pt-br\/wp-json\/wp\/v2\/types\/page"}],"author":[{"embeddable":true,"href":"https:\/\/museoverde.org\/pt-br\/wp-json\/wp\/v2\/users\/3"}],"replies":[{"embeddable":true,"href":"https:\/\/museoverde.org\/pt-br\/wp-json\/wp\/v2\/comments?post=28621"}],"version-history":[{"count":1,"href":"https:\/\/museoverde.org\/pt-br\/wp-json\/wp\/v2\/pages\/28621\/revisions"}],"predecessor-version":[{"id":28728,"href":"https:\/\/museoverde.org\/pt-br\/wp-json\/wp\/v2\/pages\/28621\/revisions\/28728"}],"up":[{"embeddable":true,"href":"https:\/\/museoverde.org\/pt-br\/wp-json\/wp\/v2\/pages\/28600"}],"wp:attachment":[{"href":"https:\/\/museoverde.org\/pt-br\/wp-json\/wp\/v2\/media?parent=28621"}],"curies":[{"name":"wp","href":"https:\/\/api.w.org\/{rel}","templated":true}]}}