{"id":28632,"date":"2022-02-16T09:51:00","date_gmt":"2022-02-16T08:51:00","guid":{"rendered":"https:\/\/museoverde.org\/gran-chaco\/sulle-tracce-dei-pionieri\/"},"modified":"2022-05-14T09:39:23","modified_gmt":"2022-05-14T07:39:23","slug":"sulle-tracce-dei-pionieri","status":"publish","type":"page","link":"https:\/\/museoverde.org\/pt-br\/o-gran-chaco\/sulle-tracce-dei-pionieri\/","title":{"rendered":"Sulle Tracce dei Pionieri"},"content":{"rendered":"<h1 style=\"text-align: center;\">NO RASTO DOS PIONEIROS<\/h1>\n<p style=\"text-align: center;\">No Chaco, a mem\u00f3ria das pessoas que se aventuraram nestes territ\u00f3rios nos s\u00e9culos XIX e XX e entraram em contacto com os povos ind\u00edgenas que os habitavam ainda est\u00e1 viva.\u00c9 gra\u00e7as a eles que os artefactos culturais desse per\u00edodo s\u00e3o agora preservados nos museus europeus.Guido Boggiani recolheu objectos das etnias que vivem ao longo do rio Paraguai, que s\u00e3o agora guardados no Museo Preistorico Etnografico Luigi Pigorini em Roma.Doroteo Giannecchini trouxe para It\u00e1lia uma colec\u00e7\u00e3o de artefactos dos povos do rio Pilcomayo. Foram apresentados na Exposi\u00e7\u00e3o de Turim de 1898 e podem agora ser vistos no Museu de Antropologia e Etnologia do sistema museol\u00f3gico da Universidade de Floren\u00e7a.<\/p>\n<p><span style=\"\"><img decoding=\"async\" alt=\"\" data-id=\"27225\" width=\"432\" data-init-width=\"320\" height=\"243\" data-init-height=\"180\" title=\"mqdefault\" loading=\"lazy\" src=\"https:\/\/museoverde.org\/wp-content\/uploads\/2022\/03\/mqdefault.jpg\" data-width=\"432\" data-height=\"243\" style=\"\" ml-d=\"-65\" center-h-d=\"false\"><\/span><\/p>\n<h3 style=\"\">Guido Boggiani<\/h3>\n<p>Guido Boggiani (Omegna &#8211; Novara, Setembro 1861 &#8211; Chaco, Paraguai, 1901) foi um pintor, desenhador, fot\u00f3grafo e etn\u00f3logo italiano que se aventurou nas terras quase desconhecidas do Paraguai em 1887 para documentar a vida dos \u00edndios locais.Boggiani dedicou-se a documentar as culturas nativas atrav\u00e9s da ci\u00eancia e da arte; explorou a inacess\u00edvel regi\u00e3o do Chaco em v\u00e1rias ocasi\u00f5es; estudou em profundidade a etnografia de povos ind\u00edgenas como os Chamacocos, os Kadiweu, os Guan\u00e1, os Qom, as L\u00ednguas, as Angait\u00e9s e os Sanapanas. Atrav\u00e9s de confer\u00eancias e publica\u00e7\u00f5es em revistas especializadas em Asunci\u00f3n, Buenos Aires e Roma, divulgou os valiosos resultados da sua investiga\u00e7\u00e3o. Publicou artigos em defesa da l\u00edngua Guarani e reuniu uma importante colec\u00e7\u00e3o de objectos e fotografias das popula\u00e7\u00f5es que estudou. Ele morreu no Chaco, durante uma das suas explora\u00e7\u00f5es. A sua morte gerou uma grande emo\u00e7\u00e3o na sociedade intelectual paraguaia.Para saber mais sobre a sua vida e trabalho, descarregar as notas sobre Guido Boggiani escritas por Gherardo La Francesca.<\/p>\n<p><span style=\"\"><img decoding=\"async\" alt=\"\" data-id=\"27391\" width=\"432\" data-init-width=\"500\" height=\"243\" data-init-height=\"566\" title=\"giannecchini\" loading=\"lazy\" src=\"https:\/\/museoverde.org\/wp-content\/uploads\/2022\/03\/giannecchini.jpg\" data-width=\"432\" data-height=\"243\" style=\"\" ml-d=\"-65\" center-h-d=\"false\"><\/span><\/p>\n<h3 style=\"\">Doroteo Giannecchini<\/h3>\n<p>Doroteo Giannecchini (Pascoso di Pescaglia, Lucca, 1837 &#8211; Tolomosa Grande, Bol\u00edvia, 1900), foi um mission\u00e1rio franciscano que se dedicou a explorar e estudar as culturas ind\u00edgenas do Chaco.Depois de conhecer o Padre Joseph Matraya Ricci, que viveu muitos anos no Peru e na Bol\u00edvia, Giannecchini amadureceu a decis\u00e3o de partir como mission\u00e1rio na Am\u00e9rica Latina. A 21 de Junho de 1859 embarca em G\u00e9nova e chega ao porto de Montevideu a 28 de Agosto. De l\u00e1, por terra, chegou a Tarija, Bol\u00edvia, na noite de 4 de Janeiro de 1860.O convento de Tarija foi o col\u00e9gio de Propaganda Fide que incluiu na sua circunscri\u00e7\u00e3o mission\u00e1ria as redu\u00e7\u00f5es Guarani do Chaco.G. foi enviado pelo prefeito Padre Joseph Giannelli para a redu\u00e7\u00e3o recentemente fundada dos Chiriguanos, Noctenes e Tobas de S\u00e3o Francisco Solano nas margens do Pilcomayo (um afluente do rio Paraguai). Dedicou-se imediatamente ao estudo das l\u00ednguas ind\u00edgenas, dominando rapidamente Chiriguano em particular. A partir da\u00ed foi para a redu\u00e7\u00e3o de Tarair\u00ed, que ainda estava a ser fundada, e mais tarde para a de Caiza.Ap\u00f3s presidir \u00e0s redu\u00e7\u00f5es como conversor, que se tornaram mais problem\u00e1ticas devido \u00e0 press\u00e3o dos propriet\u00e1rios de terras, regressou ao convento de S\u00e3o Francisco de Tarija em 1892 para se dedicar a escrever um dicion\u00e1rio Chiriguano-Espanhol.Em 1895 regressou a It\u00e1lia \u00e0 procura de mission\u00e1rios. Em Novembro de 1898 regressou \u00e0 Bol\u00edvia, onde retomou a sua actividade mission\u00e1ria e a escrita do dicion\u00e1rio. Morreu em Tolomosa Grande a 9 de Abril de 1900.Para saber mais sobre a sua vida e obra, descarregar as notas sobre Domenico Giannecchini escritas por Gherardo La Francesca.<\/p>\n","protected":false},"excerpt":{"rendered":"<p>NO RASTO DOS PIONEIROS No Chaco, a mem\u00f3ria das pessoas que se aventuraram nestes territ\u00f3rios nos s\u00e9culos XIX e XX e entraram em contacto com os povos ind\u00edgenas que os habitavam ainda est\u00e1 viva.\u00c9 gra\u00e7as a eles que os artefactos culturais desse per\u00edodo s\u00e3o agora preservados nos museus europeus.Guido Boggiani recolheu objectos das etnias que [&hellip;]<\/p>\n","protected":false},"author":3,"featured_media":0,"parent":28594,"menu_order":0,"comment_status":"closed","ping_status":"closed","template":"","meta":{"footnotes":""},"class_list":["post-28632","page","type-page","status-publish","hentry","post-wrapper","thrv_wrapper"],"_links":{"self":[{"href":"https:\/\/museoverde.org\/pt-br\/wp-json\/wp\/v2\/pages\/28632","targetHints":{"allow":["GET"]}}],"collection":[{"href":"https:\/\/museoverde.org\/pt-br\/wp-json\/wp\/v2\/pages"}],"about":[{"href":"https:\/\/museoverde.org\/pt-br\/wp-json\/wp\/v2\/types\/page"}],"author":[{"embeddable":true,"href":"https:\/\/museoverde.org\/pt-br\/wp-json\/wp\/v2\/users\/3"}],"replies":[{"embeddable":true,"href":"https:\/\/museoverde.org\/pt-br\/wp-json\/wp\/v2\/comments?post=28632"}],"version-history":[{"count":2,"href":"https:\/\/museoverde.org\/pt-br\/wp-json\/wp\/v2\/pages\/28632\/revisions"}],"predecessor-version":[{"id":28733,"href":"https:\/\/museoverde.org\/pt-br\/wp-json\/wp\/v2\/pages\/28632\/revisions\/28733"}],"up":[{"embeddable":true,"href":"https:\/\/museoverde.org\/pt-br\/wp-json\/wp\/v2\/pages\/28594"}],"wp:attachment":[{"href":"https:\/\/museoverde.org\/pt-br\/wp-json\/wp\/v2\/media?parent=28632"}],"curies":[{"name":"wp","href":"https:\/\/api.w.org\/{rel}","templated":true}]}}