{"id":28635,"date":"2022-02-11T12:24:18","date_gmt":"2022-02-11T11:24:18","guid":{"rendered":"https:\/\/museoverde.org\/libri\/"},"modified":"2022-06-02T09:46:47","modified_gmt":"2022-06-02T07:46:47","slug":"livros","status":"publish","type":"page","link":"https:\/\/museoverde.org\/pt-br\/livros\/","title":{"rendered":"Livros"},"content":{"rendered":"<h1 style=\"text-align: center;\">LIVROS<\/h1>\n<p><span><img decoding=\"async\" alt=\"\" data-id=\"26297\" width=\"500\" data-init-width=\"536\" height=\"700\" data-init-height=\"750\" title=\"L'ultimo_Sciamano_Museo_Verde\" loading=\"lazy\" src=\"https:\/\/museoverde.org\/wp-content\/uploads\/2022\/02\/Lultimo_Sciamano_Museo_Verde.jpg\" data-width=\"500\" data-height=\"700\"><\/span><\/p>\n<h2 style=\"\">Karcha Bahlut, O \u00daltimo Xam\u00e3.<\/h2>\n<p>Leonardo Cioni \u00e9 um diplomata italiano que acaba de completar sua miss\u00e3o.Ele se muda para o Paraguai, um pa\u00eds onde o tempo parece estar parado, onde vest\u00edgios do passado s\u00e3o surpreendentemente acess\u00edveis. Aqui ele encontrou a personalidade de Guido Boggiani, um artista, fot\u00f3grafo e explorador que viveu durante a Belle Epoque e se mudou para o Paraguai, e que acabou exercendo uma esp\u00e9cie de fasc\u00ednio sobre ele.<\/p>\n<p><span style=\"\"><img decoding=\"async\" alt=\"\" data-id=\"26304\" width=\"494\" data-init-width=\"636\" height=\"699\" data-init-height=\"900\" title=\"I-popoli-del-gran-chaco_Museo_Verde\" loading=\"lazy\" src=\"https:\/\/museoverde.org\/wp-content\/uploads\/2022\/02\/I-popoli-del-gran-chaco_Museo_Verde.jpg\" data-width=\"494\" data-height=\"699\" mt-d=\"-104\" style=\"\" center-v-d=\"false\" mt-t=\"-73\" center-v-t=\"false\" mt-m=\"-71.86200000000002\"><\/span><\/p>\n<h2>Povos do Gran Chaco<\/h2>\n<p style=\"\"><span style=\"\">\u00e9 uma cole\u00e7\u00e3o de ensaios de antrop\u00f3logos, historiadores, diretores de teatro, economistas e arquitetos, editada por Gherardo La Francesca, criador do Museu Verde, uma associa\u00e7\u00e3o que realiza iniciativas destinadas a preservar e valorizar as culturas ind\u00edgenas da regi\u00e3o<\/span><\/p>\n<h2 style=\"text-align: left;\">O escritor<\/h2>\n<p style=\"text-align: left;\">Gherardo La Francesca foi diplomata na Gr\u00e9cia, Egito, Jap\u00e3o, Argentina, Chipre e terminou sua carreira em 2012 como Embaixador no Brasil.Realizou exposi\u00e7\u00f5es fotogr\u00e1ficas em Nic\u00f3sia, Ravello, Bras\u00edlia e Asunci\u00f2n.<\/p>\n<h2 style=\"text-align: left;\">O escritor<\/h2>\n<p style=\"text-align: left;\">Gherardo La Francesca foi diplomata na Gr\u00e9cia, Egito, Jap\u00e3o, Argentina, Chipre e terminou sua carreira em 2012 como Embaixador no Brasil.Realizou exposi\u00e7\u00f5es fotogr\u00e1ficas em Nic\u00f3sia, Ravello, Bras\u00edlia e Asunci\u00f2n.<\/p>\n","protected":false},"excerpt":{"rendered":"<p>LIVROS Karcha Bahlut, O \u00daltimo Xam\u00e3. Leonardo Cioni \u00e9 um diplomata italiano que acaba de completar sua miss\u00e3o.Ele se muda para o Paraguai, um pa\u00eds onde o tempo parece estar parado, onde vest\u00edgios do passado s\u00e3o surpreendentemente acess\u00edveis. Aqui ele encontrou a personalidade de Guido Boggiani, um artista, fot\u00f3grafo e explorador que viveu durante a [&hellip;]<\/p>\n","protected":false},"author":3,"featured_media":0,"parent":0,"menu_order":0,"comment_status":"closed","ping_status":"closed","template":"","meta":{"footnotes":""},"class_list":["post-28635","page","type-page","status-publish","hentry","post-wrapper","thrv_wrapper"],"_links":{"self":[{"href":"https:\/\/museoverde.org\/pt-br\/wp-json\/wp\/v2\/pages\/28635","targetHints":{"allow":["GET"]}}],"collection":[{"href":"https:\/\/museoverde.org\/pt-br\/wp-json\/wp\/v2\/pages"}],"about":[{"href":"https:\/\/museoverde.org\/pt-br\/wp-json\/wp\/v2\/types\/page"}],"author":[{"embeddable":true,"href":"https:\/\/museoverde.org\/pt-br\/wp-json\/wp\/v2\/users\/3"}],"replies":[{"embeddable":true,"href":"https:\/\/museoverde.org\/pt-br\/wp-json\/wp\/v2\/comments?post=28635"}],"version-history":[{"count":11,"href":"https:\/\/museoverde.org\/pt-br\/wp-json\/wp\/v2\/pages\/28635\/revisions"}],"predecessor-version":[{"id":29218,"href":"https:\/\/museoverde.org\/pt-br\/wp-json\/wp\/v2\/pages\/28635\/revisions\/29218"}],"wp:attachment":[{"href":"https:\/\/museoverde.org\/pt-br\/wp-json\/wp\/v2\/media?parent=28635"}],"curies":[{"name":"wp","href":"https:\/\/api.w.org\/{rel}","templated":true}]}}